{"id":600,"date":"2025-05-26T14:35:41","date_gmt":"2025-05-26T17:35:41","guid":{"rendered":"https:\/\/muitodocejundiai.com.br\/loja\/?page_id=600"},"modified":"2025-05-26T15:16:19","modified_gmt":"2025-05-26T18:16:19","slug":"reembolso_devolucoes","status":"publish","type":"page","link":"https:\/\/muitodoce.com.br\/loja\/reembolso_devolucoes\/","title":{"rendered":"Pol\u00edtica de reembolso e devolu\u00e7\u00f5es"},"content":{"rendered":"<p>[et_pb_section fb_built=&#8221;1&#8243; _builder_version=&#8221;4.27.4&#8243; _module_preset=&#8221;default&#8221; global_colors_info=&#8221;{}&#8221; theme_builder_area=&#8221;post_content&#8221;][et_pb_row _builder_version=&#8221;4.27.4&#8243; _module_preset=&#8221;default&#8221; global_colors_info=&#8221;{}&#8221; theme_builder_area=&#8221;post_content&#8221;][et_pb_column type=&#8221;4_4&#8243; _builder_version=&#8221;4.27.4&#8243; _module_preset=&#8221;default&#8221; global_colors_info=&#8221;{}&#8221; theme_builder_area=&#8221;post_content&#8221;][et_pb_text _builder_version=&#8221;4.27.4&#8243; _module_preset=&#8221;default&#8221; text_font_size=&#8221;16px&#8221; header_2_font=&#8221;Montserrat|700|||||||&#8221; header_2_text_color=&#8221;#6c4197&#8243; header_2_font_size=&#8221;28px&#8221; header_2_line_height=&#8221;1.2em&#8221; header_3_font=&#8221;|700|||||||&#8221; header_3_text_align=&#8221;center&#8221; custom_margin=&#8221;||||false|false&#8221; custom_padding=&#8221;||||false|false&#8221; hover_enabled=&#8221;0&#8243; locked=&#8221;off&#8221; global_colors_info=&#8221;{}&#8221; theme_builder_area=&#8221;post_content&#8221; sticky_enabled=&#8221;0&#8243;]<\/p>\n<h2 style=\"text-align: center;\">Pol\u00edtica de Troca e Devolu\u00e7\u00e3o<\/h2>\n<p>[\/et_pb_text][et_pb_text _builder_version=&#8221;4.27.4&#8243; _module_preset=&#8221;default&#8221; hover_enabled=&#8221;0&#8243; global_colors_info=&#8221;{}&#8221; theme_builder_area=&#8221;post_content&#8221; sticky_enabled=&#8221;0&#8243;]<\/p>\n<p>Nossa empresa tem muito respeito por seus clientes e para manter a credibilidade conquistada com o tempo e a transpar\u00eancia nessa rela\u00e7\u00e3o, criou uma pol\u00edtica de troca e devolu\u00e7\u00e3o com base no C\u00f3digo de Defesa do Consumidor e nas necessidades dos mesmos, esclarecendo quaisquer d\u00favidas em rela\u00e7\u00e3o a esse assunto e mantendo a satisfa\u00e7\u00e3o e confian\u00e7a nas compras realizadas na empresa.<\/p>\n<p>Na POL\u00cdTICA DE TROCA E DEVOLU\u00c7\u00c3O, encontram-se duas situa\u00e7\u00f5es previstas:<br \/>1. Desist\u00eancia da Compra<br \/>2. V\u00edcio de Produto<\/p>\n<p><strong>1 \u2013 DESIST\u00caNCIA DA COMPRA:<\/strong><br \/>As devolu\u00e7\u00f5es por desist\u00eancia da compra ser\u00e3o aceitas quando:<br \/>1.1 A solicita\u00e7\u00e3o for feita em at\u00e9 07 dias corridos ap\u00f3s o recebimento do produto, conforme artigo 49 do CODECON.<br \/>1.2 N\u00e3o haja viola\u00e7\u00e3o da embalagem e\/ou do lacre, ou qualquer ind\u00edcio de uso do produto.<br \/>1.3 O produto esteja acompanhado de sua respectiva Nota Fiscal e na Embalagem Original.<br \/>1.4 Junto \u00e0 Nota Fiscal, haja uma carta com as seguintes informa\u00e7\u00f5es:<br \/>a ) C\u00f3digo de Autoriza\u00e7\u00e3o (obtido na Central de Atendimento)<br \/>b ) Seu nome completo<br \/>c ) Seu endere\u00e7o completo<br \/>d ) N\u00famero do seu pedido<br \/>e ) Nome do produto a ser devolvido<br \/>1.5 Instru\u00e7\u00f5es para Devolu\u00e7\u00e3o por Desist\u00eancia da Compra (Esse procedimento s\u00f3 deve ser realizado ap\u00f3s contato com a central de atendimento da empresa):<br \/>Esse procedimento atende aos clientes de todo o territ\u00f3rio nacional. O produto dever\u00e1 ser remetido atrav\u00e9s de Carta Registrada para o endere\u00e7o abaixo:<br \/><strong>Muito Doce \u2013 <span>Av. S\u00e3o Jo\u00e3o, 457 &#8211; Vila Joana, Jundia\u00ed &#8211; SP, 13216-000<\/span><\/strong><br \/>1.6 Restitui\u00e7\u00e3o do Valor Pago:<br \/>Se houver realmente a desist\u00eancia da compra e a mercadoria for devolvida, a restitui\u00e7\u00e3o do valor do produto ser\u00e1 feita de acordo com a forma de pagamento escolhida pelo cliente na hora da compra.<br \/>Caso a compra seja feita em cart\u00e3o de cr\u00e9dito, o estorno pode ocorrer em at\u00e9 2 faturas subseq\u00fcentes. Para as demais formas de pagamento (cheque, boleto banc\u00e1rio, dep\u00f3sito em conta e d\u00e9bito autom\u00e1tico) , o reembolso em cheque ocorrer\u00e1 em at\u00e9 15 dias \u00fateis ap\u00f3s a an\u00e1lise da devolu\u00e7\u00e3o pela empresa.<br \/>\u00c9 importante lembrar que a restitui\u00e7\u00e3o dos valores s\u00f3 ocorrer\u00e1 ap\u00f3s o recebimento e an\u00e1lise das condi\u00e7\u00f5es do(s) produto(s) por nossa empresa.<br \/>O prazo para restitui\u00e7\u00e3o\/estorno do valor pago inicia-se somente ap\u00f3s o recebimento do produto devolvido no dep\u00f3sito da empresa, e checagem de suas condi\u00e7\u00f5es. Se houver ind\u00edcio de uso ou se o produto n\u00e3o estiver acompanhado da Nota Fiscal, a devolu\u00e7\u00e3o n\u00e3o ser\u00e1 aceita, sendo o produto encaminhado novamente ao endere\u00e7o do remetente.<\/p>\n<p><strong>2 \u2013 V\u00cdCIO DE PRODUTO:<\/strong><br \/>Caso seja constatado algum tipo de v\u00edcio no produto que o torne impr\u00f3prio, inadequado, ou lhe diminua o valor original, a empresa se responsabiliza pelo atendimento ao consumidor.<br \/>Quando do recebimento do produto pelo cliente, se forem constatados danos causados por manuseio ou transporte, ou se for verificada qualquer irregularidade, o cliente dever\u00e1 entrar em contato IMEDIATAMENTE com a Central de Atendimento da empresa.<br \/>Caso n\u00e3o seja verificado nenhum problema no ato do recebimento, o consumidor ter\u00e1 um prazo de 90 dias (artigo 26, II do CODECON), para reclamar \u00e0 empresa qualquer v\u00edcio detectado neste per\u00edodo.<br \/>Para os produtos que tenham Assist\u00eancia T\u00e9cnica no Brasil, as reclama\u00e7\u00f5es dever\u00e3o ser direcionadas aos postos autorizados.<br \/>Desta forma, o atendimento surtir\u00e1 um melhor resultado, uma vez que a empresa n\u00e3o disp\u00f5e de conhecimentos t\u00e9cnicos profundos acerca dos produtos que comercializa, mas apenas das informa\u00e7\u00f5es relativas as sua caracter\u00edsticas essenciais, bem como suas condi\u00e7\u00f5es de qualidade e seguran\u00e7a, necess\u00e1rias \u00e0 comercializa\u00e7\u00e3o que realiza.<br \/>N\u00e3o sendo sanado o problema ap\u00f3s o contato com a Assist\u00eancia T\u00e9cnica, o consumidor dever\u00e1 fazer contato com a Central de Atendimento, e solicitar a troca por um produto novo.<br \/>As devolu\u00e7\u00f5es para troca por v\u00edcio de Produto ser\u00e3o aceitas caso:<br \/>2.1 O produto esteja acompanhado de sua respectiva Nota Fiscal e na Embalagem Original.<br \/>2.2 O produto esteja acompanhado de seus manuais, certificados e acess\u00f3rios.<br \/>2.3 Junto \u00e0 Nota Fiscal, haja uma carta com as seguintes informa\u00e7\u00f5es:<br \/>a ) C\u00f3digo de Autoriza\u00e7\u00e3o (obtido na Central de Atendimento)<br \/>b ) Seu nome completo<br \/>c ) Seu endere\u00e7o completo<br \/>d ) N\u00famero do seu pedido<br \/>e ) Nome do produto a ser devolvido<br \/>f ) Motivo da devolu\u00e7\u00e3o do produto<br \/>2.4 Instru\u00e7\u00f5es para Devolu\u00e7\u00f5es para Troca por v\u00edcio de Produto:<br \/>Esse procedimento atende aos clientes de todo o territ\u00f3rio nacional. O produto dever\u00e1 ser remetido atrav\u00e9s de Carta Registrada para o endere\u00e7o abaixo:<br \/><strong>Muito Doce \u2013 <span>Av. S\u00e3o Jo\u00e3o, 457 &#8211; Vila Joana, Jundia\u00ed &#8211; SP, 13216-000<\/span><\/strong><br \/>O prazo para a efetiva\u00e7\u00e3o da troca por v\u00edcio do produto inicia-se somente ap\u00f3s o recebimento do produto no dep\u00f3sito da empresa, e checagem de suas condi\u00e7\u00f5es. Se houver ind\u00edcio de v\u00edcio decorrente de mau uso, ou se o produto n\u00e3o estiver acompanhado da Nota Fiscal, a devolu\u00e7\u00e3o n\u00e3o ser\u00e1 aceita, sendo o produto encaminhado novamente ao endere\u00e7o do remetente.<br \/>No prazo de at\u00e9 2 dias \u00fateis do recebimento do produto, a empresa confirmar\u00e1 ter feito a checagem de suas condi\u00e7\u00f5es para o cliente.<\/p>\n<p>Caso ap\u00f3s a leitura permane\u00e7a ainda alguma d\u00favida, a empresa solicita o seu contato com a Central de Atendimento, pelos telefones<strong> <a href=\"https:\/\/wa.me\/11911992818\" target=\"_blank\" rel=\"noopener\">(11) 91199-2818, <\/a><a href=\"https:\/\/wa.me\/11911802818\" target=\"_blank\" rel=\"noopener\">(11) 91180-2818<\/a> <\/strong>ou pelo endere\u00e7o eletr\u00f4nico <strong><a href=\"mailto:muitodoce@yahoo.com.br\">muitodoce@yahoo.com.br<\/a>.<\/strong><\/p>\n<p>[\/et_pb_text][\/et_pb_column][\/et_pb_row][\/et_pb_section]<\/p>\n","protected":false},"excerpt":{"rendered":"<p>Pol\u00edtica de Troca e Devolu\u00e7\u00e3oNossa empresa tem muito respeito por seus clientes e para manter a credibilidade conquistada com o tempo e a transpar\u00eancia nessa rela\u00e7\u00e3o, criou uma pol\u00edtica de troca e devolu\u00e7\u00e3o com base no C\u00f3digo de Defesa do Consumidor e nas necessidades dos mesmos, esclarecendo quaisquer d\u00favidas em rela\u00e7\u00e3o a esse assunto e [&hellip;]<\/p>\n","protected":false},"author":1,"featured_media":0,"parent":0,"menu_order":0,"comment_status":"closed","ping_status":"closed","template":"","meta":{"_et_pb_use_builder":"on","_et_pb_old_content":"<!-- wp:paragraph -->\n<p><b>This is a sample page.<\/b><\/p>\n<!-- \/wp:paragraph -->\n\n<!-- wp:heading -->\n<h2 class=\"wp-block-heading\">Overview<\/h2>\n<!-- \/wp:heading -->\n\n<!-- wp:paragraph -->\n<p>Our refund and returns policy lasts 30 days. If 30 days have passed since your purchase, we can\u2019t offer you a full refund or exchange.<\/p>\n<!-- \/wp:paragraph -->\n\n<!-- wp:paragraph -->\n<p>To be eligible for a return, your item must be unused and in the same condition that you received it. It must also be in the original packaging.<\/p>\n<!-- \/wp:paragraph -->\n\n<!-- wp:paragraph -->\n<p>Several types of goods are exempt from being returned. Perishable goods such as food, flowers, newspapers or magazines cannot be returned. We also do not accept products that are intimate or sanitary goods, hazardous materials, or flammable liquids or gases.<\/p>\n<!-- \/wp:paragraph -->\n\n<!-- wp:paragraph -->\n<p>Additional non-returnable items:<\/p>\n<!-- \/wp:paragraph -->\n\n<!-- wp:list -->\n<ul>\n<li>Gift cards<\/li>\n<li>Downloadable software products<\/li>\n<li>Some health and personal care items<\/li>\n<\/ul>\n<!-- \/wp:list -->\n\n<!-- wp:paragraph -->\n<p>To complete your return, we require a receipt or proof of purchase.<\/p>\n<!-- \/wp:paragraph -->\n\n<!-- wp:paragraph -->\n<p>Please do not send your purchase back to the manufacturer.<\/p>\n<!-- \/wp:paragraph -->\n\n<!-- wp:paragraph -->\n<p>There are certain situations where only partial refunds are granted:<\/p>\n<!-- \/wp:paragraph -->\n\n<!-- wp:list -->\n<ul>\n<li>Book with obvious signs of use<\/li>\n<li>CD, DVD, VHS tape, software, video game, cassette tape, or vinyl record that has been opened.<\/li>\n<li>Any item not in its original condition, is damaged or missing parts for reasons not due to our error.<\/li>\n<li>Any item that is returned more than 30 days after delivery<\/li>\n<\/ul>\n<!-- \/wp:list -->\n\n<!-- wp:heading -->\n<h2 class=\"wp-block-heading\">Refunds<\/h2>\n<!-- \/wp:heading -->\n\n<!-- wp:paragraph -->\n<p>Once your return is received and inspected, we will send you an email to notify you that we have received your returned item. We will also notify you of the approval or rejection of your refund.<\/p>\n<!-- \/wp:paragraph -->\n\n<!-- wp:paragraph -->\n<p>If you are approved, then your refund will be processed, and a credit will automatically be applied to your credit card or original method of payment, within a certain amount of days.<\/p>\n<!-- \/wp:paragraph -->\n\n<!-- wp:heading {\"level\":3} -->\n<h3 class=\"wp-block-heading\">Late or missing refunds<\/h3>\n<!-- \/wp:heading -->\n\n<!-- wp:paragraph -->\n<p>If you haven\u2019t received a refund yet, first check your bank account again.<\/p>\n<!-- \/wp:paragraph -->\n\n<!-- wp:paragraph -->\n<p>Then contact your credit card company, it may take some time before your refund is officially posted.<\/p>\n<!-- \/wp:paragraph -->\n\n<!-- wp:paragraph -->\n<p>Next contact your bank. There is often some processing time before a refund is posted.<\/p>\n<!-- \/wp:paragraph -->\n\n<!-- wp:paragraph -->\n<p>If you\u2019ve done all of this and you still have not received your refund yet, please contact us at {email address}.<\/p>\n<!-- \/wp:paragraph -->\n\n<!-- wp:heading {\"level\":3} -->\n<h3 class=\"wp-block-heading\">Sale items<\/h3>\n<!-- \/wp:heading -->\n\n<!-- wp:paragraph -->\n<p>Only regular priced items may be refunded. Sale items cannot be refunded.<\/p>\n<!-- \/wp:paragraph -->\n\n<!-- wp:heading -->\n<h2 class=\"wp-block-heading\">Exchanges<\/h2>\n<!-- \/wp:heading -->\n\n<!-- wp:paragraph -->\n<p>We only replace items if they are defective or damaged. If you need to exchange it for the same item, send us an email at {email address} and send your item to: {physical address}.<\/p>\n<!-- \/wp:paragraph -->\n\n<!-- wp:heading -->\n<h2 class=\"wp-block-heading\">Gifts<\/h2>\n<!-- \/wp:heading -->\n\n<!-- wp:paragraph -->\n<p>If the item was marked as a gift when purchased and shipped directly to you, you\u2019ll receive a gift credit for the value of your return. Once the returned item is received, a gift certificate will be mailed to you.<\/p>\n<!-- \/wp:paragraph -->\n\n<!-- wp:paragraph -->\n<p>If the item wasn\u2019t marked as a gift when purchased, or the gift giver had the order shipped to themselves to give to you later, we will send a refund to the gift giver and they will find out about your return.<\/p>\n<!-- \/wp:paragraph -->\n\n<!-- wp:heading -->\n<h2 class=\"wp-block-heading\">Shipping returns<\/h2>\n<!-- \/wp:heading -->\n\n<!-- wp:paragraph -->\n<p>To return your product, you should mail your product to: {physical address}.<\/p>\n<!-- \/wp:paragraph -->\n\n<!-- wp:paragraph -->\n<p>You will be responsible for paying for your own shipping costs for returning your item. Shipping costs are non-refundable. If you receive a refund, the cost of return shipping will be deducted from your refund.<\/p>\n<!-- \/wp:paragraph -->\n\n<!-- wp:paragraph -->\n<p>Depending on where you live, the time it may take for your exchanged product to reach you may vary.<\/p>\n<!-- \/wp:paragraph -->\n\n<!-- wp:paragraph -->\n<p>If you are returning more expensive items, you may consider using a trackable shipping service or purchasing shipping insurance. We don\u2019t guarantee that we will receive your returned item.<\/p>\n<!-- \/wp:paragraph -->\n\n<!-- wp:heading -->\n<h2 class=\"wp-block-heading\">Need help?<\/h2>\n<!-- \/wp:heading -->\n\n<!-- wp:paragraph -->\n<p>Contact us at {email} for questions related to refunds and returns.<\/p>\n<!-- \/wp:paragraph -->","_et_gb_content_width":"","footnotes":""},"class_list":["post-600","page","type-page","status-publish","hentry"],"yoast_head":"<!-- This site is optimized with the Yoast SEO plugin v27.3 - https:\/\/yoast.com\/product\/yoast-seo-wordpress\/ -->\n<title>Pol\u00edtica de reembolso e devolu\u00e7\u00f5es - Muito Doce<\/title>\n<meta name=\"robots\" content=\"index, follow, max-snippet:-1, max-image-preview:large, max-video-preview:-1\" \/>\n<link rel=\"canonical\" href=\"https:\/\/muitodoce.com.br\/loja\/reembolso_devolucoes\/\" \/>\n<meta property=\"og:locale\" content=\"pt_BR\" \/>\n<meta property=\"og:type\" content=\"article\" \/>\n<meta property=\"og:title\" content=\"Pol\u00edtica de reembolso e devolu\u00e7\u00f5es - Muito Doce\" \/>\n<meta property=\"og:description\" content=\"Pol\u00edtica de Troca e Devolu\u00e7\u00e3oNossa empresa tem muito respeito por seus clientes e para manter a credibilidade conquistada com o tempo e a transpar\u00eancia nessa rela\u00e7\u00e3o, criou uma pol\u00edtica de troca e devolu\u00e7\u00e3o com base no C\u00f3digo de Defesa do Consumidor e nas necessidades dos mesmos, esclarecendo quaisquer d\u00favidas em rela\u00e7\u00e3o a esse assunto e [&hellip;]\" \/>\n<meta property=\"og:url\" content=\"https:\/\/muitodoce.com.br\/loja\/reembolso_devolucoes\/\" \/>\n<meta property=\"og:site_name\" content=\"Muito Doce\" \/>\n<meta property=\"article:modified_time\" content=\"2025-05-26T18:16:19+00:00\" \/>\n<meta name=\"twitter:card\" content=\"summary_large_image\" \/>\n<meta name=\"twitter:label1\" content=\"Est. tempo de leitura\" \/>\n\t<meta name=\"twitter:data1\" content=\"4 minutos\" \/>\n<script type=\"application\/ld+json\" class=\"yoast-schema-graph\">{\"@context\":\"https:\\\/\\\/schema.org\",\"@graph\":[{\"@type\":\"WebPage\",\"@id\":\"https:\\\/\\\/muitodoce.com.br\\\/loja\\\/reembolso_devolucoes\\\/\",\"url\":\"https:\\\/\\\/muitodoce.com.br\\\/loja\\\/reembolso_devolucoes\\\/\",\"name\":\"Pol\u00edtica de reembolso e devolu\u00e7\u00f5es - Muito Doce\",\"isPartOf\":{\"@id\":\"https:\\\/\\\/muitodoce.com.br\\\/loja\\\/#website\"},\"datePublished\":\"2025-05-26T17:35:41+00:00\",\"dateModified\":\"2025-05-26T18:16:19+00:00\",\"breadcrumb\":{\"@id\":\"https:\\\/\\\/muitodoce.com.br\\\/loja\\\/reembolso_devolucoes\\\/#breadcrumb\"},\"inLanguage\":\"pt-BR\",\"potentialAction\":[{\"@type\":\"ReadAction\",\"target\":[\"https:\\\/\\\/muitodoce.com.br\\\/loja\\\/reembolso_devolucoes\\\/\"]}]},{\"@type\":\"BreadcrumbList\",\"@id\":\"https:\\\/\\\/muitodoce.com.br\\\/loja\\\/reembolso_devolucoes\\\/#breadcrumb\",\"itemListElement\":[{\"@type\":\"ListItem\",\"position\":1,\"name\":\"In\u00edcio\",\"item\":\"https:\\\/\\\/muitodoce.com.br\\\/loja\\\/\"},{\"@type\":\"ListItem\",\"position\":2,\"name\":\"Pol\u00edtica de reembolso e devolu\u00e7\u00f5es\"}]},{\"@type\":\"WebSite\",\"@id\":\"https:\\\/\\\/muitodoce.com.br\\\/loja\\\/#website\",\"url\":\"https:\\\/\\\/muitodoce.com.br\\\/loja\\\/\",\"name\":\"Muito Doce\",\"description\":\"Doces e Artigos para Festas\",\"potentialAction\":[{\"@type\":\"SearchAction\",\"target\":{\"@type\":\"EntryPoint\",\"urlTemplate\":\"https:\\\/\\\/muitodoce.com.br\\\/loja\\\/?s={search_term_string}\"},\"query-input\":{\"@type\":\"PropertyValueSpecification\",\"valueRequired\":true,\"valueName\":\"search_term_string\"}}],\"inLanguage\":\"pt-BR\"}]}<\/script>\n<!-- \/ Yoast SEO plugin. -->","yoast_head_json":{"title":"Pol\u00edtica de reembolso e devolu\u00e7\u00f5es - Muito Doce","robots":{"index":"index","follow":"follow","max-snippet":"max-snippet:-1","max-image-preview":"max-image-preview:large","max-video-preview":"max-video-preview:-1"},"canonical":"https:\/\/muitodoce.com.br\/loja\/reembolso_devolucoes\/","og_locale":"pt_BR","og_type":"article","og_title":"Pol\u00edtica de reembolso e devolu\u00e7\u00f5es - Muito Doce","og_description":"Pol\u00edtica de Troca e Devolu\u00e7\u00e3oNossa empresa tem muito respeito por seus clientes e para manter a credibilidade conquistada com o tempo e a transpar\u00eancia nessa rela\u00e7\u00e3o, criou uma pol\u00edtica de troca e devolu\u00e7\u00e3o com base no C\u00f3digo de Defesa do Consumidor e nas necessidades dos mesmos, esclarecendo quaisquer d\u00favidas em rela\u00e7\u00e3o a esse assunto e [&hellip;]","og_url":"https:\/\/muitodoce.com.br\/loja\/reembolso_devolucoes\/","og_site_name":"Muito Doce","article_modified_time":"2025-05-26T18:16:19+00:00","twitter_card":"summary_large_image","twitter_misc":{"Est. tempo de leitura":"4 minutos"},"schema":{"@context":"https:\/\/schema.org","@graph":[{"@type":"WebPage","@id":"https:\/\/muitodoce.com.br\/loja\/reembolso_devolucoes\/","url":"https:\/\/muitodoce.com.br\/loja\/reembolso_devolucoes\/","name":"Pol\u00edtica de reembolso e devolu\u00e7\u00f5es - Muito Doce","isPartOf":{"@id":"https:\/\/muitodoce.com.br\/loja\/#website"},"datePublished":"2025-05-26T17:35:41+00:00","dateModified":"2025-05-26T18:16:19+00:00","breadcrumb":{"@id":"https:\/\/muitodoce.com.br\/loja\/reembolso_devolucoes\/#breadcrumb"},"inLanguage":"pt-BR","potentialAction":[{"@type":"ReadAction","target":["https:\/\/muitodoce.com.br\/loja\/reembolso_devolucoes\/"]}]},{"@type":"BreadcrumbList","@id":"https:\/\/muitodoce.com.br\/loja\/reembolso_devolucoes\/#breadcrumb","itemListElement":[{"@type":"ListItem","position":1,"name":"In\u00edcio","item":"https:\/\/muitodoce.com.br\/loja\/"},{"@type":"ListItem","position":2,"name":"Pol\u00edtica de reembolso e devolu\u00e7\u00f5es"}]},{"@type":"WebSite","@id":"https:\/\/muitodoce.com.br\/loja\/#website","url":"https:\/\/muitodoce.com.br\/loja\/","name":"Muito Doce","description":"Doces e Artigos para Festas","potentialAction":[{"@type":"SearchAction","target":{"@type":"EntryPoint","urlTemplate":"https:\/\/muitodoce.com.br\/loja\/?s={search_term_string}"},"query-input":{"@type":"PropertyValueSpecification","valueRequired":true,"valueName":"search_term_string"}}],"inLanguage":"pt-BR"}]}},"_links":{"self":[{"href":"https:\/\/muitodoce.com.br\/loja\/wp-json\/wp\/v2\/pages\/600","targetHints":{"allow":["GET"]}}],"collection":[{"href":"https:\/\/muitodoce.com.br\/loja\/wp-json\/wp\/v2\/pages"}],"about":[{"href":"https:\/\/muitodoce.com.br\/loja\/wp-json\/wp\/v2\/types\/page"}],"author":[{"embeddable":true,"href":"https:\/\/muitodoce.com.br\/loja\/wp-json\/wp\/v2\/users\/1"}],"replies":[{"embeddable":true,"href":"https:\/\/muitodoce.com.br\/loja\/wp-json\/wp\/v2\/comments?post=600"}],"version-history":[{"count":4,"href":"https:\/\/muitodoce.com.br\/loja\/wp-json\/wp\/v2\/pages\/600\/revisions"}],"predecessor-version":[{"id":909,"href":"https:\/\/muitodoce.com.br\/loja\/wp-json\/wp\/v2\/pages\/600\/revisions\/909"}],"wp:attachment":[{"href":"https:\/\/muitodoce.com.br\/loja\/wp-json\/wp\/v2\/media?parent=600"}],"curies":[{"name":"wp","href":"https:\/\/api.w.org\/{rel}","templated":true}]}}