{"id":895,"date":"2025-05-26T14:34:27","date_gmt":"2025-05-26T17:34:27","guid":{"rendered":"https:\/\/muitodocejundiai.com.br\/loja\/?page_id=895"},"modified":"2025-05-26T14:48:30","modified_gmt":"2025-05-26T17:48:30","slug":"politica-de-privacidade","status":"publish","type":"page","link":"https:\/\/muitodoce.com.br\/loja\/politica-de-privacidade\/","title":{"rendered":"Pol\u00edtica de Privacidade"},"content":{"rendered":"<p>[et_pb_section fb_built=&#8221;1&#8243; theme_builder_area=&#8221;post_content&#8221; _builder_version=&#8221;4.27.4&#8243; _module_preset=&#8221;default&#8221;][et_pb_row _builder_version=&#8221;4.27.4&#8243; _module_preset=&#8221;default&#8221; theme_builder_area=&#8221;post_content&#8221;][et_pb_column _builder_version=&#8221;4.27.4&#8243; _module_preset=&#8221;default&#8221; type=&#8221;4_4&#8243; theme_builder_area=&#8221;post_content&#8221;][et_pb_text _builder_version=&#8221;4.27.4&#8243; _module_preset=&#8221;default&#8221; text_font_size=&#8221;16px&#8221; header_2_font=&#8221;Montserrat|700|||||||&#8221; header_2_text_color=&#8221;#6c4197&#8243; header_2_font_size=&#8221;28px&#8221; header_2_line_height=&#8221;1.2em&#8221; header_3_font=&#8221;|700|||||||&#8221; header_3_text_align=&#8221;center&#8221; custom_margin=&#8221;||||false|false&#8221; custom_padding=&#8221;||||false|false&#8221; hover_enabled=&#8221;0&#8243; global_colors_info=&#8221;{}&#8221; locked=&#8221;off&#8221; theme_builder_area=&#8221;post_content&#8221; sticky_enabled=&#8221;0&#8243;]<\/p>\n<h2 style=\"text-align: center;\">Pol\u00edtica de Privacidade<\/h2>\n<p>[\/et_pb_text][et_pb_text _builder_version=&#8221;4.27.4&#8243; _module_preset=&#8221;default&#8221; theme_builder_area=&#8221;post_content&#8221; hover_enabled=&#8221;0&#8243; sticky_enabled=&#8221;0&#8243;]<\/p>\n<p><strong>Compra Segura:<\/strong><br \/>Temos um especial compromisso com voc\u00ea, nosso cliente, quanto \u00e0 seguran\u00e7a e privacidade de seus dados. O respeito ao cliente e o sigilo de suas informa\u00e7\u00f5es \u00e9 muito importante para n\u00f3s.<\/p>\n<p><strong>Criptografia:<\/strong><br \/>Todas as informa\u00e7\u00f5es que passam pelo nosso processo de compra s\u00e3o automaticamente codificadas por um sistema tecnol\u00f3gico espec\u00edfico. Assim, seus dados pessoais, a forma de pagamento escolhida e toda e qualquer outra informa\u00e7\u00e3o fornecida no processo de compra \u00e9 codificada antes de ser transmitida. O \u00edcone \u201ccadeado fechado\u201d na parte inferior do seu monitor durante o preenchimento dos dados no Caixa \u00e9 um s\u00edmbolo da criptografia das informa\u00e7\u00f5es.<\/p>\n<p><strong>Pol\u00edtica de Privacidade:<\/strong><br \/>Nossa Empresa n\u00e3o comercializar\u00e1 suas informa\u00e7\u00f5es pessoais. Tais informa\u00e7\u00f5es poder\u00e3o, entretanto, ser agrupadas conforme determinados crit\u00e9rios e utilizadas como estat\u00edsticas gen\u00e9ricas objetivando um melhor entendimento do perfil do consumidor.<\/p>\n<p><strong>D\u00favidas ou Sugest\u00f5es:<\/strong><br \/>Caso tenha qualquer d\u00favida ou sugest\u00e3o sobre a nossa pol\u00edtica de privacidade ou sobre qualquer outro aspecto do nosso processo de compra, n\u00e3o deixe de nos contatar.<\/p>\n<p>[\/et_pb_text][\/et_pb_column][\/et_pb_row][\/et_pb_section]<\/p>\n","protected":false},"excerpt":{"rendered":"<p>Pol\u00edtica de PrivacidadeCompra Segura:Temos um especial compromisso com voc\u00ea, nosso cliente, quanto \u00e0 seguran\u00e7a e privacidade de seus dados. O respeito ao cliente e o sigilo de suas informa\u00e7\u00f5es \u00e9 muito importante para n\u00f3s. Criptografia:Todas as informa\u00e7\u00f5es que passam pelo nosso processo de compra s\u00e3o automaticamente codificadas por um sistema tecnol\u00f3gico espec\u00edfico. Assim, seus dados [&hellip;]<\/p>\n","protected":false},"author":1,"featured_media":0,"parent":0,"menu_order":0,"comment_status":"closed","ping_status":"closed","template":"","meta":{"_et_pb_use_builder":"on","_et_pb_old_content":"","_et_gb_content_width":"","footnotes":""},"class_list":["post-895","page","type-page","status-publish","hentry"],"yoast_head":"<!-- This site is optimized with the Yoast SEO plugin v27.3 - https:\/\/yoast.com\/product\/yoast-seo-wordpress\/ -->\n<title>Pol\u00edtica de Privacidade - Muito Doce<\/title>\n<meta name=\"robots\" content=\"index, follow, max-snippet:-1, max-image-preview:large, max-video-preview:-1\" \/>\n<link rel=\"canonical\" href=\"https:\/\/muitodoce.com.br\/loja\/politica-de-privacidade\/\" \/>\n<meta property=\"og:locale\" content=\"pt_BR\" \/>\n<meta property=\"og:type\" content=\"article\" \/>\n<meta property=\"og:title\" content=\"Pol\u00edtica de Privacidade - Muito Doce\" \/>\n<meta property=\"og:description\" content=\"Pol\u00edtica de PrivacidadeCompra Segura:Temos um especial compromisso com voc\u00ea, nosso cliente, quanto \u00e0 seguran\u00e7a e privacidade de seus dados. O respeito ao cliente e o sigilo de suas informa\u00e7\u00f5es \u00e9 muito importante para n\u00f3s. Criptografia:Todas as informa\u00e7\u00f5es que passam pelo nosso processo de compra s\u00e3o automaticamente codificadas por um sistema tecnol\u00f3gico espec\u00edfico. Assim, seus dados [&hellip;]\" \/>\n<meta property=\"og:url\" content=\"https:\/\/muitodoce.com.br\/loja\/politica-de-privacidade\/\" \/>\n<meta property=\"og:site_name\" content=\"Muito Doce\" \/>\n<meta property=\"article:modified_time\" content=\"2025-05-26T17:48:30+00:00\" \/>\n<meta name=\"twitter:card\" content=\"summary_large_image\" \/>\n<script type=\"application\/ld+json\" class=\"yoast-schema-graph\">{\"@context\":\"https:\\\/\\\/schema.org\",\"@graph\":[{\"@type\":\"WebPage\",\"@id\":\"https:\\\/\\\/muitodoce.com.br\\\/loja\\\/politica-de-privacidade\\\/\",\"url\":\"https:\\\/\\\/muitodoce.com.br\\\/loja\\\/politica-de-privacidade\\\/\",\"name\":\"Pol\u00edtica de Privacidade - Muito Doce\",\"isPartOf\":{\"@id\":\"https:\\\/\\\/muitodoce.com.br\\\/loja\\\/#website\"},\"datePublished\":\"2025-05-26T17:34:27+00:00\",\"dateModified\":\"2025-05-26T17:48:30+00:00\",\"breadcrumb\":{\"@id\":\"https:\\\/\\\/muitodoce.com.br\\\/loja\\\/politica-de-privacidade\\\/#breadcrumb\"},\"inLanguage\":\"pt-BR\",\"potentialAction\":[{\"@type\":\"ReadAction\",\"target\":[\"https:\\\/\\\/muitodoce.com.br\\\/loja\\\/politica-de-privacidade\\\/\"]}]},{\"@type\":\"BreadcrumbList\",\"@id\":\"https:\\\/\\\/muitodoce.com.br\\\/loja\\\/politica-de-privacidade\\\/#breadcrumb\",\"itemListElement\":[{\"@type\":\"ListItem\",\"position\":1,\"name\":\"In\u00edcio\",\"item\":\"https:\\\/\\\/muitodoce.com.br\\\/loja\\\/\"},{\"@type\":\"ListItem\",\"position\":2,\"name\":\"Pol\u00edtica de Privacidade\"}]},{\"@type\":\"WebSite\",\"@id\":\"https:\\\/\\\/muitodoce.com.br\\\/loja\\\/#website\",\"url\":\"https:\\\/\\\/muitodoce.com.br\\\/loja\\\/\",\"name\":\"Muito Doce\",\"description\":\"Doces e Artigos para Festas\",\"potentialAction\":[{\"@type\":\"SearchAction\",\"target\":{\"@type\":\"EntryPoint\",\"urlTemplate\":\"https:\\\/\\\/muitodoce.com.br\\\/loja\\\/?s={search_term_string}\"},\"query-input\":{\"@type\":\"PropertyValueSpecification\",\"valueRequired\":true,\"valueName\":\"search_term_string\"}}],\"inLanguage\":\"pt-BR\"}]}<\/script>\n<!-- \/ Yoast SEO plugin. -->","yoast_head_json":{"title":"Pol\u00edtica de Privacidade - Muito Doce","robots":{"index":"index","follow":"follow","max-snippet":"max-snippet:-1","max-image-preview":"max-image-preview:large","max-video-preview":"max-video-preview:-1"},"canonical":"https:\/\/muitodoce.com.br\/loja\/politica-de-privacidade\/","og_locale":"pt_BR","og_type":"article","og_title":"Pol\u00edtica de Privacidade - Muito Doce","og_description":"Pol\u00edtica de PrivacidadeCompra Segura:Temos um especial compromisso com voc\u00ea, nosso cliente, quanto \u00e0 seguran\u00e7a e privacidade de seus dados. O respeito ao cliente e o sigilo de suas informa\u00e7\u00f5es \u00e9 muito importante para n\u00f3s. Criptografia:Todas as informa\u00e7\u00f5es que passam pelo nosso processo de compra s\u00e3o automaticamente codificadas por um sistema tecnol\u00f3gico espec\u00edfico. Assim, seus dados [&hellip;]","og_url":"https:\/\/muitodoce.com.br\/loja\/politica-de-privacidade\/","og_site_name":"Muito Doce","article_modified_time":"2025-05-26T17:48:30+00:00","twitter_card":"summary_large_image","schema":{"@context":"https:\/\/schema.org","@graph":[{"@type":"WebPage","@id":"https:\/\/muitodoce.com.br\/loja\/politica-de-privacidade\/","url":"https:\/\/muitodoce.com.br\/loja\/politica-de-privacidade\/","name":"Pol\u00edtica de Privacidade - Muito Doce","isPartOf":{"@id":"https:\/\/muitodoce.com.br\/loja\/#website"},"datePublished":"2025-05-26T17:34:27+00:00","dateModified":"2025-05-26T17:48:30+00:00","breadcrumb":{"@id":"https:\/\/muitodoce.com.br\/loja\/politica-de-privacidade\/#breadcrumb"},"inLanguage":"pt-BR","potentialAction":[{"@type":"ReadAction","target":["https:\/\/muitodoce.com.br\/loja\/politica-de-privacidade\/"]}]},{"@type":"BreadcrumbList","@id":"https:\/\/muitodoce.com.br\/loja\/politica-de-privacidade\/#breadcrumb","itemListElement":[{"@type":"ListItem","position":1,"name":"In\u00edcio","item":"https:\/\/muitodoce.com.br\/loja\/"},{"@type":"ListItem","position":2,"name":"Pol\u00edtica de Privacidade"}]},{"@type":"WebSite","@id":"https:\/\/muitodoce.com.br\/loja\/#website","url":"https:\/\/muitodoce.com.br\/loja\/","name":"Muito Doce","description":"Doces e Artigos para Festas","potentialAction":[{"@type":"SearchAction","target":{"@type":"EntryPoint","urlTemplate":"https:\/\/muitodoce.com.br\/loja\/?s={search_term_string}"},"query-input":{"@type":"PropertyValueSpecification","valueRequired":true,"valueName":"search_term_string"}}],"inLanguage":"pt-BR"}]}},"_links":{"self":[{"href":"https:\/\/muitodoce.com.br\/loja\/wp-json\/wp\/v2\/pages\/895","targetHints":{"allow":["GET"]}}],"collection":[{"href":"https:\/\/muitodoce.com.br\/loja\/wp-json\/wp\/v2\/pages"}],"about":[{"href":"https:\/\/muitodoce.com.br\/loja\/wp-json\/wp\/v2\/types\/page"}],"author":[{"embeddable":true,"href":"https:\/\/muitodoce.com.br\/loja\/wp-json\/wp\/v2\/users\/1"}],"replies":[{"embeddable":true,"href":"https:\/\/muitodoce.com.br\/loja\/wp-json\/wp\/v2\/comments?post=895"}],"version-history":[{"count":3,"href":"https:\/\/muitodoce.com.br\/loja\/wp-json\/wp\/v2\/pages\/895\/revisions"}],"predecessor-version":[{"id":903,"href":"https:\/\/muitodoce.com.br\/loja\/wp-json\/wp\/v2\/pages\/895\/revisions\/903"}],"wp:attachment":[{"href":"https:\/\/muitodoce.com.br\/loja\/wp-json\/wp\/v2\/media?parent=895"}],"curies":[{"name":"wp","href":"https:\/\/api.w.org\/{rel}","templated":true}]}}