{"id":1650,"date":"2025-08-07T14:06:30","date_gmt":"2025-08-07T17:06:30","guid":{"rendered":"https:\/\/muitodoce.com.br\/loja\/produto\/balao-joy-9-liso-c-50\/"},"modified":"2026-02-25T15:56:36","modified_gmt":"2026-02-25T18:56:36","slug":"balao-joy-9-liso-c-50","status":"publish","type":"product","link":"https:\/\/muitodoce.com.br\/loja\/produto\/balao-joy-9-liso-c-50\/","title":{"rendered":"Bal\u00e3o Liso 9 Polegadas \u2013 50 unidades \u2013 Bexiga de L\u00e1tex \u2013 Joy"},"content":{"rendered":"<p class=\"QN2lPu\"><span style=\"color: #808080;\">Os bal\u00f5es de l\u00e1tex Joy s\u00e3o ideais para decorar qualquer evento, sendo perfeitos para arcos, colunas, guirlandas e arranjos criativos. <strong>Caracter\u00edsticas do Produto:<\/strong><\/span><\/p>\n<ul>\n<li class=\"QN2lPu\"><span style=\"color: #808080;\"><strong>Bal\u00e3o:<\/strong> 9&#8243; polegadas (aproximadamente 22cm de di\u00e2metro);<\/span><\/li>\n<li class=\"QN2lPu\"><span style=\"color: #808080;\"><strong>Pacote<\/strong>: 50 unidades;<\/span><\/li>\n<li class=\"QN2lPu\"><span style=\"color: #808080;\"><strong>Tipo:<\/strong> Liso;<\/span><\/li>\n<li class=\"QN2lPu\"><span style=\"color: #808080;\"><strong>Formato:<\/strong> Redondo;<\/span><\/li>\n<li class=\"QN2lPu\"><span style=\"color: #808080;\"><strong>Uso:<\/strong> Profissional;<\/span><\/li>\n<li class=\"QN2lPu\"><span style=\"color: #808080;\"><strong>Qualidade:<\/strong> Superior, com cores vibrantes, \u00f3tima resist\u00eancia e longa dura\u00e7\u00e3o.<\/span><\/li>\n<\/ul>\n<p class=\"QN2lPu\">Os <span style=\"color: #000000;\">Bal\u00f5es Joy<\/span> s\u00e3o fabricados com l\u00e1tex natural <span style=\"color: #008000;\">BIODEGRAD\u00c1VEL<\/span> e as embalagens s\u00e3o feitas de material <span style=\"color: #008000;\">100% recicl\u00e1vel!<\/span><\/p>\n<p><strong>Aten\u00e7\u00e3o: <\/strong>A cor real do produto pode sofrer varia\u00e7\u00f5es de tonalidade em rela\u00e7\u00e3o \u00e0 foto, devido \u00e0 configura\u00e7\u00e3o da sua tela e \u00e0 ilumina\u00e7\u00e3o da imagem.<\/p>\n","protected":false},"excerpt":{"rendered":"<p>Os bal\u00f5es de l\u00e1tex Joy s\u00e3o ideais para decorar qualquer evento, sendo perfeitos para arcos, colunas, guirlandas e arranjos criativos. Caracter\u00edsticas do Produto: Bal\u00e3o: 9&#8243; polegadas (aproximadamente 22cm de di\u00e2metro); Pacote: 50 unidades; Tipo: Liso; Formato: Redondo; Uso: Profissional; Qualidade: Superior, com cores vibrantes, \u00f3tima resist\u00eancia e longa dura\u00e7\u00e3o. Os Bal\u00f5es Joy s\u00e3o fabricados com [&hellip;]<\/p>\n","protected":false},"featured_media":1648,"template":"","meta":{"_et_pb_use_builder":"","_et_pb_old_content":"","_et_gb_content_width":""},"product_brand":[203],"product_cat":[23,113],"product_tag":[215,299,295,297,296,298],"class_list":{"0":"post-1650","1":"product","2":"type-product","3":"status-publish","4":"has-post-thumbnail","6":"product_brand-baloes-joy","7":"product_cat-baloes","8":"product_cat-latex","9":"product_tag-balao","10":"product_tag-baloes","11":"product_tag-bexiga","12":"product_tag-bexigas","13":"product_tag-bola","14":"product_tag-latex","15":"pa_cor-amarelo","16":"pa_cor-ameixa","17":"pa_cor-azul-celeste","18":"pa_cor-azul-claro","19":"pa_cor-azul-cobalto","20":"pa_cor-azul-escuro","21":"pa_cor-azul-royal","22":"pa_cor-bege","23":"pa_cor-branco","24":"pa_cor-cinza","25":"pa_cor-cristal","26":"pa_cor-laranja","27":"pa_cor-lilas","28":"pa_cor-marfim","29":"pa_cor-marrom","30":"pa_cor-marsala","31":"pa_cor-mostarda","32":"pa_cor-pessego","33":"pa_cor-preto","34":"pa_cor-rosa","35":"pa_cor-rosa-claro","36":"pa_cor-rosa-fucsia","37":"pa_cor-rose","38":"pa_cor-sortido","39":"pa_cor-terracota","40":"pa_cor-verde-agua","41":"pa_cor-verde-bandeira","42":"pa_cor-verde-escuro","43":"pa_cor-verde-limao","44":"pa_cor-verde-menta","45":"pa_cor-verde-militar","46":"pa_cor-vermelho","47":"pa_cor-violeta","49":"first","50":"outofstock","51":"taxable","52":"shipping-taxable","53":"purchasable","54":"product-type-variable"},"yoast_head":"<!-- This site is optimized with the Yoast SEO plugin v27.3 - https:\/\/yoast.com\/product\/yoast-seo-wordpress\/ -->\n<title>Bal\u00e3o Liso 9 Polegadas \u2013 50 unidades \u2013 Bexiga de L\u00e1tex \u2013 Joy - Muito Doce<\/title>\n<meta name=\"robots\" content=\"index, follow, max-snippet:-1, max-image-preview:large, max-video-preview:-1\" \/>\n<link rel=\"canonical\" href=\"https:\/\/muitodoce.com.br\/loja\/produto\/balao-joy-9-liso-c-50\/\" \/>\n<meta property=\"og:locale\" content=\"pt_BR\" \/>\n<meta property=\"og:type\" content=\"article\" \/>\n<meta property=\"og:title\" content=\"Bal\u00e3o Liso 9 Polegadas \u2013 50 unidades \u2013 Bexiga de L\u00e1tex \u2013 Joy - Muito Doce\" \/>\n<meta property=\"og:description\" content=\"Os bal\u00f5es de l\u00e1tex Joy s\u00e3o ideais para decorar qualquer evento, sendo perfeitos para arcos, colunas, guirlandas e arranjos criativos. Caracter\u00edsticas do Produto: Bal\u00e3o: 9&#8243; polegadas (aproximadamente 22cm de di\u00e2metro); Pacote: 50 unidades; Tipo: Liso; Formato: Redondo; Uso: Profissional; Qualidade: Superior, com cores vibrantes, \u00f3tima resist\u00eancia e longa dura\u00e7\u00e3o. Os Bal\u00f5es Joy s\u00e3o fabricados com [&hellip;]\" \/>\n<meta property=\"og:url\" content=\"https:\/\/muitodoce.com.br\/loja\/produto\/balao-joy-9-liso-c-50\/\" \/>\n<meta property=\"og:site_name\" content=\"Muito Doce\" \/>\n<meta property=\"article:modified_time\" content=\"2026-02-25T18:56:36+00:00\" \/>\n<meta property=\"og:image\" content=\"https:\/\/muitodoce.com.br\/loja\/wp-content\/uploads\/2025\/08\/15326328571-capa-9-liso.jpg\" \/>\n\t<meta property=\"og:image:width\" content=\"1080\" \/>\n\t<meta property=\"og:image:height\" content=\"1080\" \/>\n\t<meta property=\"og:image:type\" content=\"image\/jpeg\" \/>\n<meta name=\"twitter:card\" content=\"summary_large_image\" \/>\n<meta name=\"twitter:label1\" content=\"Est. tempo de leitura\" \/>\n\t<meta name=\"twitter:data1\" content=\"1 minuto\" \/>\n<script type=\"application\/ld+json\" class=\"yoast-schema-graph\">{\"@context\":\"https:\\\/\\\/schema.org\",\"@graph\":[{\"@type\":\"WebPage\",\"@id\":\"https:\\\/\\\/muitodoce.com.br\\\/loja\\\/produto\\\/balao-joy-9-liso-c-50\\\/\",\"url\":\"https:\\\/\\\/muitodoce.com.br\\\/loja\\\/produto\\\/balao-joy-9-liso-c-50\\\/\",\"name\":\"Bal\u00e3o Liso 9 Polegadas \u2013 50 unidades \u2013 Bexiga de L\u00e1tex \u2013 Joy - Muito Doce\",\"isPartOf\":{\"@id\":\"https:\\\/\\\/muitodoce.com.br\\\/loja\\\/#website\"},\"primaryImageOfPage\":{\"@id\":\"https:\\\/\\\/muitodoce.com.br\\\/loja\\\/produto\\\/balao-joy-9-liso-c-50\\\/#primaryimage\"},\"image\":{\"@id\":\"https:\\\/\\\/muitodoce.com.br\\\/loja\\\/produto\\\/balao-joy-9-liso-c-50\\\/#primaryimage\"},\"thumbnailUrl\":\"https:\\\/\\\/muitodoce.com.br\\\/loja\\\/wp-content\\\/uploads\\\/2025\\\/08\\\/15326328571-capa-9-liso.jpg\",\"datePublished\":\"2025-08-07T17:06:30+00:00\",\"dateModified\":\"2026-02-25T18:56:36+00:00\",\"breadcrumb\":{\"@id\":\"https:\\\/\\\/muitodoce.com.br\\\/loja\\\/produto\\\/balao-joy-9-liso-c-50\\\/#breadcrumb\"},\"inLanguage\":\"pt-BR\",\"potentialAction\":[{\"@type\":\"ReadAction\",\"target\":[\"https:\\\/\\\/muitodoce.com.br\\\/loja\\\/produto\\\/balao-joy-9-liso-c-50\\\/\"]}]},{\"@type\":\"ImageObject\",\"inLanguage\":\"pt-BR\",\"@id\":\"https:\\\/\\\/muitodoce.com.br\\\/loja\\\/produto\\\/balao-joy-9-liso-c-50\\\/#primaryimage\",\"url\":\"https:\\\/\\\/muitodoce.com.br\\\/loja\\\/wp-content\\\/uploads\\\/2025\\\/08\\\/15326328571-capa-9-liso.jpg\",\"contentUrl\":\"https:\\\/\\\/muitodoce.com.br\\\/loja\\\/wp-content\\\/uploads\\\/2025\\\/08\\\/15326328571-capa-9-liso.jpg\",\"width\":1080,\"height\":1080},{\"@type\":\"BreadcrumbList\",\"@id\":\"https:\\\/\\\/muitodoce.com.br\\\/loja\\\/produto\\\/balao-joy-9-liso-c-50\\\/#breadcrumb\",\"itemListElement\":[{\"@type\":\"ListItem\",\"position\":1,\"name\":\"In\u00edcio\",\"item\":\"https:\\\/\\\/muitodoce.com.br\\\/loja\\\/\"},{\"@type\":\"ListItem\",\"position\":2,\"name\":\"Loja\",\"item\":\"https:\\\/\\\/muitodoce.com.br\\\/loja\\\/loja\\\/\"},{\"@type\":\"ListItem\",\"position\":3,\"name\":\"Bal\u00e3o Liso 9 Polegadas \u2013 50 unidades \u2013 Bexiga de L\u00e1tex \u2013 Joy\"}]},{\"@type\":\"WebSite\",\"@id\":\"https:\\\/\\\/muitodoce.com.br\\\/loja\\\/#website\",\"url\":\"https:\\\/\\\/muitodoce.com.br\\\/loja\\\/\",\"name\":\"Muito Doce\",\"description\":\"Doces e Artigos para Festas\",\"potentialAction\":[{\"@type\":\"SearchAction\",\"target\":{\"@type\":\"EntryPoint\",\"urlTemplate\":\"https:\\\/\\\/muitodoce.com.br\\\/loja\\\/?s={search_term_string}\"},\"query-input\":{\"@type\":\"PropertyValueSpecification\",\"valueRequired\":true,\"valueName\":\"search_term_string\"}}],\"inLanguage\":\"pt-BR\"}]}<\/script>\n<!-- \/ Yoast SEO plugin. -->","yoast_head_json":{"title":"Bal\u00e3o Liso 9 Polegadas \u2013 50 unidades \u2013 Bexiga de L\u00e1tex \u2013 Joy - Muito Doce","robots":{"index":"index","follow":"follow","max-snippet":"max-snippet:-1","max-image-preview":"max-image-preview:large","max-video-preview":"max-video-preview:-1"},"canonical":"https:\/\/muitodoce.com.br\/loja\/produto\/balao-joy-9-liso-c-50\/","og_locale":"pt_BR","og_type":"article","og_title":"Bal\u00e3o Liso 9 Polegadas \u2013 50 unidades \u2013 Bexiga de L\u00e1tex \u2013 Joy - Muito Doce","og_description":"Os bal\u00f5es de l\u00e1tex Joy s\u00e3o ideais para decorar qualquer evento, sendo perfeitos para arcos, colunas, guirlandas e arranjos criativos. Caracter\u00edsticas do Produto: Bal\u00e3o: 9&#8243; polegadas (aproximadamente 22cm de di\u00e2metro); Pacote: 50 unidades; Tipo: Liso; Formato: Redondo; Uso: Profissional; Qualidade: Superior, com cores vibrantes, \u00f3tima resist\u00eancia e longa dura\u00e7\u00e3o. Os Bal\u00f5es Joy s\u00e3o fabricados com [&hellip;]","og_url":"https:\/\/muitodoce.com.br\/loja\/produto\/balao-joy-9-liso-c-50\/","og_site_name":"Muito Doce","article_modified_time":"2026-02-25T18:56:36+00:00","og_image":[{"width":1080,"height":1080,"url":"https:\/\/muitodoce.com.br\/loja\/wp-content\/uploads\/2025\/08\/15326328571-capa-9-liso.jpg","type":"image\/jpeg"}],"twitter_card":"summary_large_image","twitter_misc":{"Est. tempo de leitura":"1 minuto"},"schema":{"@context":"https:\/\/schema.org","@graph":[{"@type":"WebPage","@id":"https:\/\/muitodoce.com.br\/loja\/produto\/balao-joy-9-liso-c-50\/","url":"https:\/\/muitodoce.com.br\/loja\/produto\/balao-joy-9-liso-c-50\/","name":"Bal\u00e3o Liso 9 Polegadas \u2013 50 unidades \u2013 Bexiga de L\u00e1tex \u2013 Joy - Muito Doce","isPartOf":{"@id":"https:\/\/muitodoce.com.br\/loja\/#website"},"primaryImageOfPage":{"@id":"https:\/\/muitodoce.com.br\/loja\/produto\/balao-joy-9-liso-c-50\/#primaryimage"},"image":{"@id":"https:\/\/muitodoce.com.br\/loja\/produto\/balao-joy-9-liso-c-50\/#primaryimage"},"thumbnailUrl":"https:\/\/muitodoce.com.br\/loja\/wp-content\/uploads\/2025\/08\/15326328571-capa-9-liso.jpg","datePublished":"2025-08-07T17:06:30+00:00","dateModified":"2026-02-25T18:56:36+00:00","breadcrumb":{"@id":"https:\/\/muitodoce.com.br\/loja\/produto\/balao-joy-9-liso-c-50\/#breadcrumb"},"inLanguage":"pt-BR","potentialAction":[{"@type":"ReadAction","target":["https:\/\/muitodoce.com.br\/loja\/produto\/balao-joy-9-liso-c-50\/"]}]},{"@type":"ImageObject","inLanguage":"pt-BR","@id":"https:\/\/muitodoce.com.br\/loja\/produto\/balao-joy-9-liso-c-50\/#primaryimage","url":"https:\/\/muitodoce.com.br\/loja\/wp-content\/uploads\/2025\/08\/15326328571-capa-9-liso.jpg","contentUrl":"https:\/\/muitodoce.com.br\/loja\/wp-content\/uploads\/2025\/08\/15326328571-capa-9-liso.jpg","width":1080,"height":1080},{"@type":"BreadcrumbList","@id":"https:\/\/muitodoce.com.br\/loja\/produto\/balao-joy-9-liso-c-50\/#breadcrumb","itemListElement":[{"@type":"ListItem","position":1,"name":"In\u00edcio","item":"https:\/\/muitodoce.com.br\/loja\/"},{"@type":"ListItem","position":2,"name":"Loja","item":"https:\/\/muitodoce.com.br\/loja\/loja\/"},{"@type":"ListItem","position":3,"name":"Bal\u00e3o Liso 9 Polegadas \u2013 50 unidades \u2013 Bexiga de L\u00e1tex \u2013 Joy"}]},{"@type":"WebSite","@id":"https:\/\/muitodoce.com.br\/loja\/#website","url":"https:\/\/muitodoce.com.br\/loja\/","name":"Muito Doce","description":"Doces e Artigos para Festas","potentialAction":[{"@type":"SearchAction","target":{"@type":"EntryPoint","urlTemplate":"https:\/\/muitodoce.com.br\/loja\/?s={search_term_string}"},"query-input":{"@type":"PropertyValueSpecification","valueRequired":true,"valueName":"search_term_string"}}],"inLanguage":"pt-BR"}]}},"_links":{"self":[{"href":"https:\/\/muitodoce.com.br\/loja\/wp-json\/wp\/v2\/product\/1650","targetHints":{"allow":["GET"]}}],"collection":[{"href":"https:\/\/muitodoce.com.br\/loja\/wp-json\/wp\/v2\/product"}],"about":[{"href":"https:\/\/muitodoce.com.br\/loja\/wp-json\/wp\/v2\/types\/product"}],"wp:featuredmedia":[{"embeddable":true,"href":"https:\/\/muitodoce.com.br\/loja\/wp-json\/wp\/v2\/media\/1648"}],"wp:attachment":[{"href":"https:\/\/muitodoce.com.br\/loja\/wp-json\/wp\/v2\/media?parent=1650"}],"wp:term":[{"taxonomy":"product_brand","embeddable":true,"href":"https:\/\/muitodoce.com.br\/loja\/wp-json\/wp\/v2\/product_brand?post=1650"},{"taxonomy":"product_cat","embeddable":true,"href":"https:\/\/muitodoce.com.br\/loja\/wp-json\/wp\/v2\/product_cat?post=1650"},{"taxonomy":"product_tag","embeddable":true,"href":"https:\/\/muitodoce.com.br\/loja\/wp-json\/wp\/v2\/product_tag?post=1650"}],"curies":[{"name":"wp","href":"https:\/\/api.w.org\/{rel}","templated":true}]}}