{"id":1781,"date":"2025-08-13T15:37:22","date_gmt":"2025-08-13T18:37:22","guid":{"rendered":"https:\/\/muitodoce.com.br\/loja\/produto\/balao-joy-5-cromo-c-25\/"},"modified":"2026-04-13T09:07:34","modified_gmt":"2026-04-13T12:07:34","slug":"balao-joy-5-cromo-c-25","status":"publish","type":"product","link":"https:\/\/muitodoce.com.br\/loja\/produto\/balao-joy-5-cromo-c-25\/","title":{"rendered":"Bal\u00e3o Cromado 5 Polegadas \u2013 25 unidades \u2013 Bexiga de L\u00e1tex \u2013 Joy"},"content":{"rendered":"<p class=\"QN2lPu\">Os bal\u00f5es de l\u00e1tex Joy s\u00e3o ideais para decorar qualquer evento, sendo perfeitos para arcos, colunas, guirlandas e arranjos.\u00a0<strong>Caracter\u00edsticas do Produto:<\/strong><\/p>\n<ul>\n<li class=\"QN2lPu\"><strong>Bal\u00e3o:<\/strong> 5&#8243; polegadas (aproximadamente 12cm de di\u00e2metro);<\/li>\n<li class=\"QN2lPu\"><strong>Pacote<\/strong>: 25 unidades;<\/li>\n<li class=\"QN2lPu\"><strong>Tipo:<\/strong> Cromado;<\/li>\n<li class=\"QN2lPu\"><strong>Formato:<\/strong>\u00a0Redondo;<\/li>\n<li class=\"QN2lPu\"><strong>Uso:<\/strong>\u00a0Profissional;<\/li>\n<li class=\"QN2lPu\"><strong>Qualidade:<\/strong>\u00a0Superior, com cores vibrantes, \u00f3tima resist\u00eancia e longa dura\u00e7\u00e3o.<\/li>\n<\/ul>\n<p class=\"QN2lPu\">Os\u00a0<span style=\"color: #000000;\">Bal\u00f5es Joy<\/span>\u00a0s\u00e3o fabricados com l\u00e1tex natural\u00a0<span style=\"color: #008000;\">BIODEGRAD\u00c1VEL<\/span>\u00a0e as embalagens s\u00e3o feitas de material\u00a0<span style=\"color: #008000;\">100% recicl\u00e1vel!<\/span><\/p>\n<p><strong>Aten\u00e7\u00e3o:\u00a0<\/strong>A cor real do produto pode sofrer varia\u00e7\u00f5es de tonalidade em rela\u00e7\u00e3o \u00e0 foto, devido \u00e0 configura\u00e7\u00e3o da sua tela e \u00e0 ilumina\u00e7\u00e3o da imagem.<\/p>\n","protected":false},"excerpt":{"rendered":"<p>Os bal\u00f5es de l\u00e1tex Joy s\u00e3o ideais para decorar qualquer evento, sendo perfeitos para arcos, colunas, guirlandas e arranjos.\u00a0Caracter\u00edsticas do Produto: Bal\u00e3o: 5&#8243; polegadas (aproximadamente 12cm de di\u00e2metro); Pacote: 25 unidades; Tipo: Cromado; Formato:\u00a0Redondo; Uso:\u00a0Profissional; Qualidade:\u00a0Superior, com cores vibrantes, \u00f3tima resist\u00eancia e longa dura\u00e7\u00e3o. Os\u00a0Bal\u00f5es Joy\u00a0s\u00e3o fabricados com l\u00e1tex natural\u00a0BIODEGRAD\u00c1VEL\u00a0e as embalagens s\u00e3o feitas de [&hellip;]<\/p>\n","protected":false},"featured_media":1802,"template":"","meta":{"_et_pb_use_builder":"","_et_pb_old_content":"","_et_gb_content_width":""},"product_brand":[203],"product_cat":[23,113],"product_tag":[301,215,299,295,297,296,300,303,298,302],"class_list":{"0":"post-1781","1":"product","2":"type-product","3":"status-publish","4":"has-post-thumbnail","6":"product_brand-baloes-joy","7":"product_cat-baloes","8":"product_cat-latex","9":"product_tag-aluminio","10":"product_tag-balao","11":"product_tag-baloes","12":"product_tag-bexiga","13":"product_tag-bexigas","14":"product_tag-bola","15":"product_tag-cromada","16":"product_tag-dourada","17":"product_tag-latex","18":"product_tag-metalizada","19":"pa_cor-azul","20":"pa_cor-azul-escuro","21":"pa_cor-champanhe","22":"pa_cor-chocolate","23":"pa_cor-ouro","24":"pa_cor-pink","25":"pa_cor-prata","26":"pa_cor-rosa","27":"pa_cor-rose-gold","29":"first","30":"outofstock","31":"taxable","32":"shipping-taxable","33":"purchasable","34":"product-type-variable"},"yoast_head":"<!-- This site is optimized with the Yoast SEO plugin v27.4 - https:\/\/yoast.com\/product\/yoast-seo-wordpress\/ -->\n<title>Bal\u00e3o Cromado 5 Polegadas \u2013 25 unidades \u2013 Bexiga de L\u00e1tex \u2013 Joy - Muito Doce<\/title>\n<meta name=\"robots\" content=\"index, follow, max-snippet:-1, max-image-preview:large, max-video-preview:-1\" \/>\n<link rel=\"canonical\" href=\"https:\/\/muitodoce.com.br\/loja\/produto\/balao-joy-5-cromo-c-25\/\" \/>\n<meta property=\"og:locale\" content=\"pt_BR\" \/>\n<meta property=\"og:type\" content=\"article\" \/>\n<meta property=\"og:title\" content=\"Bal\u00e3o Cromado 5 Polegadas \u2013 25 unidades \u2013 Bexiga de L\u00e1tex \u2013 Joy - Muito Doce\" \/>\n<meta property=\"og:description\" content=\"Os bal\u00f5es de l\u00e1tex Joy s\u00e3o ideais para decorar qualquer evento, sendo perfeitos para arcos, colunas, guirlandas e arranjos.\u00a0Caracter\u00edsticas do Produto: Bal\u00e3o: 5&#8243; polegadas (aproximadamente 12cm de di\u00e2metro); Pacote: 25 unidades; Tipo: Cromado; Formato:\u00a0Redondo; Uso:\u00a0Profissional; Qualidade:\u00a0Superior, com cores vibrantes, \u00f3tima resist\u00eancia e longa dura\u00e7\u00e3o. Os\u00a0Bal\u00f5es Joy\u00a0s\u00e3o fabricados com l\u00e1tex natural\u00a0BIODEGRAD\u00c1VEL\u00a0e as embalagens s\u00e3o feitas de [&hellip;]\" \/>\n<meta property=\"og:url\" content=\"https:\/\/muitodoce.com.br\/loja\/produto\/balao-joy-5-cromo-c-25\/\" \/>\n<meta property=\"og:site_name\" content=\"Muito Doce\" \/>\n<meta property=\"article:modified_time\" content=\"2026-04-13T12:07:34+00:00\" \/>\n<meta property=\"og:image\" content=\"https:\/\/muitodoce.com.br\/loja\/wp-content\/uploads\/2025\/08\/CAPA-PARA-BALOES.jpg\" \/>\n\t<meta property=\"og:image:width\" content=\"1024\" \/>\n\t<meta property=\"og:image:height\" content=\"1024\" \/>\n\t<meta property=\"og:image:type\" content=\"image\/jpeg\" \/>\n<meta name=\"twitter:card\" content=\"summary_large_image\" \/>\n<meta name=\"twitter:label1\" content=\"Est. tempo de leitura\" \/>\n\t<meta name=\"twitter:data1\" content=\"1 minuto\" \/>\n<script type=\"application\/ld+json\" class=\"yoast-schema-graph\">{\"@context\":\"https:\\\/\\\/schema.org\",\"@graph\":[{\"@type\":\"WebPage\",\"@id\":\"https:\\\/\\\/muitodoce.com.br\\\/loja\\\/produto\\\/balao-joy-5-cromo-c-25\\\/\",\"url\":\"https:\\\/\\\/muitodoce.com.br\\\/loja\\\/produto\\\/balao-joy-5-cromo-c-25\\\/\",\"name\":\"Bal\u00e3o Cromado 5 Polegadas \u2013 25 unidades \u2013 Bexiga de L\u00e1tex \u2013 Joy - Muito Doce\",\"isPartOf\":{\"@id\":\"https:\\\/\\\/muitodoce.com.br\\\/loja\\\/#website\"},\"primaryImageOfPage\":{\"@id\":\"https:\\\/\\\/muitodoce.com.br\\\/loja\\\/produto\\\/balao-joy-5-cromo-c-25\\\/#primaryimage\"},\"image\":{\"@id\":\"https:\\\/\\\/muitodoce.com.br\\\/loja\\\/produto\\\/balao-joy-5-cromo-c-25\\\/#primaryimage\"},\"thumbnailUrl\":\"https:\\\/\\\/muitodoce.com.br\\\/loja\\\/wp-content\\\/uploads\\\/2025\\\/08\\\/CAPA-PARA-BALOES.jpg\",\"datePublished\":\"2025-08-13T18:37:22+00:00\",\"dateModified\":\"2026-04-13T12:07:34+00:00\",\"breadcrumb\":{\"@id\":\"https:\\\/\\\/muitodoce.com.br\\\/loja\\\/produto\\\/balao-joy-5-cromo-c-25\\\/#breadcrumb\"},\"inLanguage\":\"pt-BR\",\"potentialAction\":[{\"@type\":\"ReadAction\",\"target\":[\"https:\\\/\\\/muitodoce.com.br\\\/loja\\\/produto\\\/balao-joy-5-cromo-c-25\\\/\"]}]},{\"@type\":\"ImageObject\",\"inLanguage\":\"pt-BR\",\"@id\":\"https:\\\/\\\/muitodoce.com.br\\\/loja\\\/produto\\\/balao-joy-5-cromo-c-25\\\/#primaryimage\",\"url\":\"https:\\\/\\\/muitodoce.com.br\\\/loja\\\/wp-content\\\/uploads\\\/2025\\\/08\\\/CAPA-PARA-BALOES.jpg\",\"contentUrl\":\"https:\\\/\\\/muitodoce.com.br\\\/loja\\\/wp-content\\\/uploads\\\/2025\\\/08\\\/CAPA-PARA-BALOES.jpg\",\"width\":1024,\"height\":1024},{\"@type\":\"BreadcrumbList\",\"@id\":\"https:\\\/\\\/muitodoce.com.br\\\/loja\\\/produto\\\/balao-joy-5-cromo-c-25\\\/#breadcrumb\",\"itemListElement\":[{\"@type\":\"ListItem\",\"position\":1,\"name\":\"In\u00edcio\",\"item\":\"https:\\\/\\\/muitodoce.com.br\\\/loja\\\/\"},{\"@type\":\"ListItem\",\"position\":2,\"name\":\"Loja\",\"item\":\"https:\\\/\\\/muitodoce.com.br\\\/loja\\\/loja\\\/\"},{\"@type\":\"ListItem\",\"position\":3,\"name\":\"Bal\u00e3o Cromado 5 Polegadas \u2013 25 unidades \u2013 Bexiga de L\u00e1tex \u2013 Joy\"}]},{\"@type\":\"WebSite\",\"@id\":\"https:\\\/\\\/muitodoce.com.br\\\/loja\\\/#website\",\"url\":\"https:\\\/\\\/muitodoce.com.br\\\/loja\\\/\",\"name\":\"Muito Doce\",\"description\":\"Doces e Artigos para Festas\",\"potentialAction\":[{\"@type\":\"SearchAction\",\"target\":{\"@type\":\"EntryPoint\",\"urlTemplate\":\"https:\\\/\\\/muitodoce.com.br\\\/loja\\\/?s={search_term_string}\"},\"query-input\":{\"@type\":\"PropertyValueSpecification\",\"valueRequired\":true,\"valueName\":\"search_term_string\"}}],\"inLanguage\":\"pt-BR\"}]}<\/script>\n<!-- \/ Yoast SEO plugin. -->","yoast_head_json":{"title":"Bal\u00e3o Cromado 5 Polegadas \u2013 25 unidades \u2013 Bexiga de L\u00e1tex \u2013 Joy - Muito Doce","robots":{"index":"index","follow":"follow","max-snippet":"max-snippet:-1","max-image-preview":"max-image-preview:large","max-video-preview":"max-video-preview:-1"},"canonical":"https:\/\/muitodoce.com.br\/loja\/produto\/balao-joy-5-cromo-c-25\/","og_locale":"pt_BR","og_type":"article","og_title":"Bal\u00e3o Cromado 5 Polegadas \u2013 25 unidades \u2013 Bexiga de L\u00e1tex \u2013 Joy - Muito Doce","og_description":"Os bal\u00f5es de l\u00e1tex Joy s\u00e3o ideais para decorar qualquer evento, sendo perfeitos para arcos, colunas, guirlandas e arranjos.\u00a0Caracter\u00edsticas do Produto: Bal\u00e3o: 5&#8243; polegadas (aproximadamente 12cm de di\u00e2metro); Pacote: 25 unidades; Tipo: Cromado; Formato:\u00a0Redondo; Uso:\u00a0Profissional; Qualidade:\u00a0Superior, com cores vibrantes, \u00f3tima resist\u00eancia e longa dura\u00e7\u00e3o. Os\u00a0Bal\u00f5es Joy\u00a0s\u00e3o fabricados com l\u00e1tex natural\u00a0BIODEGRAD\u00c1VEL\u00a0e as embalagens s\u00e3o feitas de [&hellip;]","og_url":"https:\/\/muitodoce.com.br\/loja\/produto\/balao-joy-5-cromo-c-25\/","og_site_name":"Muito Doce","article_modified_time":"2026-04-13T12:07:34+00:00","og_image":[{"width":1024,"height":1024,"url":"https:\/\/muitodoce.com.br\/loja\/wp-content\/uploads\/2025\/08\/CAPA-PARA-BALOES.jpg","type":"image\/jpeg"}],"twitter_card":"summary_large_image","twitter_misc":{"Est. tempo de leitura":"1 minuto"},"schema":{"@context":"https:\/\/schema.org","@graph":[{"@type":"WebPage","@id":"https:\/\/muitodoce.com.br\/loja\/produto\/balao-joy-5-cromo-c-25\/","url":"https:\/\/muitodoce.com.br\/loja\/produto\/balao-joy-5-cromo-c-25\/","name":"Bal\u00e3o Cromado 5 Polegadas \u2013 25 unidades \u2013 Bexiga de L\u00e1tex \u2013 Joy - Muito Doce","isPartOf":{"@id":"https:\/\/muitodoce.com.br\/loja\/#website"},"primaryImageOfPage":{"@id":"https:\/\/muitodoce.com.br\/loja\/produto\/balao-joy-5-cromo-c-25\/#primaryimage"},"image":{"@id":"https:\/\/muitodoce.com.br\/loja\/produto\/balao-joy-5-cromo-c-25\/#primaryimage"},"thumbnailUrl":"https:\/\/muitodoce.com.br\/loja\/wp-content\/uploads\/2025\/08\/CAPA-PARA-BALOES.jpg","datePublished":"2025-08-13T18:37:22+00:00","dateModified":"2026-04-13T12:07:34+00:00","breadcrumb":{"@id":"https:\/\/muitodoce.com.br\/loja\/produto\/balao-joy-5-cromo-c-25\/#breadcrumb"},"inLanguage":"pt-BR","potentialAction":[{"@type":"ReadAction","target":["https:\/\/muitodoce.com.br\/loja\/produto\/balao-joy-5-cromo-c-25\/"]}]},{"@type":"ImageObject","inLanguage":"pt-BR","@id":"https:\/\/muitodoce.com.br\/loja\/produto\/balao-joy-5-cromo-c-25\/#primaryimage","url":"https:\/\/muitodoce.com.br\/loja\/wp-content\/uploads\/2025\/08\/CAPA-PARA-BALOES.jpg","contentUrl":"https:\/\/muitodoce.com.br\/loja\/wp-content\/uploads\/2025\/08\/CAPA-PARA-BALOES.jpg","width":1024,"height":1024},{"@type":"BreadcrumbList","@id":"https:\/\/muitodoce.com.br\/loja\/produto\/balao-joy-5-cromo-c-25\/#breadcrumb","itemListElement":[{"@type":"ListItem","position":1,"name":"In\u00edcio","item":"https:\/\/muitodoce.com.br\/loja\/"},{"@type":"ListItem","position":2,"name":"Loja","item":"https:\/\/muitodoce.com.br\/loja\/loja\/"},{"@type":"ListItem","position":3,"name":"Bal\u00e3o Cromado 5 Polegadas \u2013 25 unidades \u2013 Bexiga de L\u00e1tex \u2013 Joy"}]},{"@type":"WebSite","@id":"https:\/\/muitodoce.com.br\/loja\/#website","url":"https:\/\/muitodoce.com.br\/loja\/","name":"Muito Doce","description":"Doces e Artigos para Festas","potentialAction":[{"@type":"SearchAction","target":{"@type":"EntryPoint","urlTemplate":"https:\/\/muitodoce.com.br\/loja\/?s={search_term_string}"},"query-input":{"@type":"PropertyValueSpecification","valueRequired":true,"valueName":"search_term_string"}}],"inLanguage":"pt-BR"}]}},"_links":{"self":[{"href":"https:\/\/muitodoce.com.br\/loja\/wp-json\/wp\/v2\/product\/1781","targetHints":{"allow":["GET"]}}],"collection":[{"href":"https:\/\/muitodoce.com.br\/loja\/wp-json\/wp\/v2\/product"}],"about":[{"href":"https:\/\/muitodoce.com.br\/loja\/wp-json\/wp\/v2\/types\/product"}],"wp:featuredmedia":[{"embeddable":true,"href":"https:\/\/muitodoce.com.br\/loja\/wp-json\/wp\/v2\/media\/1802"}],"wp:attachment":[{"href":"https:\/\/muitodoce.com.br\/loja\/wp-json\/wp\/v2\/media?parent=1781"}],"wp:term":[{"taxonomy":"product_brand","embeddable":true,"href":"https:\/\/muitodoce.com.br\/loja\/wp-json\/wp\/v2\/product_brand?post=1781"},{"taxonomy":"product_cat","embeddable":true,"href":"https:\/\/muitodoce.com.br\/loja\/wp-json\/wp\/v2\/product_cat?post=1781"},{"taxonomy":"product_tag","embeddable":true,"href":"https:\/\/muitodoce.com.br\/loja\/wp-json\/wp\/v2\/product_tag?post=1781"}],"curies":[{"name":"wp","href":"https:\/\/api.w.org\/{rel}","templated":true}]}}