{"id":1910,"date":"2025-08-19T13:43:56","date_gmt":"2025-08-19T16:43:56","guid":{"rendered":"https:\/\/muitodoce.com.br\/loja\/produto\/balao-hday-11-liso-c-50\/"},"modified":"2025-08-19T15:37:05","modified_gmt":"2025-08-19T18:37:05","slug":"balao-hday-11-liso-c-50","status":"publish","type":"product","link":"https:\/\/muitodoce.com.br\/loja\/produto\/balao-hday-11-liso-c-50\/","title":{"rendered":"Bal\u00e3o Liso 11 Polegadas \u2013 50 unidades \u2013 Bexiga de L\u00e1tex \u2013 Happy Day"},"content":{"rendered":"<p class=\"QN2lPu\">Os bal\u00f5es de l\u00e1tex Happy Day s\u00e3o ideais para decorar qualquer evento, sendo perfeitos para arcos, colunas, guirlandas e arranjos criativos.\u00a0<strong>Caracter\u00edsticas do Produto:<\/strong><\/p>\n<ul>\n<li class=\"QN2lPu\"><strong>Bal\u00e3o:<\/strong> 11&#8243; polegadas (aproximadamente 27cm de di\u00e2metro);<\/li>\n<li class=\"QN2lPu\"><strong>Pacote<\/strong>: 50 unidades;<\/li>\n<li class=\"QN2lPu\"><strong>Tipo<\/strong>: Liso;<\/li>\n<li class=\"QN2lPu\"><strong>Formato:<\/strong>\u00a0Redondo;<\/li>\n<li class=\"QN2lPu\"><strong>Qualidade:<\/strong>\u00a0Alta, com cores vibrantes e \u00f3tima resist\u00eancia.<\/li>\n<\/ul>\n<p class=\"QN2lPu\">Os bal\u00f5es Happy Day s\u00e3o\u00a0<span style=\"color: #008000;\">biodegrad\u00e1veis<\/span>\u00a0e as embalagens s\u00e3o de material\u00a0<span style=\"color: #008000;\">100% recicl\u00e1vel!<\/span><\/p>\n<p class=\"QN2lPu\"><strong>Aten\u00e7\u00e3o:\u00a0<\/strong>A cor real do produto pode sofrer varia\u00e7\u00f5es de tonalidade em rela\u00e7\u00e3o \u00e0 foto, devido \u00e0 configura\u00e7\u00e3o da sua tela e \u00e0 ilumina\u00e7\u00e3o da imagem.<\/p>\n","protected":false},"excerpt":{"rendered":"<p>Os bal\u00f5es de l\u00e1tex Happy Day s\u00e3o ideais para decorar qualquer evento, sendo perfeitos para arcos, colunas, guirlandas e arranjos criativos.\u00a0Caracter\u00edsticas do Produto: Bal\u00e3o: 11&#8243; polegadas (aproximadamente 27cm de di\u00e2metro); Pacote: 50 unidades; Tipo: Liso; Formato:\u00a0Redondo; Qualidade:\u00a0Alta, com cores vibrantes e \u00f3tima resist\u00eancia. Os bal\u00f5es Happy Day s\u00e3o\u00a0biodegrad\u00e1veis\u00a0e as embalagens s\u00e3o de material\u00a0100% recicl\u00e1vel! Aten\u00e7\u00e3o:\u00a0A [&hellip;]<\/p>\n","protected":false},"featured_media":1941,"template":"","meta":{"_et_pb_use_builder":"","_et_pb_old_content":"","_et_gb_content_width":""},"product_brand":[224],"product_cat":[23,113],"product_tag":[215,299,295,297,296,298],"class_list":{"0":"post-1910","1":"product","2":"type-product","3":"status-publish","4":"has-post-thumbnail","6":"product_brand-happy-day","7":"product_cat-baloes","8":"product_cat-latex","9":"product_tag-balao","10":"product_tag-baloes","11":"product_tag-bexiga","12":"product_tag-bexigas","13":"product_tag-bola","14":"product_tag-latex","15":"pa_cor-amarelo","16":"pa_cor-azul","17":"pa_cor-azul-celeste","18":"pa_cor-azul-claro","19":"pa_cor-azul-tiffany","20":"pa_cor-branco","21":"pa_cor-cristal","22":"pa_cor-laranja","23":"pa_cor-lilas","24":"pa_cor-marsala","25":"pa_cor-preto","26":"pa_cor-rosa","27":"pa_cor-verde-bandeira","28":"pa_cor-verde-citrus","29":"pa_cor-vermelho","31":"first","32":"outofstock","33":"taxable","34":"shipping-taxable","35":"purchasable","36":"product-type-variable"},"yoast_head":"<!-- This site is optimized with the Yoast SEO plugin v27.4 - https:\/\/yoast.com\/product\/yoast-seo-wordpress\/ -->\n<title>Bal\u00e3o Liso 11 Polegadas \u2013 50 unidades \u2013 Bexiga de L\u00e1tex \u2013 Happy Day - Muito Doce<\/title>\n<meta name=\"robots\" content=\"index, follow, max-snippet:-1, max-image-preview:large, max-video-preview:-1\" \/>\n<link rel=\"canonical\" href=\"https:\/\/muitodoce.com.br\/loja\/produto\/balao-hday-11-liso-c-50\/\" \/>\n<meta property=\"og:locale\" content=\"pt_BR\" \/>\n<meta property=\"og:type\" content=\"article\" \/>\n<meta property=\"og:title\" content=\"Bal\u00e3o Liso 11 Polegadas \u2013 50 unidades \u2013 Bexiga de L\u00e1tex \u2013 Happy Day - Muito Doce\" \/>\n<meta property=\"og:description\" content=\"Os bal\u00f5es de l\u00e1tex Happy Day s\u00e3o ideais para decorar qualquer evento, sendo perfeitos para arcos, colunas, guirlandas e arranjos criativos.\u00a0Caracter\u00edsticas do Produto: Bal\u00e3o: 11&#8243; polegadas (aproximadamente 27cm de di\u00e2metro); Pacote: 50 unidades; Tipo: Liso; Formato:\u00a0Redondo; Qualidade:\u00a0Alta, com cores vibrantes e \u00f3tima resist\u00eancia. Os bal\u00f5es Happy Day s\u00e3o\u00a0biodegrad\u00e1veis\u00a0e as embalagens s\u00e3o de material\u00a0100% recicl\u00e1vel! Aten\u00e7\u00e3o:\u00a0A [&hellip;]\" \/>\n<meta property=\"og:url\" content=\"https:\/\/muitodoce.com.br\/loja\/produto\/balao-hday-11-liso-c-50\/\" \/>\n<meta property=\"og:site_name\" content=\"Muito Doce\" \/>\n<meta property=\"article:modified_time\" content=\"2025-08-19T18:37:05+00:00\" \/>\n<meta property=\"og:image\" content=\"https:\/\/muitodoce.com.br\/loja\/wp-content\/uploads\/2025\/08\/CAPA-11-LISO.jpg\" \/>\n\t<meta property=\"og:image:width\" content=\"1024\" \/>\n\t<meta property=\"og:image:height\" content=\"1024\" \/>\n\t<meta property=\"og:image:type\" content=\"image\/jpeg\" \/>\n<meta name=\"twitter:card\" content=\"summary_large_image\" \/>\n<meta name=\"twitter:label1\" content=\"Est. tempo de leitura\" \/>\n\t<meta name=\"twitter:data1\" content=\"1 minuto\" \/>\n<script type=\"application\/ld+json\" class=\"yoast-schema-graph\">{\"@context\":\"https:\\\/\\\/schema.org\",\"@graph\":[{\"@type\":\"WebPage\",\"@id\":\"https:\\\/\\\/muitodoce.com.br\\\/loja\\\/produto\\\/balao-hday-11-liso-c-50\\\/\",\"url\":\"https:\\\/\\\/muitodoce.com.br\\\/loja\\\/produto\\\/balao-hday-11-liso-c-50\\\/\",\"name\":\"Bal\u00e3o Liso 11 Polegadas \u2013 50 unidades \u2013 Bexiga de L\u00e1tex \u2013 Happy Day - Muito Doce\",\"isPartOf\":{\"@id\":\"https:\\\/\\\/muitodoce.com.br\\\/loja\\\/#website\"},\"primaryImageOfPage\":{\"@id\":\"https:\\\/\\\/muitodoce.com.br\\\/loja\\\/produto\\\/balao-hday-11-liso-c-50\\\/#primaryimage\"},\"image\":{\"@id\":\"https:\\\/\\\/muitodoce.com.br\\\/loja\\\/produto\\\/balao-hday-11-liso-c-50\\\/#primaryimage\"},\"thumbnailUrl\":\"https:\\\/\\\/muitodoce.com.br\\\/loja\\\/wp-content\\\/uploads\\\/2025\\\/08\\\/CAPA-11-LISO.jpg\",\"datePublished\":\"2025-08-19T16:43:56+00:00\",\"dateModified\":\"2025-08-19T18:37:05+00:00\",\"breadcrumb\":{\"@id\":\"https:\\\/\\\/muitodoce.com.br\\\/loja\\\/produto\\\/balao-hday-11-liso-c-50\\\/#breadcrumb\"},\"inLanguage\":\"pt-BR\",\"potentialAction\":[{\"@type\":\"ReadAction\",\"target\":[\"https:\\\/\\\/muitodoce.com.br\\\/loja\\\/produto\\\/balao-hday-11-liso-c-50\\\/\"]}]},{\"@type\":\"ImageObject\",\"inLanguage\":\"pt-BR\",\"@id\":\"https:\\\/\\\/muitodoce.com.br\\\/loja\\\/produto\\\/balao-hday-11-liso-c-50\\\/#primaryimage\",\"url\":\"https:\\\/\\\/muitodoce.com.br\\\/loja\\\/wp-content\\\/uploads\\\/2025\\\/08\\\/CAPA-11-LISO.jpg\",\"contentUrl\":\"https:\\\/\\\/muitodoce.com.br\\\/loja\\\/wp-content\\\/uploads\\\/2025\\\/08\\\/CAPA-11-LISO.jpg\",\"width\":1024,\"height\":1024},{\"@type\":\"BreadcrumbList\",\"@id\":\"https:\\\/\\\/muitodoce.com.br\\\/loja\\\/produto\\\/balao-hday-11-liso-c-50\\\/#breadcrumb\",\"itemListElement\":[{\"@type\":\"ListItem\",\"position\":1,\"name\":\"In\u00edcio\",\"item\":\"https:\\\/\\\/muitodoce.com.br\\\/loja\\\/\"},{\"@type\":\"ListItem\",\"position\":2,\"name\":\"Loja\",\"item\":\"https:\\\/\\\/muitodoce.com.br\\\/loja\\\/loja\\\/\"},{\"@type\":\"ListItem\",\"position\":3,\"name\":\"Bal\u00e3o Liso 11 Polegadas \u2013 50 unidades \u2013 Bexiga de L\u00e1tex \u2013 Happy Day\"}]},{\"@type\":\"WebSite\",\"@id\":\"https:\\\/\\\/muitodoce.com.br\\\/loja\\\/#website\",\"url\":\"https:\\\/\\\/muitodoce.com.br\\\/loja\\\/\",\"name\":\"Muito Doce\",\"description\":\"Doces e Artigos para Festas\",\"potentialAction\":[{\"@type\":\"SearchAction\",\"target\":{\"@type\":\"EntryPoint\",\"urlTemplate\":\"https:\\\/\\\/muitodoce.com.br\\\/loja\\\/?s={search_term_string}\"},\"query-input\":{\"@type\":\"PropertyValueSpecification\",\"valueRequired\":true,\"valueName\":\"search_term_string\"}}],\"inLanguage\":\"pt-BR\"}]}<\/script>\n<!-- \/ Yoast SEO plugin. -->","yoast_head_json":{"title":"Bal\u00e3o Liso 11 Polegadas \u2013 50 unidades \u2013 Bexiga de L\u00e1tex \u2013 Happy Day - Muito Doce","robots":{"index":"index","follow":"follow","max-snippet":"max-snippet:-1","max-image-preview":"max-image-preview:large","max-video-preview":"max-video-preview:-1"},"canonical":"https:\/\/muitodoce.com.br\/loja\/produto\/balao-hday-11-liso-c-50\/","og_locale":"pt_BR","og_type":"article","og_title":"Bal\u00e3o Liso 11 Polegadas \u2013 50 unidades \u2013 Bexiga de L\u00e1tex \u2013 Happy Day - Muito Doce","og_description":"Os bal\u00f5es de l\u00e1tex Happy Day s\u00e3o ideais para decorar qualquer evento, sendo perfeitos para arcos, colunas, guirlandas e arranjos criativos.\u00a0Caracter\u00edsticas do Produto: Bal\u00e3o: 11&#8243; polegadas (aproximadamente 27cm de di\u00e2metro); Pacote: 50 unidades; Tipo: Liso; Formato:\u00a0Redondo; Qualidade:\u00a0Alta, com cores vibrantes e \u00f3tima resist\u00eancia. Os bal\u00f5es Happy Day s\u00e3o\u00a0biodegrad\u00e1veis\u00a0e as embalagens s\u00e3o de material\u00a0100% recicl\u00e1vel! Aten\u00e7\u00e3o:\u00a0A [&hellip;]","og_url":"https:\/\/muitodoce.com.br\/loja\/produto\/balao-hday-11-liso-c-50\/","og_site_name":"Muito Doce","article_modified_time":"2025-08-19T18:37:05+00:00","og_image":[{"width":1024,"height":1024,"url":"https:\/\/muitodoce.com.br\/loja\/wp-content\/uploads\/2025\/08\/CAPA-11-LISO.jpg","type":"image\/jpeg"}],"twitter_card":"summary_large_image","twitter_misc":{"Est. tempo de leitura":"1 minuto"},"schema":{"@context":"https:\/\/schema.org","@graph":[{"@type":"WebPage","@id":"https:\/\/muitodoce.com.br\/loja\/produto\/balao-hday-11-liso-c-50\/","url":"https:\/\/muitodoce.com.br\/loja\/produto\/balao-hday-11-liso-c-50\/","name":"Bal\u00e3o Liso 11 Polegadas \u2013 50 unidades \u2013 Bexiga de L\u00e1tex \u2013 Happy Day - Muito Doce","isPartOf":{"@id":"https:\/\/muitodoce.com.br\/loja\/#website"},"primaryImageOfPage":{"@id":"https:\/\/muitodoce.com.br\/loja\/produto\/balao-hday-11-liso-c-50\/#primaryimage"},"image":{"@id":"https:\/\/muitodoce.com.br\/loja\/produto\/balao-hday-11-liso-c-50\/#primaryimage"},"thumbnailUrl":"https:\/\/muitodoce.com.br\/loja\/wp-content\/uploads\/2025\/08\/CAPA-11-LISO.jpg","datePublished":"2025-08-19T16:43:56+00:00","dateModified":"2025-08-19T18:37:05+00:00","breadcrumb":{"@id":"https:\/\/muitodoce.com.br\/loja\/produto\/balao-hday-11-liso-c-50\/#breadcrumb"},"inLanguage":"pt-BR","potentialAction":[{"@type":"ReadAction","target":["https:\/\/muitodoce.com.br\/loja\/produto\/balao-hday-11-liso-c-50\/"]}]},{"@type":"ImageObject","inLanguage":"pt-BR","@id":"https:\/\/muitodoce.com.br\/loja\/produto\/balao-hday-11-liso-c-50\/#primaryimage","url":"https:\/\/muitodoce.com.br\/loja\/wp-content\/uploads\/2025\/08\/CAPA-11-LISO.jpg","contentUrl":"https:\/\/muitodoce.com.br\/loja\/wp-content\/uploads\/2025\/08\/CAPA-11-LISO.jpg","width":1024,"height":1024},{"@type":"BreadcrumbList","@id":"https:\/\/muitodoce.com.br\/loja\/produto\/balao-hday-11-liso-c-50\/#breadcrumb","itemListElement":[{"@type":"ListItem","position":1,"name":"In\u00edcio","item":"https:\/\/muitodoce.com.br\/loja\/"},{"@type":"ListItem","position":2,"name":"Loja","item":"https:\/\/muitodoce.com.br\/loja\/loja\/"},{"@type":"ListItem","position":3,"name":"Bal\u00e3o Liso 11 Polegadas \u2013 50 unidades \u2013 Bexiga de L\u00e1tex \u2013 Happy Day"}]},{"@type":"WebSite","@id":"https:\/\/muitodoce.com.br\/loja\/#website","url":"https:\/\/muitodoce.com.br\/loja\/","name":"Muito Doce","description":"Doces e Artigos para Festas","potentialAction":[{"@type":"SearchAction","target":{"@type":"EntryPoint","urlTemplate":"https:\/\/muitodoce.com.br\/loja\/?s={search_term_string}"},"query-input":{"@type":"PropertyValueSpecification","valueRequired":true,"valueName":"search_term_string"}}],"inLanguage":"pt-BR"}]}},"_links":{"self":[{"href":"https:\/\/muitodoce.com.br\/loja\/wp-json\/wp\/v2\/product\/1910","targetHints":{"allow":["GET"]}}],"collection":[{"href":"https:\/\/muitodoce.com.br\/loja\/wp-json\/wp\/v2\/product"}],"about":[{"href":"https:\/\/muitodoce.com.br\/loja\/wp-json\/wp\/v2\/types\/product"}],"wp:featuredmedia":[{"embeddable":true,"href":"https:\/\/muitodoce.com.br\/loja\/wp-json\/wp\/v2\/media\/1941"}],"wp:attachment":[{"href":"https:\/\/muitodoce.com.br\/loja\/wp-json\/wp\/v2\/media?parent=1910"}],"wp:term":[{"taxonomy":"product_brand","embeddable":true,"href":"https:\/\/muitodoce.com.br\/loja\/wp-json\/wp\/v2\/product_brand?post=1910"},{"taxonomy":"product_cat","embeddable":true,"href":"https:\/\/muitodoce.com.br\/loja\/wp-json\/wp\/v2\/product_cat?post=1910"},{"taxonomy":"product_tag","embeddable":true,"href":"https:\/\/muitodoce.com.br\/loja\/wp-json\/wp\/v2\/product_tag?post=1910"}],"curies":[{"name":"wp","href":"https:\/\/api.w.org\/{rel}","templated":true}]}}