{"id":2050,"date":"2025-08-25T13:47:12","date_gmt":"2025-08-25T16:47:12","guid":{"rendered":"https:\/\/muitodoce.com.br\/loja\/produto\/copo-de-papel-dory-180ml-c-8\/"},"modified":"2026-04-13T15:24:41","modified_gmt":"2026-04-13T18:24:41","slug":"copo-de-papel-dory-180ml-c-8","status":"publish","type":"product","link":"https:\/\/muitodoce.com.br\/loja\/produto\/copo-de-papel-dory-180ml-c-8\/","title":{"rendered":"Copo de Papel Procurando Dory \u2013 180ml &#8211; c\/8"},"content":{"rendered":"<p>Sirva as bebidas com toda a alegria do fundo do mar! O <b>Copo de Papel Procurando Dory<\/b> \u00e9 perfeito para refrigerantes, sucos e \u00e1gua, trazendo a magia da Dory e seus amigos para a mesa de sua festa.<\/p>\n<p><strong>Caracter\u00edsticas:\u00a0<\/strong><\/p>\n<ul>\n<li><strong>Composi\u00e7\u00e3o:\u00a0<\/strong>Polipapel<\/li>\n<li><strong>Capacidade<\/strong>: 180ml<\/li>\n<li><strong>Cont\u00e9m<\/strong>: 8 unidades<\/li>\n<li><strong>Design:<\/strong> Estampa filme &#8220;Procurando Dory&#8221;<\/li>\n<li><strong>Qualidade<\/strong>: Superior<\/li>\n<\/ul>\n<p>Deixe a magia do oceano invadir sua festa com o Copo Procurando Dory!<\/p>\n","protected":false},"excerpt":{"rendered":"<p>Sirva as bebidas com toda a alegria do fundo do mar! O Copo de Papel Procurando Dory \u00e9 perfeito para refrigerantes, sucos e \u00e1gua, trazendo a magia da Dory e seus amigos para a mesa de sua festa. Caracter\u00edsticas:\u00a0 Composi\u00e7\u00e3o:\u00a0Polipapel Capacidade: 180ml Cont\u00e9m: 8 unidades Design: Estampa filme &#8220;Procurando Dory&#8221; Qualidade: Superior Deixe a magia [&hellip;]<\/p>\n","protected":false},"featured_media":2067,"template":"","meta":{"_et_pb_use_builder":"","_et_pb_old_content":"","_et_gb_content_width":""},"product_brand":[200],"product_cat":[251,305,27],"product_tag":[],"class_list":{"0":"post-2050","1":"product","2":"type-product","3":"status-publish","4":"has-post-thumbnail","6":"product_brand-regina","7":"product_cat-copo","8":"product_cat-dory","9":"product_cat-temas-de-aniversario","11":"first","12":"instock","13":"taxable","14":"shipping-taxable","15":"purchasable","16":"product-type-simple"},"yoast_head":"<!-- This site is optimized with the Yoast SEO plugin v27.3 - https:\/\/yoast.com\/product\/yoast-seo-wordpress\/ -->\n<title>Copo de Papel Procurando Dory \u2013 180ml - c\/8 - Muito Doce<\/title>\n<meta name=\"robots\" content=\"index, follow, max-snippet:-1, max-image-preview:large, max-video-preview:-1\" \/>\n<link rel=\"canonical\" href=\"https:\/\/muitodoce.com.br\/loja\/produto\/copo-de-papel-dory-180ml-c-8\/\" \/>\n<meta property=\"og:locale\" content=\"pt_BR\" \/>\n<meta property=\"og:type\" content=\"article\" \/>\n<meta property=\"og:title\" content=\"Copo de Papel Procurando Dory \u2013 180ml - c\/8 - Muito Doce\" \/>\n<meta property=\"og:description\" content=\"Sirva as bebidas com toda a alegria do fundo do mar! O Copo de Papel Procurando Dory \u00e9 perfeito para refrigerantes, sucos e \u00e1gua, trazendo a magia da Dory e seus amigos para a mesa de sua festa. Caracter\u00edsticas:\u00a0 Composi\u00e7\u00e3o:\u00a0Polipapel Capacidade: 180ml Cont\u00e9m: 8 unidades Design: Estampa filme &#8220;Procurando Dory&#8221; Qualidade: Superior Deixe a magia [&hellip;]\" \/>\n<meta property=\"og:url\" content=\"https:\/\/muitodoce.com.br\/loja\/produto\/copo-de-papel-dory-180ml-c-8\/\" \/>\n<meta property=\"og:site_name\" content=\"Muito Doce\" \/>\n<meta property=\"article:modified_time\" content=\"2026-04-13T18:24:41+00:00\" \/>\n<meta property=\"og:image\" content=\"https:\/\/muitodoce.com.br\/loja\/wp-content\/uploads\/2025\/08\/copo.webp\" \/>\n\t<meta property=\"og:image:width\" content=\"1000\" \/>\n\t<meta property=\"og:image:height\" content=\"1000\" \/>\n\t<meta property=\"og:image:type\" content=\"image\/webp\" \/>\n<meta name=\"twitter:card\" content=\"summary_large_image\" \/>\n<meta name=\"twitter:label1\" content=\"Est. tempo de leitura\" \/>\n\t<meta name=\"twitter:data1\" content=\"1 minuto\" \/>\n<script type=\"application\/ld+json\" class=\"yoast-schema-graph\">{\"@context\":\"https:\\\/\\\/schema.org\",\"@graph\":[{\"@type\":\"WebPage\",\"@id\":\"https:\\\/\\\/muitodoce.com.br\\\/loja\\\/produto\\\/copo-de-papel-dory-180ml-c-8\\\/\",\"url\":\"https:\\\/\\\/muitodoce.com.br\\\/loja\\\/produto\\\/copo-de-papel-dory-180ml-c-8\\\/\",\"name\":\"Copo de Papel Procurando Dory \u2013 180ml - c\\\/8 - Muito Doce\",\"isPartOf\":{\"@id\":\"https:\\\/\\\/muitodoce.com.br\\\/loja\\\/#website\"},\"primaryImageOfPage\":{\"@id\":\"https:\\\/\\\/muitodoce.com.br\\\/loja\\\/produto\\\/copo-de-papel-dory-180ml-c-8\\\/#primaryimage\"},\"image\":{\"@id\":\"https:\\\/\\\/muitodoce.com.br\\\/loja\\\/produto\\\/copo-de-papel-dory-180ml-c-8\\\/#primaryimage\"},\"thumbnailUrl\":\"https:\\\/\\\/muitodoce.com.br\\\/loja\\\/wp-content\\\/uploads\\\/2025\\\/08\\\/copo.webp\",\"datePublished\":\"2025-08-25T16:47:12+00:00\",\"dateModified\":\"2026-04-13T18:24:41+00:00\",\"breadcrumb\":{\"@id\":\"https:\\\/\\\/muitodoce.com.br\\\/loja\\\/produto\\\/copo-de-papel-dory-180ml-c-8\\\/#breadcrumb\"},\"inLanguage\":\"pt-BR\",\"potentialAction\":[{\"@type\":\"ReadAction\",\"target\":[\"https:\\\/\\\/muitodoce.com.br\\\/loja\\\/produto\\\/copo-de-papel-dory-180ml-c-8\\\/\"]}]},{\"@type\":\"ImageObject\",\"inLanguage\":\"pt-BR\",\"@id\":\"https:\\\/\\\/muitodoce.com.br\\\/loja\\\/produto\\\/copo-de-papel-dory-180ml-c-8\\\/#primaryimage\",\"url\":\"https:\\\/\\\/muitodoce.com.br\\\/loja\\\/wp-content\\\/uploads\\\/2025\\\/08\\\/copo.webp\",\"contentUrl\":\"https:\\\/\\\/muitodoce.com.br\\\/loja\\\/wp-content\\\/uploads\\\/2025\\\/08\\\/copo.webp\",\"width\":1000,\"height\":1000},{\"@type\":\"BreadcrumbList\",\"@id\":\"https:\\\/\\\/muitodoce.com.br\\\/loja\\\/produto\\\/copo-de-papel-dory-180ml-c-8\\\/#breadcrumb\",\"itemListElement\":[{\"@type\":\"ListItem\",\"position\":1,\"name\":\"In\u00edcio\",\"item\":\"https:\\\/\\\/muitodoce.com.br\\\/loja\\\/\"},{\"@type\":\"ListItem\",\"position\":2,\"name\":\"Loja\",\"item\":\"https:\\\/\\\/muitodoce.com.br\\\/loja\\\/loja\\\/\"},{\"@type\":\"ListItem\",\"position\":3,\"name\":\"Copo de Papel Procurando Dory \u2013 180ml &#8211; c\\\/8\"}]},{\"@type\":\"WebSite\",\"@id\":\"https:\\\/\\\/muitodoce.com.br\\\/loja\\\/#website\",\"url\":\"https:\\\/\\\/muitodoce.com.br\\\/loja\\\/\",\"name\":\"Muito Doce\",\"description\":\"Doces e Artigos para Festas\",\"potentialAction\":[{\"@type\":\"SearchAction\",\"target\":{\"@type\":\"EntryPoint\",\"urlTemplate\":\"https:\\\/\\\/muitodoce.com.br\\\/loja\\\/?s={search_term_string}\"},\"query-input\":{\"@type\":\"PropertyValueSpecification\",\"valueRequired\":true,\"valueName\":\"search_term_string\"}}],\"inLanguage\":\"pt-BR\"}]}<\/script>\n<!-- \/ Yoast SEO plugin. -->","yoast_head_json":{"title":"Copo de Papel Procurando Dory \u2013 180ml - c\/8 - Muito Doce","robots":{"index":"index","follow":"follow","max-snippet":"max-snippet:-1","max-image-preview":"max-image-preview:large","max-video-preview":"max-video-preview:-1"},"canonical":"https:\/\/muitodoce.com.br\/loja\/produto\/copo-de-papel-dory-180ml-c-8\/","og_locale":"pt_BR","og_type":"article","og_title":"Copo de Papel Procurando Dory \u2013 180ml - c\/8 - Muito Doce","og_description":"Sirva as bebidas com toda a alegria do fundo do mar! O Copo de Papel Procurando Dory \u00e9 perfeito para refrigerantes, sucos e \u00e1gua, trazendo a magia da Dory e seus amigos para a mesa de sua festa. Caracter\u00edsticas:\u00a0 Composi\u00e7\u00e3o:\u00a0Polipapel Capacidade: 180ml Cont\u00e9m: 8 unidades Design: Estampa filme &#8220;Procurando Dory&#8221; Qualidade: Superior Deixe a magia [&hellip;]","og_url":"https:\/\/muitodoce.com.br\/loja\/produto\/copo-de-papel-dory-180ml-c-8\/","og_site_name":"Muito Doce","article_modified_time":"2026-04-13T18:24:41+00:00","og_image":[{"width":1000,"height":1000,"url":"https:\/\/muitodoce.com.br\/loja\/wp-content\/uploads\/2025\/08\/copo.webp","type":"image\/webp"}],"twitter_card":"summary_large_image","twitter_misc":{"Est. tempo de leitura":"1 minuto"},"schema":{"@context":"https:\/\/schema.org","@graph":[{"@type":"WebPage","@id":"https:\/\/muitodoce.com.br\/loja\/produto\/copo-de-papel-dory-180ml-c-8\/","url":"https:\/\/muitodoce.com.br\/loja\/produto\/copo-de-papel-dory-180ml-c-8\/","name":"Copo de Papel Procurando Dory \u2013 180ml - c\/8 - Muito Doce","isPartOf":{"@id":"https:\/\/muitodoce.com.br\/loja\/#website"},"primaryImageOfPage":{"@id":"https:\/\/muitodoce.com.br\/loja\/produto\/copo-de-papel-dory-180ml-c-8\/#primaryimage"},"image":{"@id":"https:\/\/muitodoce.com.br\/loja\/produto\/copo-de-papel-dory-180ml-c-8\/#primaryimage"},"thumbnailUrl":"https:\/\/muitodoce.com.br\/loja\/wp-content\/uploads\/2025\/08\/copo.webp","datePublished":"2025-08-25T16:47:12+00:00","dateModified":"2026-04-13T18:24:41+00:00","breadcrumb":{"@id":"https:\/\/muitodoce.com.br\/loja\/produto\/copo-de-papel-dory-180ml-c-8\/#breadcrumb"},"inLanguage":"pt-BR","potentialAction":[{"@type":"ReadAction","target":["https:\/\/muitodoce.com.br\/loja\/produto\/copo-de-papel-dory-180ml-c-8\/"]}]},{"@type":"ImageObject","inLanguage":"pt-BR","@id":"https:\/\/muitodoce.com.br\/loja\/produto\/copo-de-papel-dory-180ml-c-8\/#primaryimage","url":"https:\/\/muitodoce.com.br\/loja\/wp-content\/uploads\/2025\/08\/copo.webp","contentUrl":"https:\/\/muitodoce.com.br\/loja\/wp-content\/uploads\/2025\/08\/copo.webp","width":1000,"height":1000},{"@type":"BreadcrumbList","@id":"https:\/\/muitodoce.com.br\/loja\/produto\/copo-de-papel-dory-180ml-c-8\/#breadcrumb","itemListElement":[{"@type":"ListItem","position":1,"name":"In\u00edcio","item":"https:\/\/muitodoce.com.br\/loja\/"},{"@type":"ListItem","position":2,"name":"Loja","item":"https:\/\/muitodoce.com.br\/loja\/loja\/"},{"@type":"ListItem","position":3,"name":"Copo de Papel Procurando Dory \u2013 180ml &#8211; c\/8"}]},{"@type":"WebSite","@id":"https:\/\/muitodoce.com.br\/loja\/#website","url":"https:\/\/muitodoce.com.br\/loja\/","name":"Muito Doce","description":"Doces e Artigos para Festas","potentialAction":[{"@type":"SearchAction","target":{"@type":"EntryPoint","urlTemplate":"https:\/\/muitodoce.com.br\/loja\/?s={search_term_string}"},"query-input":{"@type":"PropertyValueSpecification","valueRequired":true,"valueName":"search_term_string"}}],"inLanguage":"pt-BR"}]}},"_links":{"self":[{"href":"https:\/\/muitodoce.com.br\/loja\/wp-json\/wp\/v2\/product\/2050","targetHints":{"allow":["GET"]}}],"collection":[{"href":"https:\/\/muitodoce.com.br\/loja\/wp-json\/wp\/v2\/product"}],"about":[{"href":"https:\/\/muitodoce.com.br\/loja\/wp-json\/wp\/v2\/types\/product"}],"wp:featuredmedia":[{"embeddable":true,"href":"https:\/\/muitodoce.com.br\/loja\/wp-json\/wp\/v2\/media\/2067"}],"wp:attachment":[{"href":"https:\/\/muitodoce.com.br\/loja\/wp-json\/wp\/v2\/media?parent=2050"}],"wp:term":[{"taxonomy":"product_brand","embeddable":true,"href":"https:\/\/muitodoce.com.br\/loja\/wp-json\/wp\/v2\/product_brand?post=2050"},{"taxonomy":"product_cat","embeddable":true,"href":"https:\/\/muitodoce.com.br\/loja\/wp-json\/wp\/v2\/product_cat?post=2050"},{"taxonomy":"product_tag","embeddable":true,"href":"https:\/\/muitodoce.com.br\/loja\/wp-json\/wp\/v2\/product_tag?post=2050"}],"curies":[{"name":"wp","href":"https:\/\/api.w.org\/{rel}","templated":true}]}}