{"id":2054,"date":"2025-08-25T14:53:53","date_gmt":"2025-08-25T17:53:53","guid":{"rendered":"https:\/\/muitodoce.com.br\/loja\/produto\/porta-forminha-dory-c-50\/"},"modified":"2026-04-13T15:24:42","modified_gmt":"2026-04-13T18:24:42","slug":"porta-forminha-dory-c-50","status":"publish","type":"product","link":"https:\/\/muitodoce.com.br\/loja\/produto\/porta-forminha-dory-c-50\/","title":{"rendered":"Porta Forminha Procurando Dory &#8211; c\/50 Forminha 4 P\u00e9talas"},"content":{"rendered":"<p>Leve um toque do oceano para a sua mesa de doces com o <b>Porta Forminha Procurando Dory<\/b>! Perfeitas para brigadeiros, beijinhos e outras guloseimas, essas forminhas de <b>4 p\u00e9talas<\/b> s\u00e3o ideais para complementar a decora\u00e7\u00e3o da sua festa.<\/p>\n<p><strong>Caracter\u00edsticas:\u00a0<\/strong><\/p>\n<ul>\n<li><strong>Composi\u00e7\u00e3o:\u00a0<\/strong>Papel Offset<\/li>\n<li><strong>Tamanho: <\/strong>3cm de altura e 4cm de largura<\/li>\n<li><strong>Cont\u00e9m:\u00a0<\/strong>50 unidades<\/li>\n<li><b>Design:<\/b> Estampa do filme &#8220;Procurando Dory&#8221;<\/li>\n<li><b>Validade:<\/b> Indeterminada<\/li>\n<\/ul>\n<p>Deixe a magia do oceano invadir sua festa com o Porta Forminhas Procurando Dory!<\/p>\n","protected":false},"excerpt":{"rendered":"<p>Leve um toque do oceano para a sua mesa de doces com o Porta Forminha Procurando Dory! Perfeitas para brigadeiros, beijinhos e outras guloseimas, essas forminhas de 4 p\u00e9talas s\u00e3o ideais para complementar a decora\u00e7\u00e3o da sua festa. Caracter\u00edsticas:\u00a0 Composi\u00e7\u00e3o:\u00a0Papel Offset Tamanho: 3cm de altura e 4cm de largura Cont\u00e9m:\u00a050 unidades Design: Estampa do filme [&hellip;]<\/p>\n","protected":false},"featured_media":2068,"template":"","meta":{"_et_pb_use_builder":"","_et_pb_old_content":"","_et_gb_content_width":""},"product_brand":[200],"product_cat":[305,27],"product_tag":[],"class_list":{"0":"post-2054","1":"product","2":"type-product","3":"status-publish","4":"has-post-thumbnail","6":"product_brand-regina","7":"product_cat-dory","8":"product_cat-temas-de-aniversario","10":"first","11":"outofstock","12":"taxable","13":"shipping-taxable","14":"purchasable","15":"product-type-simple"},"yoast_head":"<!-- This site is optimized with the Yoast SEO plugin v27.4 - https:\/\/yoast.com\/product\/yoast-seo-wordpress\/ -->\n<title>Porta Forminha Procurando Dory - c\/50 Forminha 4 P\u00e9talas - Muito Doce<\/title>\n<meta name=\"robots\" content=\"index, follow, max-snippet:-1, max-image-preview:large, max-video-preview:-1\" \/>\n<link rel=\"canonical\" href=\"https:\/\/muitodoce.com.br\/loja\/produto\/porta-forminha-dory-c-50\/\" \/>\n<meta property=\"og:locale\" content=\"pt_BR\" \/>\n<meta property=\"og:type\" content=\"article\" \/>\n<meta property=\"og:title\" content=\"Porta Forminha Procurando Dory - c\/50 Forminha 4 P\u00e9talas - Muito Doce\" \/>\n<meta property=\"og:description\" content=\"Leve um toque do oceano para a sua mesa de doces com o Porta Forminha Procurando Dory! Perfeitas para brigadeiros, beijinhos e outras guloseimas, essas forminhas de 4 p\u00e9talas s\u00e3o ideais para complementar a decora\u00e7\u00e3o da sua festa. Caracter\u00edsticas:\u00a0 Composi\u00e7\u00e3o:\u00a0Papel Offset Tamanho: 3cm de altura e 4cm de largura Cont\u00e9m:\u00a050 unidades Design: Estampa do filme [&hellip;]\" \/>\n<meta property=\"og:url\" content=\"https:\/\/muitodoce.com.br\/loja\/produto\/porta-forminha-dory-c-50\/\" \/>\n<meta property=\"og:site_name\" content=\"Muito Doce\" \/>\n<meta property=\"article:modified_time\" content=\"2026-04-13T18:24:42+00:00\" \/>\n<meta property=\"og:image\" content=\"https:\/\/muitodoce.com.br\/loja\/wp-content\/uploads\/2025\/08\/CAPAS-PRODUTOS-2.jpg\" \/>\n\t<meta property=\"og:image:width\" content=\"1024\" \/>\n\t<meta property=\"og:image:height\" content=\"1024\" \/>\n\t<meta property=\"og:image:type\" content=\"image\/jpeg\" \/>\n<meta name=\"twitter:card\" content=\"summary_large_image\" \/>\n<meta name=\"twitter:label1\" content=\"Est. tempo de leitura\" \/>\n\t<meta name=\"twitter:data1\" content=\"1 minuto\" \/>\n<script type=\"application\/ld+json\" class=\"yoast-schema-graph\">{\"@context\":\"https:\\\/\\\/schema.org\",\"@graph\":[{\"@type\":\"WebPage\",\"@id\":\"https:\\\/\\\/muitodoce.com.br\\\/loja\\\/produto\\\/porta-forminha-dory-c-50\\\/\",\"url\":\"https:\\\/\\\/muitodoce.com.br\\\/loja\\\/produto\\\/porta-forminha-dory-c-50\\\/\",\"name\":\"Porta Forminha Procurando Dory - c\\\/50 Forminha 4 P\u00e9talas - Muito Doce\",\"isPartOf\":{\"@id\":\"https:\\\/\\\/muitodoce.com.br\\\/loja\\\/#website\"},\"primaryImageOfPage\":{\"@id\":\"https:\\\/\\\/muitodoce.com.br\\\/loja\\\/produto\\\/porta-forminha-dory-c-50\\\/#primaryimage\"},\"image\":{\"@id\":\"https:\\\/\\\/muitodoce.com.br\\\/loja\\\/produto\\\/porta-forminha-dory-c-50\\\/#primaryimage\"},\"thumbnailUrl\":\"https:\\\/\\\/muitodoce.com.br\\\/loja\\\/wp-content\\\/uploads\\\/2025\\\/08\\\/CAPAS-PRODUTOS-2.jpg\",\"datePublished\":\"2025-08-25T17:53:53+00:00\",\"dateModified\":\"2026-04-13T18:24:42+00:00\",\"breadcrumb\":{\"@id\":\"https:\\\/\\\/muitodoce.com.br\\\/loja\\\/produto\\\/porta-forminha-dory-c-50\\\/#breadcrumb\"},\"inLanguage\":\"pt-BR\",\"potentialAction\":[{\"@type\":\"ReadAction\",\"target\":[\"https:\\\/\\\/muitodoce.com.br\\\/loja\\\/produto\\\/porta-forminha-dory-c-50\\\/\"]}]},{\"@type\":\"ImageObject\",\"inLanguage\":\"pt-BR\",\"@id\":\"https:\\\/\\\/muitodoce.com.br\\\/loja\\\/produto\\\/porta-forminha-dory-c-50\\\/#primaryimage\",\"url\":\"https:\\\/\\\/muitodoce.com.br\\\/loja\\\/wp-content\\\/uploads\\\/2025\\\/08\\\/CAPAS-PRODUTOS-2.jpg\",\"contentUrl\":\"https:\\\/\\\/muitodoce.com.br\\\/loja\\\/wp-content\\\/uploads\\\/2025\\\/08\\\/CAPAS-PRODUTOS-2.jpg\",\"width\":1024,\"height\":1024},{\"@type\":\"BreadcrumbList\",\"@id\":\"https:\\\/\\\/muitodoce.com.br\\\/loja\\\/produto\\\/porta-forminha-dory-c-50\\\/#breadcrumb\",\"itemListElement\":[{\"@type\":\"ListItem\",\"position\":1,\"name\":\"In\u00edcio\",\"item\":\"https:\\\/\\\/muitodoce.com.br\\\/loja\\\/\"},{\"@type\":\"ListItem\",\"position\":2,\"name\":\"Loja\",\"item\":\"https:\\\/\\\/muitodoce.com.br\\\/loja\\\/loja\\\/\"},{\"@type\":\"ListItem\",\"position\":3,\"name\":\"Porta Forminha Procurando Dory &#8211; c\\\/50 Forminha 4 P\u00e9talas\"}]},{\"@type\":\"WebSite\",\"@id\":\"https:\\\/\\\/muitodoce.com.br\\\/loja\\\/#website\",\"url\":\"https:\\\/\\\/muitodoce.com.br\\\/loja\\\/\",\"name\":\"Muito Doce\",\"description\":\"Doces e Artigos para Festas\",\"potentialAction\":[{\"@type\":\"SearchAction\",\"target\":{\"@type\":\"EntryPoint\",\"urlTemplate\":\"https:\\\/\\\/muitodoce.com.br\\\/loja\\\/?s={search_term_string}\"},\"query-input\":{\"@type\":\"PropertyValueSpecification\",\"valueRequired\":true,\"valueName\":\"search_term_string\"}}],\"inLanguage\":\"pt-BR\"}]}<\/script>\n<!-- \/ Yoast SEO plugin. -->","yoast_head_json":{"title":"Porta Forminha Procurando Dory - c\/50 Forminha 4 P\u00e9talas - Muito Doce","robots":{"index":"index","follow":"follow","max-snippet":"max-snippet:-1","max-image-preview":"max-image-preview:large","max-video-preview":"max-video-preview:-1"},"canonical":"https:\/\/muitodoce.com.br\/loja\/produto\/porta-forminha-dory-c-50\/","og_locale":"pt_BR","og_type":"article","og_title":"Porta Forminha Procurando Dory - c\/50 Forminha 4 P\u00e9talas - Muito Doce","og_description":"Leve um toque do oceano para a sua mesa de doces com o Porta Forminha Procurando Dory! Perfeitas para brigadeiros, beijinhos e outras guloseimas, essas forminhas de 4 p\u00e9talas s\u00e3o ideais para complementar a decora\u00e7\u00e3o da sua festa. Caracter\u00edsticas:\u00a0 Composi\u00e7\u00e3o:\u00a0Papel Offset Tamanho: 3cm de altura e 4cm de largura Cont\u00e9m:\u00a050 unidades Design: Estampa do filme [&hellip;]","og_url":"https:\/\/muitodoce.com.br\/loja\/produto\/porta-forminha-dory-c-50\/","og_site_name":"Muito Doce","article_modified_time":"2026-04-13T18:24:42+00:00","og_image":[{"width":1024,"height":1024,"url":"https:\/\/muitodoce.com.br\/loja\/wp-content\/uploads\/2025\/08\/CAPAS-PRODUTOS-2.jpg","type":"image\/jpeg"}],"twitter_card":"summary_large_image","twitter_misc":{"Est. tempo de leitura":"1 minuto"},"schema":{"@context":"https:\/\/schema.org","@graph":[{"@type":"WebPage","@id":"https:\/\/muitodoce.com.br\/loja\/produto\/porta-forminha-dory-c-50\/","url":"https:\/\/muitodoce.com.br\/loja\/produto\/porta-forminha-dory-c-50\/","name":"Porta Forminha Procurando Dory - c\/50 Forminha 4 P\u00e9talas - Muito Doce","isPartOf":{"@id":"https:\/\/muitodoce.com.br\/loja\/#website"},"primaryImageOfPage":{"@id":"https:\/\/muitodoce.com.br\/loja\/produto\/porta-forminha-dory-c-50\/#primaryimage"},"image":{"@id":"https:\/\/muitodoce.com.br\/loja\/produto\/porta-forminha-dory-c-50\/#primaryimage"},"thumbnailUrl":"https:\/\/muitodoce.com.br\/loja\/wp-content\/uploads\/2025\/08\/CAPAS-PRODUTOS-2.jpg","datePublished":"2025-08-25T17:53:53+00:00","dateModified":"2026-04-13T18:24:42+00:00","breadcrumb":{"@id":"https:\/\/muitodoce.com.br\/loja\/produto\/porta-forminha-dory-c-50\/#breadcrumb"},"inLanguage":"pt-BR","potentialAction":[{"@type":"ReadAction","target":["https:\/\/muitodoce.com.br\/loja\/produto\/porta-forminha-dory-c-50\/"]}]},{"@type":"ImageObject","inLanguage":"pt-BR","@id":"https:\/\/muitodoce.com.br\/loja\/produto\/porta-forminha-dory-c-50\/#primaryimage","url":"https:\/\/muitodoce.com.br\/loja\/wp-content\/uploads\/2025\/08\/CAPAS-PRODUTOS-2.jpg","contentUrl":"https:\/\/muitodoce.com.br\/loja\/wp-content\/uploads\/2025\/08\/CAPAS-PRODUTOS-2.jpg","width":1024,"height":1024},{"@type":"BreadcrumbList","@id":"https:\/\/muitodoce.com.br\/loja\/produto\/porta-forminha-dory-c-50\/#breadcrumb","itemListElement":[{"@type":"ListItem","position":1,"name":"In\u00edcio","item":"https:\/\/muitodoce.com.br\/loja\/"},{"@type":"ListItem","position":2,"name":"Loja","item":"https:\/\/muitodoce.com.br\/loja\/loja\/"},{"@type":"ListItem","position":3,"name":"Porta Forminha Procurando Dory &#8211; c\/50 Forminha 4 P\u00e9talas"}]},{"@type":"WebSite","@id":"https:\/\/muitodoce.com.br\/loja\/#website","url":"https:\/\/muitodoce.com.br\/loja\/","name":"Muito Doce","description":"Doces e Artigos para Festas","potentialAction":[{"@type":"SearchAction","target":{"@type":"EntryPoint","urlTemplate":"https:\/\/muitodoce.com.br\/loja\/?s={search_term_string}"},"query-input":{"@type":"PropertyValueSpecification","valueRequired":true,"valueName":"search_term_string"}}],"inLanguage":"pt-BR"}]}},"_links":{"self":[{"href":"https:\/\/muitodoce.com.br\/loja\/wp-json\/wp\/v2\/product\/2054","targetHints":{"allow":["GET"]}}],"collection":[{"href":"https:\/\/muitodoce.com.br\/loja\/wp-json\/wp\/v2\/product"}],"about":[{"href":"https:\/\/muitodoce.com.br\/loja\/wp-json\/wp\/v2\/types\/product"}],"wp:featuredmedia":[{"embeddable":true,"href":"https:\/\/muitodoce.com.br\/loja\/wp-json\/wp\/v2\/media\/2068"}],"wp:attachment":[{"href":"https:\/\/muitodoce.com.br\/loja\/wp-json\/wp\/v2\/media?parent=2054"}],"wp:term":[{"taxonomy":"product_brand","embeddable":true,"href":"https:\/\/muitodoce.com.br\/loja\/wp-json\/wp\/v2\/product_brand?post=2054"},{"taxonomy":"product_cat","embeddable":true,"href":"https:\/\/muitodoce.com.br\/loja\/wp-json\/wp\/v2\/product_cat?post=2054"},{"taxonomy":"product_tag","embeddable":true,"href":"https:\/\/muitodoce.com.br\/loja\/wp-json\/wp\/v2\/product_tag?post=2054"}],"curies":[{"name":"wp","href":"https:\/\/api.w.org\/{rel}","templated":true}]}}