{"id":2120,"date":"2025-10-20T12:11:38","date_gmt":"2025-10-20T15:11:38","guid":{"rendered":"https:\/\/muitodoce.com.br\/loja\/produto\/chaveiro-moranguinho-baby-c-10\/"},"modified":"2026-03-02T09:09:46","modified_gmt":"2026-03-02T12:09:46","slug":"chaveiro-moranguinho-baby-c-10","status":"publish","type":"product","link":"https:\/\/muitodoce.com.br\/loja\/produto\/chaveiro-moranguinho-baby-c-10\/","title":{"rendered":"Lembrancinha Moranguinho Baby &#8211; Chaveiro de Eva &#8211; 10, 20, 40 Unidades"},"content":{"rendered":"<p class=\"QN2lPu\">Surpreenda seus convidados com uma lembrancinha charmosa e fofa! Nosso Chaveiro de EVA da Moranguinho Baby \u00e9 o mimo perfeito para festas de anivers\u00e1rio, mesvers\u00e1rios ou ch\u00e1s de beb\u00ea. Escolha sua Varia\u00e7\u00e3o.<\/p>\n<p class=\"QN2lPu\"><strong>Caracter\u00edsticas:<\/strong><\/p>\n<ul>\n<li class=\"QN2lPu\"><strong>Tema:<\/strong> Moranguinho Baby<\/li>\n<li class=\"QN2lPu\"><strong>Composi\u00e7\u00e3o:<\/strong> EVA, Papel Adesivo Couch\u00ea e Chaveiro de Metal (Argola e Corrente).<\/li>\n<li class=\"QN2lPu\"><strong>Design:<\/strong> Estampa colorida na frente e verso sem estampa (liso, cor do EVA).<\/li>\n<li class=\"QN2lPu\"><strong>Medida Aproximada:<\/strong> 6,5 cm de comprimento x 2,5 cm de largura.<\/li>\n<li class=\"QN2lPu\"><strong>\u00a0Uso:<\/strong> Lembrancinha de anivers\u00e1rio, brinde e decora\u00e7\u00e3o de mochilas.<\/li>\n<\/ul>\n<p class=\"QN2lPu\">Garanta uma lembrancinha \u00fatil e inesquec\u00edvel com o charme da Moranguinho Baby!<\/p>\n","protected":false},"excerpt":{"rendered":"<p>Surpreenda seus convidados com uma lembrancinha charmosa e fofa! Nosso Chaveiro de EVA da Moranguinho Baby \u00e9 o mimo perfeito para festas de anivers\u00e1rio, mesvers\u00e1rios ou ch\u00e1s de beb\u00ea. Escolha sua Varia\u00e7\u00e3o. Caracter\u00edsticas: Tema: Moranguinho Baby Composi\u00e7\u00e3o: EVA, Papel Adesivo Couch\u00ea e Chaveiro de Metal (Argola e Corrente). Design: Estampa colorida na frente e verso [&hellip;]<\/p>\n","protected":false},"featured_media":2176,"template":"","meta":{"_et_pb_use_builder":"","_et_pb_old_content":"","_et_gb_content_width":""},"product_brand":[],"product_cat":[309,27],"product_tag":[],"class_list":{"0":"post-2120","1":"product","2":"type-product","3":"status-publish","4":"has-post-thumbnail","6":"product_cat-moranguinho-baby","7":"product_cat-temas-de-aniversario","8":"pa_quantidade-10-unidades","9":"pa_quantidade-20-unidades","10":"pa_quantidade-40-unidades","12":"first","13":"instock","14":"sale","15":"taxable","16":"shipping-taxable","17":"purchasable","18":"product-type-variable"},"yoast_head":"<!-- This site is optimized with the Yoast SEO plugin v27.3 - https:\/\/yoast.com\/product\/yoast-seo-wordpress\/ -->\n<title>Lembrancinha Moranguinho Baby - Chaveiro de Eva - 10, 20, 40 Unidades - Muito Doce<\/title>\n<meta name=\"robots\" content=\"index, follow, max-snippet:-1, max-image-preview:large, max-video-preview:-1\" \/>\n<link rel=\"canonical\" href=\"https:\/\/muitodoce.com.br\/loja\/produto\/chaveiro-moranguinho-baby-c-10\/\" \/>\n<meta property=\"og:locale\" content=\"pt_BR\" \/>\n<meta property=\"og:type\" content=\"article\" \/>\n<meta property=\"og:title\" content=\"Lembrancinha Moranguinho Baby - Chaveiro de Eva - 10, 20, 40 Unidades - Muito Doce\" \/>\n<meta property=\"og:description\" content=\"Surpreenda seus convidados com uma lembrancinha charmosa e fofa! Nosso Chaveiro de EVA da Moranguinho Baby \u00e9 o mimo perfeito para festas de anivers\u00e1rio, mesvers\u00e1rios ou ch\u00e1s de beb\u00ea. Escolha sua Varia\u00e7\u00e3o. Caracter\u00edsticas: Tema: Moranguinho Baby Composi\u00e7\u00e3o: EVA, Papel Adesivo Couch\u00ea e Chaveiro de Metal (Argola e Corrente). Design: Estampa colorida na frente e verso [&hellip;]\" \/>\n<meta property=\"og:url\" content=\"https:\/\/muitodoce.com.br\/loja\/produto\/chaveiro-moranguinho-baby-c-10\/\" \/>\n<meta property=\"og:site_name\" content=\"Muito Doce\" \/>\n<meta property=\"article:modified_time\" content=\"2026-03-02T12:09:46+00:00\" \/>\n<meta property=\"og:image\" content=\"https:\/\/muitodoce.com.br\/loja\/wp-content\/uploads\/2025\/10\/IMAGENS-MORANGUINHO-BABY-16.jpg\" \/>\n\t<meta property=\"og:image:width\" content=\"1024\" \/>\n\t<meta property=\"og:image:height\" content=\"1024\" \/>\n\t<meta property=\"og:image:type\" content=\"image\/jpeg\" \/>\n<meta name=\"twitter:card\" content=\"summary_large_image\" \/>\n<meta name=\"twitter:label1\" content=\"Est. tempo de leitura\" \/>\n\t<meta name=\"twitter:data1\" content=\"1 minuto\" \/>\n<script type=\"application\/ld+json\" class=\"yoast-schema-graph\">{\"@context\":\"https:\\\/\\\/schema.org\",\"@graph\":[{\"@type\":\"WebPage\",\"@id\":\"https:\\\/\\\/muitodoce.com.br\\\/loja\\\/produto\\\/chaveiro-moranguinho-baby-c-10\\\/\",\"url\":\"https:\\\/\\\/muitodoce.com.br\\\/loja\\\/produto\\\/chaveiro-moranguinho-baby-c-10\\\/\",\"name\":\"Lembrancinha Moranguinho Baby - Chaveiro de Eva - 10, 20, 40 Unidades - Muito Doce\",\"isPartOf\":{\"@id\":\"https:\\\/\\\/muitodoce.com.br\\\/loja\\\/#website\"},\"primaryImageOfPage\":{\"@id\":\"https:\\\/\\\/muitodoce.com.br\\\/loja\\\/produto\\\/chaveiro-moranguinho-baby-c-10\\\/#primaryimage\"},\"image\":{\"@id\":\"https:\\\/\\\/muitodoce.com.br\\\/loja\\\/produto\\\/chaveiro-moranguinho-baby-c-10\\\/#primaryimage\"},\"thumbnailUrl\":\"https:\\\/\\\/muitodoce.com.br\\\/loja\\\/wp-content\\\/uploads\\\/2025\\\/10\\\/IMAGENS-MORANGUINHO-BABY-16.jpg\",\"datePublished\":\"2025-10-20T15:11:38+00:00\",\"dateModified\":\"2026-03-02T12:09:46+00:00\",\"breadcrumb\":{\"@id\":\"https:\\\/\\\/muitodoce.com.br\\\/loja\\\/produto\\\/chaveiro-moranguinho-baby-c-10\\\/#breadcrumb\"},\"inLanguage\":\"pt-BR\",\"potentialAction\":[{\"@type\":\"ReadAction\",\"target\":[\"https:\\\/\\\/muitodoce.com.br\\\/loja\\\/produto\\\/chaveiro-moranguinho-baby-c-10\\\/\"]}]},{\"@type\":\"ImageObject\",\"inLanguage\":\"pt-BR\",\"@id\":\"https:\\\/\\\/muitodoce.com.br\\\/loja\\\/produto\\\/chaveiro-moranguinho-baby-c-10\\\/#primaryimage\",\"url\":\"https:\\\/\\\/muitodoce.com.br\\\/loja\\\/wp-content\\\/uploads\\\/2025\\\/10\\\/IMAGENS-MORANGUINHO-BABY-16.jpg\",\"contentUrl\":\"https:\\\/\\\/muitodoce.com.br\\\/loja\\\/wp-content\\\/uploads\\\/2025\\\/10\\\/IMAGENS-MORANGUINHO-BABY-16.jpg\",\"width\":1024,\"height\":1024},{\"@type\":\"BreadcrumbList\",\"@id\":\"https:\\\/\\\/muitodoce.com.br\\\/loja\\\/produto\\\/chaveiro-moranguinho-baby-c-10\\\/#breadcrumb\",\"itemListElement\":[{\"@type\":\"ListItem\",\"position\":1,\"name\":\"In\u00edcio\",\"item\":\"https:\\\/\\\/muitodoce.com.br\\\/loja\\\/\"},{\"@type\":\"ListItem\",\"position\":2,\"name\":\"Loja\",\"item\":\"https:\\\/\\\/muitodoce.com.br\\\/loja\\\/loja\\\/\"},{\"@type\":\"ListItem\",\"position\":3,\"name\":\"Lembrancinha Moranguinho Baby &#8211; Chaveiro de Eva &#8211; 10, 20, 40 Unidades\"}]},{\"@type\":\"WebSite\",\"@id\":\"https:\\\/\\\/muitodoce.com.br\\\/loja\\\/#website\",\"url\":\"https:\\\/\\\/muitodoce.com.br\\\/loja\\\/\",\"name\":\"Muito Doce\",\"description\":\"Doces e Artigos para Festas\",\"potentialAction\":[{\"@type\":\"SearchAction\",\"target\":{\"@type\":\"EntryPoint\",\"urlTemplate\":\"https:\\\/\\\/muitodoce.com.br\\\/loja\\\/?s={search_term_string}\"},\"query-input\":{\"@type\":\"PropertyValueSpecification\",\"valueRequired\":true,\"valueName\":\"search_term_string\"}}],\"inLanguage\":\"pt-BR\"}]}<\/script>\n<!-- \/ Yoast SEO plugin. -->","yoast_head_json":{"title":"Lembrancinha Moranguinho Baby - Chaveiro de Eva - 10, 20, 40 Unidades - Muito Doce","robots":{"index":"index","follow":"follow","max-snippet":"max-snippet:-1","max-image-preview":"max-image-preview:large","max-video-preview":"max-video-preview:-1"},"canonical":"https:\/\/muitodoce.com.br\/loja\/produto\/chaveiro-moranguinho-baby-c-10\/","og_locale":"pt_BR","og_type":"article","og_title":"Lembrancinha Moranguinho Baby - Chaveiro de Eva - 10, 20, 40 Unidades - Muito Doce","og_description":"Surpreenda seus convidados com uma lembrancinha charmosa e fofa! Nosso Chaveiro de EVA da Moranguinho Baby \u00e9 o mimo perfeito para festas de anivers\u00e1rio, mesvers\u00e1rios ou ch\u00e1s de beb\u00ea. Escolha sua Varia\u00e7\u00e3o. Caracter\u00edsticas: Tema: Moranguinho Baby Composi\u00e7\u00e3o: EVA, Papel Adesivo Couch\u00ea e Chaveiro de Metal (Argola e Corrente). Design: Estampa colorida na frente e verso [&hellip;]","og_url":"https:\/\/muitodoce.com.br\/loja\/produto\/chaveiro-moranguinho-baby-c-10\/","og_site_name":"Muito Doce","article_modified_time":"2026-03-02T12:09:46+00:00","og_image":[{"width":1024,"height":1024,"url":"https:\/\/muitodoce.com.br\/loja\/wp-content\/uploads\/2025\/10\/IMAGENS-MORANGUINHO-BABY-16.jpg","type":"image\/jpeg"}],"twitter_card":"summary_large_image","twitter_misc":{"Est. tempo de leitura":"1 minuto"},"schema":{"@context":"https:\/\/schema.org","@graph":[{"@type":"WebPage","@id":"https:\/\/muitodoce.com.br\/loja\/produto\/chaveiro-moranguinho-baby-c-10\/","url":"https:\/\/muitodoce.com.br\/loja\/produto\/chaveiro-moranguinho-baby-c-10\/","name":"Lembrancinha Moranguinho Baby - Chaveiro de Eva - 10, 20, 40 Unidades - Muito Doce","isPartOf":{"@id":"https:\/\/muitodoce.com.br\/loja\/#website"},"primaryImageOfPage":{"@id":"https:\/\/muitodoce.com.br\/loja\/produto\/chaveiro-moranguinho-baby-c-10\/#primaryimage"},"image":{"@id":"https:\/\/muitodoce.com.br\/loja\/produto\/chaveiro-moranguinho-baby-c-10\/#primaryimage"},"thumbnailUrl":"https:\/\/muitodoce.com.br\/loja\/wp-content\/uploads\/2025\/10\/IMAGENS-MORANGUINHO-BABY-16.jpg","datePublished":"2025-10-20T15:11:38+00:00","dateModified":"2026-03-02T12:09:46+00:00","breadcrumb":{"@id":"https:\/\/muitodoce.com.br\/loja\/produto\/chaveiro-moranguinho-baby-c-10\/#breadcrumb"},"inLanguage":"pt-BR","potentialAction":[{"@type":"ReadAction","target":["https:\/\/muitodoce.com.br\/loja\/produto\/chaveiro-moranguinho-baby-c-10\/"]}]},{"@type":"ImageObject","inLanguage":"pt-BR","@id":"https:\/\/muitodoce.com.br\/loja\/produto\/chaveiro-moranguinho-baby-c-10\/#primaryimage","url":"https:\/\/muitodoce.com.br\/loja\/wp-content\/uploads\/2025\/10\/IMAGENS-MORANGUINHO-BABY-16.jpg","contentUrl":"https:\/\/muitodoce.com.br\/loja\/wp-content\/uploads\/2025\/10\/IMAGENS-MORANGUINHO-BABY-16.jpg","width":1024,"height":1024},{"@type":"BreadcrumbList","@id":"https:\/\/muitodoce.com.br\/loja\/produto\/chaveiro-moranguinho-baby-c-10\/#breadcrumb","itemListElement":[{"@type":"ListItem","position":1,"name":"In\u00edcio","item":"https:\/\/muitodoce.com.br\/loja\/"},{"@type":"ListItem","position":2,"name":"Loja","item":"https:\/\/muitodoce.com.br\/loja\/loja\/"},{"@type":"ListItem","position":3,"name":"Lembrancinha Moranguinho Baby &#8211; Chaveiro de Eva &#8211; 10, 20, 40 Unidades"}]},{"@type":"WebSite","@id":"https:\/\/muitodoce.com.br\/loja\/#website","url":"https:\/\/muitodoce.com.br\/loja\/","name":"Muito Doce","description":"Doces e Artigos para Festas","potentialAction":[{"@type":"SearchAction","target":{"@type":"EntryPoint","urlTemplate":"https:\/\/muitodoce.com.br\/loja\/?s={search_term_string}"},"query-input":{"@type":"PropertyValueSpecification","valueRequired":true,"valueName":"search_term_string"}}],"inLanguage":"pt-BR"}]}},"_links":{"self":[{"href":"https:\/\/muitodoce.com.br\/loja\/wp-json\/wp\/v2\/product\/2120","targetHints":{"allow":["GET"]}}],"collection":[{"href":"https:\/\/muitodoce.com.br\/loja\/wp-json\/wp\/v2\/product"}],"about":[{"href":"https:\/\/muitodoce.com.br\/loja\/wp-json\/wp\/v2\/types\/product"}],"wp:featuredmedia":[{"embeddable":true,"href":"https:\/\/muitodoce.com.br\/loja\/wp-json\/wp\/v2\/media\/2176"}],"wp:attachment":[{"href":"https:\/\/muitodoce.com.br\/loja\/wp-json\/wp\/v2\/media?parent=2120"}],"wp:term":[{"taxonomy":"product_brand","embeddable":true,"href":"https:\/\/muitodoce.com.br\/loja\/wp-json\/wp\/v2\/product_brand?post=2120"},{"taxonomy":"product_cat","embeddable":true,"href":"https:\/\/muitodoce.com.br\/loja\/wp-json\/wp\/v2\/product_cat?post=2120"},{"taxonomy":"product_tag","embeddable":true,"href":"https:\/\/muitodoce.com.br\/loja\/wp-json\/wp\/v2\/product_tag?post=2120"}],"curies":[{"name":"wp","href":"https:\/\/api.w.org\/{rel}","templated":true}]}}