{"id":2134,"date":"2025-10-21T15:59:14","date_gmt":"2025-10-21T18:59:14","guid":{"rendered":"https:\/\/muitodoce.com.br\/loja\/produto\/prato-de-papel-18cm-moranguinho-baby-c-8\/"},"modified":"2026-03-02T09:09:44","modified_gmt":"2026-03-02T12:09:44","slug":"prato-de-papel-18cm-moranguinho-baby-c-8","status":"publish","type":"product","link":"https:\/\/muitodoce.com.br\/loja\/produto\/prato-de-papel-18cm-moranguinho-baby-c-8\/","title":{"rendered":"Prato Redondo Moranguinho Baby \u2013 18cm \u2013 c\/8 unidades"},"content":{"rendered":"<p class=\"QN2lPu\">Adicione um toque de fofura e delicadeza \u00e0 sua festa com o Prato de Festa <strong>Moranguinho Baby<\/strong>! Ideal para servir bolo, docinhos ou salgados, este prato complementa a decora\u00e7\u00e3o da sua mesa com o charme da personagem.<\/p>\n<p class=\"QN2lPu\"><strong>Caracter\u00edsticas do Produto:<\/strong><\/p>\n<ul>\n<li><strong>\u00a0Tamanho<\/strong>: 18CM<\/li>\n<li class=\"QN2lPu\"><strong>Quantidade<\/strong>: 8 unidades por pacote<\/li>\n<li class=\"QN2lPu\">\u00a0<strong>Design:<\/strong> Estampa exclusiva da Moranguinho Baby, perfeita para festas tem\u00e1ticas.<\/li>\n<li class=\"QN2lPu\"><strong>Composi\u00e7\u00e3o:<\/strong> Papel Cart\u00e3o<\/li>\n<\/ul>\n<p class=\"QN2lPu\">Com os pratos da Moranguinho Baby, sua festa ser\u00e1 um sucesso!<\/p>\n","protected":false},"excerpt":{"rendered":"<p>Adicione um toque de fofura e delicadeza \u00e0 sua festa com o Prato de Festa Moranguinho Baby! Ideal para servir bolo, docinhos ou salgados, este prato complementa a decora\u00e7\u00e3o da sua mesa com o charme da personagem. Caracter\u00edsticas do Produto: \u00a0Tamanho: 18CM Quantidade: 8 unidades por pacote \u00a0Design: Estampa exclusiva da Moranguinho Baby, perfeita para [&hellip;]<\/p>\n","protected":false},"featured_media":2141,"template":"","meta":{"_et_pb_use_builder":"","_et_pb_old_content":"","_et_gb_content_width":""},"product_brand":[200],"product_cat":[309,27],"product_tag":[],"class_list":{"0":"post-2134","1":"product","2":"type-product","3":"status-publish","4":"has-post-thumbnail","6":"product_brand-regina","7":"product_cat-moranguinho-baby","8":"product_cat-temas-de-aniversario","10":"first","11":"outofstock","12":"taxable","13":"shipping-taxable","14":"purchasable","15":"product-type-simple"},"yoast_head":"<!-- This site is optimized with the Yoast SEO plugin v27.3 - https:\/\/yoast.com\/product\/yoast-seo-wordpress\/ -->\n<title>Prato Redondo Moranguinho Baby \u2013 18cm \u2013 c\/8 unidades - Muito Doce<\/title>\n<meta name=\"robots\" content=\"index, follow, max-snippet:-1, max-image-preview:large, max-video-preview:-1\" \/>\n<link rel=\"canonical\" href=\"https:\/\/muitodoce.com.br\/loja\/produto\/prato-de-papel-18cm-moranguinho-baby-c-8\/\" \/>\n<meta property=\"og:locale\" content=\"pt_BR\" \/>\n<meta property=\"og:type\" content=\"article\" \/>\n<meta property=\"og:title\" content=\"Prato Redondo Moranguinho Baby \u2013 18cm \u2013 c\/8 unidades - Muito Doce\" \/>\n<meta property=\"og:description\" content=\"Adicione um toque de fofura e delicadeza \u00e0 sua festa com o Prato de Festa Moranguinho Baby! Ideal para servir bolo, docinhos ou salgados, este prato complementa a decora\u00e7\u00e3o da sua mesa com o charme da personagem. Caracter\u00edsticas do Produto: \u00a0Tamanho: 18CM Quantidade: 8 unidades por pacote \u00a0Design: Estampa exclusiva da Moranguinho Baby, perfeita para [&hellip;]\" \/>\n<meta property=\"og:url\" content=\"https:\/\/muitodoce.com.br\/loja\/produto\/prato-de-papel-18cm-moranguinho-baby-c-8\/\" \/>\n<meta property=\"og:site_name\" content=\"Muito Doce\" \/>\n<meta property=\"article:modified_time\" content=\"2026-03-02T12:09:44+00:00\" \/>\n<meta property=\"og:image\" content=\"https:\/\/muitodoce.com.br\/loja\/wp-content\/uploads\/2025\/10\/IMAGENS-MORANGUINHO-BABY-9.jpg\" \/>\n\t<meta property=\"og:image:width\" content=\"1024\" \/>\n\t<meta property=\"og:image:height\" content=\"1024\" \/>\n\t<meta property=\"og:image:type\" content=\"image\/jpeg\" \/>\n<meta name=\"twitter:card\" content=\"summary_large_image\" \/>\n<meta name=\"twitter:label1\" content=\"Est. tempo de leitura\" \/>\n\t<meta name=\"twitter:data1\" content=\"1 minuto\" \/>\n<script type=\"application\/ld+json\" class=\"yoast-schema-graph\">{\"@context\":\"https:\\\/\\\/schema.org\",\"@graph\":[{\"@type\":\"WebPage\",\"@id\":\"https:\\\/\\\/muitodoce.com.br\\\/loja\\\/produto\\\/prato-de-papel-18cm-moranguinho-baby-c-8\\\/\",\"url\":\"https:\\\/\\\/muitodoce.com.br\\\/loja\\\/produto\\\/prato-de-papel-18cm-moranguinho-baby-c-8\\\/\",\"name\":\"Prato Redondo Moranguinho Baby \u2013 18cm \u2013 c\\\/8 unidades - Muito Doce\",\"isPartOf\":{\"@id\":\"https:\\\/\\\/muitodoce.com.br\\\/loja\\\/#website\"},\"primaryImageOfPage\":{\"@id\":\"https:\\\/\\\/muitodoce.com.br\\\/loja\\\/produto\\\/prato-de-papel-18cm-moranguinho-baby-c-8\\\/#primaryimage\"},\"image\":{\"@id\":\"https:\\\/\\\/muitodoce.com.br\\\/loja\\\/produto\\\/prato-de-papel-18cm-moranguinho-baby-c-8\\\/#primaryimage\"},\"thumbnailUrl\":\"https:\\\/\\\/muitodoce.com.br\\\/loja\\\/wp-content\\\/uploads\\\/2025\\\/10\\\/IMAGENS-MORANGUINHO-BABY-9.jpg\",\"datePublished\":\"2025-10-21T18:59:14+00:00\",\"dateModified\":\"2026-03-02T12:09:44+00:00\",\"breadcrumb\":{\"@id\":\"https:\\\/\\\/muitodoce.com.br\\\/loja\\\/produto\\\/prato-de-papel-18cm-moranguinho-baby-c-8\\\/#breadcrumb\"},\"inLanguage\":\"pt-BR\",\"potentialAction\":[{\"@type\":\"ReadAction\",\"target\":[\"https:\\\/\\\/muitodoce.com.br\\\/loja\\\/produto\\\/prato-de-papel-18cm-moranguinho-baby-c-8\\\/\"]}]},{\"@type\":\"ImageObject\",\"inLanguage\":\"pt-BR\",\"@id\":\"https:\\\/\\\/muitodoce.com.br\\\/loja\\\/produto\\\/prato-de-papel-18cm-moranguinho-baby-c-8\\\/#primaryimage\",\"url\":\"https:\\\/\\\/muitodoce.com.br\\\/loja\\\/wp-content\\\/uploads\\\/2025\\\/10\\\/IMAGENS-MORANGUINHO-BABY-9.jpg\",\"contentUrl\":\"https:\\\/\\\/muitodoce.com.br\\\/loja\\\/wp-content\\\/uploads\\\/2025\\\/10\\\/IMAGENS-MORANGUINHO-BABY-9.jpg\",\"width\":1024,\"height\":1024},{\"@type\":\"BreadcrumbList\",\"@id\":\"https:\\\/\\\/muitodoce.com.br\\\/loja\\\/produto\\\/prato-de-papel-18cm-moranguinho-baby-c-8\\\/#breadcrumb\",\"itemListElement\":[{\"@type\":\"ListItem\",\"position\":1,\"name\":\"In\u00edcio\",\"item\":\"https:\\\/\\\/muitodoce.com.br\\\/loja\\\/\"},{\"@type\":\"ListItem\",\"position\":2,\"name\":\"Loja\",\"item\":\"https:\\\/\\\/muitodoce.com.br\\\/loja\\\/loja\\\/\"},{\"@type\":\"ListItem\",\"position\":3,\"name\":\"Prato Redondo Moranguinho Baby \u2013 18cm \u2013 c\\\/8 unidades\"}]},{\"@type\":\"WebSite\",\"@id\":\"https:\\\/\\\/muitodoce.com.br\\\/loja\\\/#website\",\"url\":\"https:\\\/\\\/muitodoce.com.br\\\/loja\\\/\",\"name\":\"Muito Doce\",\"description\":\"Doces e Artigos para Festas\",\"potentialAction\":[{\"@type\":\"SearchAction\",\"target\":{\"@type\":\"EntryPoint\",\"urlTemplate\":\"https:\\\/\\\/muitodoce.com.br\\\/loja\\\/?s={search_term_string}\"},\"query-input\":{\"@type\":\"PropertyValueSpecification\",\"valueRequired\":true,\"valueName\":\"search_term_string\"}}],\"inLanguage\":\"pt-BR\"}]}<\/script>\n<!-- \/ Yoast SEO plugin. -->","yoast_head_json":{"title":"Prato Redondo Moranguinho Baby \u2013 18cm \u2013 c\/8 unidades - Muito Doce","robots":{"index":"index","follow":"follow","max-snippet":"max-snippet:-1","max-image-preview":"max-image-preview:large","max-video-preview":"max-video-preview:-1"},"canonical":"https:\/\/muitodoce.com.br\/loja\/produto\/prato-de-papel-18cm-moranguinho-baby-c-8\/","og_locale":"pt_BR","og_type":"article","og_title":"Prato Redondo Moranguinho Baby \u2013 18cm \u2013 c\/8 unidades - Muito Doce","og_description":"Adicione um toque de fofura e delicadeza \u00e0 sua festa com o Prato de Festa Moranguinho Baby! Ideal para servir bolo, docinhos ou salgados, este prato complementa a decora\u00e7\u00e3o da sua mesa com o charme da personagem. Caracter\u00edsticas do Produto: \u00a0Tamanho: 18CM Quantidade: 8 unidades por pacote \u00a0Design: Estampa exclusiva da Moranguinho Baby, perfeita para [&hellip;]","og_url":"https:\/\/muitodoce.com.br\/loja\/produto\/prato-de-papel-18cm-moranguinho-baby-c-8\/","og_site_name":"Muito Doce","article_modified_time":"2026-03-02T12:09:44+00:00","og_image":[{"width":1024,"height":1024,"url":"https:\/\/muitodoce.com.br\/loja\/wp-content\/uploads\/2025\/10\/IMAGENS-MORANGUINHO-BABY-9.jpg","type":"image\/jpeg"}],"twitter_card":"summary_large_image","twitter_misc":{"Est. tempo de leitura":"1 minuto"},"schema":{"@context":"https:\/\/schema.org","@graph":[{"@type":"WebPage","@id":"https:\/\/muitodoce.com.br\/loja\/produto\/prato-de-papel-18cm-moranguinho-baby-c-8\/","url":"https:\/\/muitodoce.com.br\/loja\/produto\/prato-de-papel-18cm-moranguinho-baby-c-8\/","name":"Prato Redondo Moranguinho Baby \u2013 18cm \u2013 c\/8 unidades - Muito Doce","isPartOf":{"@id":"https:\/\/muitodoce.com.br\/loja\/#website"},"primaryImageOfPage":{"@id":"https:\/\/muitodoce.com.br\/loja\/produto\/prato-de-papel-18cm-moranguinho-baby-c-8\/#primaryimage"},"image":{"@id":"https:\/\/muitodoce.com.br\/loja\/produto\/prato-de-papel-18cm-moranguinho-baby-c-8\/#primaryimage"},"thumbnailUrl":"https:\/\/muitodoce.com.br\/loja\/wp-content\/uploads\/2025\/10\/IMAGENS-MORANGUINHO-BABY-9.jpg","datePublished":"2025-10-21T18:59:14+00:00","dateModified":"2026-03-02T12:09:44+00:00","breadcrumb":{"@id":"https:\/\/muitodoce.com.br\/loja\/produto\/prato-de-papel-18cm-moranguinho-baby-c-8\/#breadcrumb"},"inLanguage":"pt-BR","potentialAction":[{"@type":"ReadAction","target":["https:\/\/muitodoce.com.br\/loja\/produto\/prato-de-papel-18cm-moranguinho-baby-c-8\/"]}]},{"@type":"ImageObject","inLanguage":"pt-BR","@id":"https:\/\/muitodoce.com.br\/loja\/produto\/prato-de-papel-18cm-moranguinho-baby-c-8\/#primaryimage","url":"https:\/\/muitodoce.com.br\/loja\/wp-content\/uploads\/2025\/10\/IMAGENS-MORANGUINHO-BABY-9.jpg","contentUrl":"https:\/\/muitodoce.com.br\/loja\/wp-content\/uploads\/2025\/10\/IMAGENS-MORANGUINHO-BABY-9.jpg","width":1024,"height":1024},{"@type":"BreadcrumbList","@id":"https:\/\/muitodoce.com.br\/loja\/produto\/prato-de-papel-18cm-moranguinho-baby-c-8\/#breadcrumb","itemListElement":[{"@type":"ListItem","position":1,"name":"In\u00edcio","item":"https:\/\/muitodoce.com.br\/loja\/"},{"@type":"ListItem","position":2,"name":"Loja","item":"https:\/\/muitodoce.com.br\/loja\/loja\/"},{"@type":"ListItem","position":3,"name":"Prato Redondo Moranguinho Baby \u2013 18cm \u2013 c\/8 unidades"}]},{"@type":"WebSite","@id":"https:\/\/muitodoce.com.br\/loja\/#website","url":"https:\/\/muitodoce.com.br\/loja\/","name":"Muito Doce","description":"Doces e Artigos para Festas","potentialAction":[{"@type":"SearchAction","target":{"@type":"EntryPoint","urlTemplate":"https:\/\/muitodoce.com.br\/loja\/?s={search_term_string}"},"query-input":{"@type":"PropertyValueSpecification","valueRequired":true,"valueName":"search_term_string"}}],"inLanguage":"pt-BR"}]}},"_links":{"self":[{"href":"https:\/\/muitodoce.com.br\/loja\/wp-json\/wp\/v2\/product\/2134","targetHints":{"allow":["GET"]}}],"collection":[{"href":"https:\/\/muitodoce.com.br\/loja\/wp-json\/wp\/v2\/product"}],"about":[{"href":"https:\/\/muitodoce.com.br\/loja\/wp-json\/wp\/v2\/types\/product"}],"wp:featuredmedia":[{"embeddable":true,"href":"https:\/\/muitodoce.com.br\/loja\/wp-json\/wp\/v2\/media\/2141"}],"wp:attachment":[{"href":"https:\/\/muitodoce.com.br\/loja\/wp-json\/wp\/v2\/media?parent=2134"}],"wp:term":[{"taxonomy":"product_brand","embeddable":true,"href":"https:\/\/muitodoce.com.br\/loja\/wp-json\/wp\/v2\/product_brand?post=2134"},{"taxonomy":"product_cat","embeddable":true,"href":"https:\/\/muitodoce.com.br\/loja\/wp-json\/wp\/v2\/product_cat?post=2134"},{"taxonomy":"product_tag","embeddable":true,"href":"https:\/\/muitodoce.com.br\/loja\/wp-json\/wp\/v2\/product_tag?post=2134"}],"curies":[{"name":"wp","href":"https:\/\/api.w.org\/{rel}","templated":true}]}}