{"id":2155,"date":"2025-10-27T10:24:14","date_gmt":"2025-10-27T13:24:14","guid":{"rendered":"https:\/\/muitodoce.com.br\/loja\/produto\/porta-forminha-backyardigans-pirata-e-banda\/"},"modified":"2025-10-27T15:29:56","modified_gmt":"2025-10-27T18:29:56","slug":"porta-forminha-backyardigans-pirata-e-banda","status":"publish","type":"product","link":"https:\/\/muitodoce.com.br\/loja\/produto\/porta-forminha-backyardigans-pirata-e-banda\/","title":{"rendered":"Porta Forminha Backyardigans \u2013 c\/50 Unidades \u2013 Forminha 4 P\u00e9talas"},"content":{"rendered":"<p class=\"QN2lPu\">Leve a divers\u00e3o do <strong>Backyardigans<\/strong> para a sua mesa de doces! Perfeitos para brigadeiros, beijinhos e outras guloseimas, essas forminhas de 4 p\u00e9talas s\u00e3o ideais para complementar a decora\u00e7\u00e3o da sua festa.<\/p>\n<p class=\"QN2lPu\"><strong>Caracter\u00edsticas do Produto:<\/strong><\/p>\n<ul>\n<li class=\"QN2lPu\"><strong>Marca:<\/strong> Regina Festas<\/li>\n<li class=\"QN2lPu\"><strong>\u00a0Composi\u00e7\u00e3o<\/strong>: Papel Offset de alta qualidade.<\/li>\n<li class=\"QN2lPu\"><strong>Tamanho:<\/strong> 3cm de altura e 4cm de largura (base).<\/li>\n<li class=\"QN2lPu\"><strong>Validade:<\/strong> Indeterminada.<\/li>\n<li class=\"QN2lPu\"><strong>Tema Banda<\/strong> (50 Unidades): Estampa Backyardigans Banda.<\/li>\n<li><strong>Tema Piratas<\/strong> (50 Unidades): Estampa Backyardigans Piratas.<\/li>\n<li><strong>Mix de Temas (100 Unidades)<\/strong>: Cont\u00e9m 50 unidades do tema &#8220;Banda&#8221; e 50 unidades do tema &#8220;Piratas&#8221;.<\/li>\n<\/ul>\n<p class=\"QN2lPu\">\n","protected":false},"excerpt":{"rendered":"<p>Leve a divers\u00e3o do Backyardigans para a sua mesa de doces! Perfeitos para brigadeiros, beijinhos e outras guloseimas, essas forminhas de 4 p\u00e9talas s\u00e3o ideais para complementar a decora\u00e7\u00e3o da sua festa. Caracter\u00edsticas do Produto: Marca: Regina Festas \u00a0Composi\u00e7\u00e3o: Papel Offset de alta qualidade. Tamanho: 3cm de altura e 4cm de largura (base). Validade: Indeterminada. [&hellip;]<\/p>\n","protected":false},"featured_media":2168,"template":"","meta":{"_et_pb_use_builder":"","_et_pb_old_content":"","_et_gb_content_width":""},"product_brand":[200],"product_cat":[324,27],"product_tag":[],"class_list":{"0":"post-2155","1":"product","2":"type-product","3":"status-publish","4":"has-post-thumbnail","6":"product_brand-regina","7":"product_cat-backyardigans","8":"product_cat-temas-de-aniversario","10":"first","11":"instock","12":"taxable","13":"shipping-taxable","14":"purchasable","15":"product-type-variable"},"yoast_head":"<!-- This site is optimized with the Yoast SEO plugin v27.4 - https:\/\/yoast.com\/product\/yoast-seo-wordpress\/ -->\n<title>Porta Forminha Backyardigans \u2013 c\/50 Unidades \u2013 Forminha 4 P\u00e9talas - Muito Doce<\/title>\n<meta name=\"robots\" content=\"index, follow, max-snippet:-1, max-image-preview:large, max-video-preview:-1\" \/>\n<link rel=\"canonical\" href=\"https:\/\/muitodoce.com.br\/loja\/produto\/porta-forminha-backyardigans-pirata-e-banda\/\" \/>\n<meta property=\"og:locale\" content=\"pt_BR\" \/>\n<meta property=\"og:type\" content=\"article\" \/>\n<meta property=\"og:title\" content=\"Porta Forminha Backyardigans \u2013 c\/50 Unidades \u2013 Forminha 4 P\u00e9talas - Muito Doce\" \/>\n<meta property=\"og:description\" content=\"Leve a divers\u00e3o do Backyardigans para a sua mesa de doces! Perfeitos para brigadeiros, beijinhos e outras guloseimas, essas forminhas de 4 p\u00e9talas s\u00e3o ideais para complementar a decora\u00e7\u00e3o da sua festa. Caracter\u00edsticas do Produto: Marca: Regina Festas \u00a0Composi\u00e7\u00e3o: Papel Offset de alta qualidade. Tamanho: 3cm de altura e 4cm de largura (base). Validade: Indeterminada. [&hellip;]\" \/>\n<meta property=\"og:url\" content=\"https:\/\/muitodoce.com.br\/loja\/produto\/porta-forminha-backyardigans-pirata-e-banda\/\" \/>\n<meta property=\"og:site_name\" content=\"Muito Doce\" \/>\n<meta property=\"article:modified_time\" content=\"2025-10-27T18:29:56+00:00\" \/>\n<meta property=\"og:image\" content=\"https:\/\/muitodoce.com.br\/loja\/wp-content\/uploads\/2025\/10\/IMAGENS-BACKYARDIGANS.jpg\" \/>\n\t<meta property=\"og:image:width\" content=\"1024\" \/>\n\t<meta property=\"og:image:height\" content=\"1024\" \/>\n\t<meta property=\"og:image:type\" content=\"image\/jpeg\" \/>\n<meta name=\"twitter:card\" content=\"summary_large_image\" \/>\n<meta name=\"twitter:label1\" content=\"Est. tempo de leitura\" \/>\n\t<meta name=\"twitter:data1\" content=\"1 minuto\" \/>\n<script type=\"application\/ld+json\" class=\"yoast-schema-graph\">{\"@context\":\"https:\\\/\\\/schema.org\",\"@graph\":[{\"@type\":\"WebPage\",\"@id\":\"https:\\\/\\\/muitodoce.com.br\\\/loja\\\/produto\\\/porta-forminha-backyardigans-pirata-e-banda\\\/\",\"url\":\"https:\\\/\\\/muitodoce.com.br\\\/loja\\\/produto\\\/porta-forminha-backyardigans-pirata-e-banda\\\/\",\"name\":\"Porta Forminha Backyardigans \u2013 c\\\/50 Unidades \u2013 Forminha 4 P\u00e9talas - Muito Doce\",\"isPartOf\":{\"@id\":\"https:\\\/\\\/muitodoce.com.br\\\/loja\\\/#website\"},\"primaryImageOfPage\":{\"@id\":\"https:\\\/\\\/muitodoce.com.br\\\/loja\\\/produto\\\/porta-forminha-backyardigans-pirata-e-banda\\\/#primaryimage\"},\"image\":{\"@id\":\"https:\\\/\\\/muitodoce.com.br\\\/loja\\\/produto\\\/porta-forminha-backyardigans-pirata-e-banda\\\/#primaryimage\"},\"thumbnailUrl\":\"https:\\\/\\\/muitodoce.com.br\\\/loja\\\/wp-content\\\/uploads\\\/2025\\\/10\\\/IMAGENS-BACKYARDIGANS.jpg\",\"datePublished\":\"2025-10-27T13:24:14+00:00\",\"dateModified\":\"2025-10-27T18:29:56+00:00\",\"breadcrumb\":{\"@id\":\"https:\\\/\\\/muitodoce.com.br\\\/loja\\\/produto\\\/porta-forminha-backyardigans-pirata-e-banda\\\/#breadcrumb\"},\"inLanguage\":\"pt-BR\",\"potentialAction\":[{\"@type\":\"ReadAction\",\"target\":[\"https:\\\/\\\/muitodoce.com.br\\\/loja\\\/produto\\\/porta-forminha-backyardigans-pirata-e-banda\\\/\"]}]},{\"@type\":\"ImageObject\",\"inLanguage\":\"pt-BR\",\"@id\":\"https:\\\/\\\/muitodoce.com.br\\\/loja\\\/produto\\\/porta-forminha-backyardigans-pirata-e-banda\\\/#primaryimage\",\"url\":\"https:\\\/\\\/muitodoce.com.br\\\/loja\\\/wp-content\\\/uploads\\\/2025\\\/10\\\/IMAGENS-BACKYARDIGANS.jpg\",\"contentUrl\":\"https:\\\/\\\/muitodoce.com.br\\\/loja\\\/wp-content\\\/uploads\\\/2025\\\/10\\\/IMAGENS-BACKYARDIGANS.jpg\",\"width\":1024,\"height\":1024},{\"@type\":\"BreadcrumbList\",\"@id\":\"https:\\\/\\\/muitodoce.com.br\\\/loja\\\/produto\\\/porta-forminha-backyardigans-pirata-e-banda\\\/#breadcrumb\",\"itemListElement\":[{\"@type\":\"ListItem\",\"position\":1,\"name\":\"In\u00edcio\",\"item\":\"https:\\\/\\\/muitodoce.com.br\\\/loja\\\/\"},{\"@type\":\"ListItem\",\"position\":2,\"name\":\"Loja\",\"item\":\"https:\\\/\\\/muitodoce.com.br\\\/loja\\\/loja\\\/\"},{\"@type\":\"ListItem\",\"position\":3,\"name\":\"Porta Forminha Backyardigans \u2013 c\\\/50 Unidades \u2013 Forminha 4 P\u00e9talas\"}]},{\"@type\":\"WebSite\",\"@id\":\"https:\\\/\\\/muitodoce.com.br\\\/loja\\\/#website\",\"url\":\"https:\\\/\\\/muitodoce.com.br\\\/loja\\\/\",\"name\":\"Muito Doce\",\"description\":\"Doces e Artigos para Festas\",\"potentialAction\":[{\"@type\":\"SearchAction\",\"target\":{\"@type\":\"EntryPoint\",\"urlTemplate\":\"https:\\\/\\\/muitodoce.com.br\\\/loja\\\/?s={search_term_string}\"},\"query-input\":{\"@type\":\"PropertyValueSpecification\",\"valueRequired\":true,\"valueName\":\"search_term_string\"}}],\"inLanguage\":\"pt-BR\"}]}<\/script>\n<!-- \/ Yoast SEO plugin. -->","yoast_head_json":{"title":"Porta Forminha Backyardigans \u2013 c\/50 Unidades \u2013 Forminha 4 P\u00e9talas - Muito Doce","robots":{"index":"index","follow":"follow","max-snippet":"max-snippet:-1","max-image-preview":"max-image-preview:large","max-video-preview":"max-video-preview:-1"},"canonical":"https:\/\/muitodoce.com.br\/loja\/produto\/porta-forminha-backyardigans-pirata-e-banda\/","og_locale":"pt_BR","og_type":"article","og_title":"Porta Forminha Backyardigans \u2013 c\/50 Unidades \u2013 Forminha 4 P\u00e9talas - Muito Doce","og_description":"Leve a divers\u00e3o do Backyardigans para a sua mesa de doces! Perfeitos para brigadeiros, beijinhos e outras guloseimas, essas forminhas de 4 p\u00e9talas s\u00e3o ideais para complementar a decora\u00e7\u00e3o da sua festa. Caracter\u00edsticas do Produto: Marca: Regina Festas \u00a0Composi\u00e7\u00e3o: Papel Offset de alta qualidade. Tamanho: 3cm de altura e 4cm de largura (base). Validade: Indeterminada. [&hellip;]","og_url":"https:\/\/muitodoce.com.br\/loja\/produto\/porta-forminha-backyardigans-pirata-e-banda\/","og_site_name":"Muito Doce","article_modified_time":"2025-10-27T18:29:56+00:00","og_image":[{"width":1024,"height":1024,"url":"https:\/\/muitodoce.com.br\/loja\/wp-content\/uploads\/2025\/10\/IMAGENS-BACKYARDIGANS.jpg","type":"image\/jpeg"}],"twitter_card":"summary_large_image","twitter_misc":{"Est. tempo de leitura":"1 minuto"},"schema":{"@context":"https:\/\/schema.org","@graph":[{"@type":"WebPage","@id":"https:\/\/muitodoce.com.br\/loja\/produto\/porta-forminha-backyardigans-pirata-e-banda\/","url":"https:\/\/muitodoce.com.br\/loja\/produto\/porta-forminha-backyardigans-pirata-e-banda\/","name":"Porta Forminha Backyardigans \u2013 c\/50 Unidades \u2013 Forminha 4 P\u00e9talas - Muito Doce","isPartOf":{"@id":"https:\/\/muitodoce.com.br\/loja\/#website"},"primaryImageOfPage":{"@id":"https:\/\/muitodoce.com.br\/loja\/produto\/porta-forminha-backyardigans-pirata-e-banda\/#primaryimage"},"image":{"@id":"https:\/\/muitodoce.com.br\/loja\/produto\/porta-forminha-backyardigans-pirata-e-banda\/#primaryimage"},"thumbnailUrl":"https:\/\/muitodoce.com.br\/loja\/wp-content\/uploads\/2025\/10\/IMAGENS-BACKYARDIGANS.jpg","datePublished":"2025-10-27T13:24:14+00:00","dateModified":"2025-10-27T18:29:56+00:00","breadcrumb":{"@id":"https:\/\/muitodoce.com.br\/loja\/produto\/porta-forminha-backyardigans-pirata-e-banda\/#breadcrumb"},"inLanguage":"pt-BR","potentialAction":[{"@type":"ReadAction","target":["https:\/\/muitodoce.com.br\/loja\/produto\/porta-forminha-backyardigans-pirata-e-banda\/"]}]},{"@type":"ImageObject","inLanguage":"pt-BR","@id":"https:\/\/muitodoce.com.br\/loja\/produto\/porta-forminha-backyardigans-pirata-e-banda\/#primaryimage","url":"https:\/\/muitodoce.com.br\/loja\/wp-content\/uploads\/2025\/10\/IMAGENS-BACKYARDIGANS.jpg","contentUrl":"https:\/\/muitodoce.com.br\/loja\/wp-content\/uploads\/2025\/10\/IMAGENS-BACKYARDIGANS.jpg","width":1024,"height":1024},{"@type":"BreadcrumbList","@id":"https:\/\/muitodoce.com.br\/loja\/produto\/porta-forminha-backyardigans-pirata-e-banda\/#breadcrumb","itemListElement":[{"@type":"ListItem","position":1,"name":"In\u00edcio","item":"https:\/\/muitodoce.com.br\/loja\/"},{"@type":"ListItem","position":2,"name":"Loja","item":"https:\/\/muitodoce.com.br\/loja\/loja\/"},{"@type":"ListItem","position":3,"name":"Porta Forminha Backyardigans \u2013 c\/50 Unidades \u2013 Forminha 4 P\u00e9talas"}]},{"@type":"WebSite","@id":"https:\/\/muitodoce.com.br\/loja\/#website","url":"https:\/\/muitodoce.com.br\/loja\/","name":"Muito Doce","description":"Doces e Artigos para Festas","potentialAction":[{"@type":"SearchAction","target":{"@type":"EntryPoint","urlTemplate":"https:\/\/muitodoce.com.br\/loja\/?s={search_term_string}"},"query-input":{"@type":"PropertyValueSpecification","valueRequired":true,"valueName":"search_term_string"}}],"inLanguage":"pt-BR"}]}},"_links":{"self":[{"href":"https:\/\/muitodoce.com.br\/loja\/wp-json\/wp\/v2\/product\/2155","targetHints":{"allow":["GET"]}}],"collection":[{"href":"https:\/\/muitodoce.com.br\/loja\/wp-json\/wp\/v2\/product"}],"about":[{"href":"https:\/\/muitodoce.com.br\/loja\/wp-json\/wp\/v2\/types\/product"}],"wp:featuredmedia":[{"embeddable":true,"href":"https:\/\/muitodoce.com.br\/loja\/wp-json\/wp\/v2\/media\/2168"}],"wp:attachment":[{"href":"https:\/\/muitodoce.com.br\/loja\/wp-json\/wp\/v2\/media?parent=2155"}],"wp:term":[{"taxonomy":"product_brand","embeddable":true,"href":"https:\/\/muitodoce.com.br\/loja\/wp-json\/wp\/v2\/product_brand?post=2155"},{"taxonomy":"product_cat","embeddable":true,"href":"https:\/\/muitodoce.com.br\/loja\/wp-json\/wp\/v2\/product_cat?post=2155"},{"taxonomy":"product_tag","embeddable":true,"href":"https:\/\/muitodoce.com.br\/loja\/wp-json\/wp\/v2\/product_tag?post=2155"}],"curies":[{"name":"wp","href":"https:\/\/api.w.org\/{rel}","templated":true}]}}