{"id":2179,"date":"2025-10-27T15:19:18","date_gmt":"2025-10-27T18:19:18","guid":{"rendered":"https:\/\/muitodoce.com.br\/loja\/produto\/cachepot-backyardigans-c-8\/"},"modified":"2025-10-27T15:27:08","modified_gmt":"2025-10-27T18:27:08","slug":"cachepot-backyardigans-c-8","status":"publish","type":"product","link":"https:\/\/muitodoce.com.br\/loja\/produto\/cachepot-backyardigans-c-8\/","title":{"rendered":"Cachepot Backyardigans &#8211; 8 Unidades &#8211; Decora\u00e7\u00e3o Festa Tema O Jardim dos Amigos"},"content":{"rendered":"<p class=\"QN2lPu\">Leve a divers\u00e3o do <strong>Backyardigans<\/strong> para a sua festa com o Cachepot da Regina! Perfeito para decorar a mesa principal, acomodar doces, salgados, lembrancinhas ou at\u00e9 mesmo pequenos arranjos de flores.<\/p>\n<p class=\"QN2lPu\"><strong>Caracter\u00edsticas do Produto:<\/strong><\/p>\n<ul>\n<li class=\"QN2lPu\"><strong>Marca<\/strong>: Regina Festas<\/li>\n<li class=\"QN2lPu\"><strong>Composi\u00e7\u00e3o:<\/strong> Papel Cart\u00e3o<\/li>\n<li class=\"QN2lPu\"><strong>Quantidade:<\/strong> 8 unidades por pacote<\/li>\n<li class=\"QN2lPu\"><strong>Design:<\/strong> Estampa exclusiva dos personagens Backyardigans.<\/li>\n<\/ul>\n<p class=\"QN2lPu\">Com o cachepot do Backyardigans, sua festa ser\u00e1 um sucesso!<\/p>\n","protected":false},"excerpt":{"rendered":"<p>Leve a divers\u00e3o do Backyardigans para a sua festa com o Cachepot da Regina! Perfeito para decorar a mesa principal, acomodar doces, salgados, lembrancinhas ou at\u00e9 mesmo pequenos arranjos de flores. Caracter\u00edsticas do Produto: Marca: Regina Festas Composi\u00e7\u00e3o: Papel Cart\u00e3o Quantidade: 8 unidades por pacote Design: Estampa exclusiva dos personagens Backyardigans. Com o cachepot do [&hellip;]<\/p>\n","protected":false},"featured_media":2182,"template":"","meta":{"_et_pb_use_builder":"","_et_pb_old_content":"","_et_gb_content_width":""},"product_brand":[200],"product_cat":[324,27],"product_tag":[],"class_list":{"0":"post-2179","1":"product","2":"type-product","3":"status-publish","4":"has-post-thumbnail","6":"product_brand-regina","7":"product_cat-backyardigans","8":"product_cat-temas-de-aniversario","10":"first","11":"instock","12":"taxable","13":"shipping-taxable","14":"purchasable","15":"product-type-simple"},"yoast_head":"<!-- This site is optimized with the Yoast SEO plugin v27.4 - https:\/\/yoast.com\/product\/yoast-seo-wordpress\/ -->\n<title>Cachepot Backyardigans - 8 Unidades - Decora\u00e7\u00e3o Festa Tema O Jardim dos Amigos - Muito Doce<\/title>\n<meta name=\"robots\" content=\"index, follow, max-snippet:-1, max-image-preview:large, max-video-preview:-1\" \/>\n<link rel=\"canonical\" href=\"https:\/\/muitodoce.com.br\/loja\/produto\/cachepot-backyardigans-c-8\/\" \/>\n<meta property=\"og:locale\" content=\"pt_BR\" \/>\n<meta property=\"og:type\" content=\"article\" \/>\n<meta property=\"og:title\" content=\"Cachepot Backyardigans - 8 Unidades - Decora\u00e7\u00e3o Festa Tema O Jardim dos Amigos - Muito Doce\" \/>\n<meta property=\"og:description\" content=\"Leve a divers\u00e3o do Backyardigans para a sua festa com o Cachepot da Regina! Perfeito para decorar a mesa principal, acomodar doces, salgados, lembrancinhas ou at\u00e9 mesmo pequenos arranjos de flores. Caracter\u00edsticas do Produto: Marca: Regina Festas Composi\u00e7\u00e3o: Papel Cart\u00e3o Quantidade: 8 unidades por pacote Design: Estampa exclusiva dos personagens Backyardigans. Com o cachepot do [&hellip;]\" \/>\n<meta property=\"og:url\" content=\"https:\/\/muitodoce.com.br\/loja\/produto\/cachepot-backyardigans-c-8\/\" \/>\n<meta property=\"og:site_name\" content=\"Muito Doce\" \/>\n<meta property=\"article:modified_time\" content=\"2025-10-27T18:27:08+00:00\" \/>\n<meta property=\"og:image\" content=\"https:\/\/muitodoce.com.br\/loja\/wp-content\/uploads\/2025\/10\/IMAGENS-BACKYARDIGANS-5.jpg\" \/>\n\t<meta property=\"og:image:width\" content=\"1024\" \/>\n\t<meta property=\"og:image:height\" content=\"1024\" \/>\n\t<meta property=\"og:image:type\" content=\"image\/jpeg\" \/>\n<meta name=\"twitter:card\" content=\"summary_large_image\" \/>\n<meta name=\"twitter:label1\" content=\"Est. tempo de leitura\" \/>\n\t<meta name=\"twitter:data1\" content=\"1 minuto\" \/>\n<script type=\"application\/ld+json\" class=\"yoast-schema-graph\">{\"@context\":\"https:\\\/\\\/schema.org\",\"@graph\":[{\"@type\":\"WebPage\",\"@id\":\"https:\\\/\\\/muitodoce.com.br\\\/loja\\\/produto\\\/cachepot-backyardigans-c-8\\\/\",\"url\":\"https:\\\/\\\/muitodoce.com.br\\\/loja\\\/produto\\\/cachepot-backyardigans-c-8\\\/\",\"name\":\"Cachepot Backyardigans - 8 Unidades - Decora\u00e7\u00e3o Festa Tema O Jardim dos Amigos - Muito Doce\",\"isPartOf\":{\"@id\":\"https:\\\/\\\/muitodoce.com.br\\\/loja\\\/#website\"},\"primaryImageOfPage\":{\"@id\":\"https:\\\/\\\/muitodoce.com.br\\\/loja\\\/produto\\\/cachepot-backyardigans-c-8\\\/#primaryimage\"},\"image\":{\"@id\":\"https:\\\/\\\/muitodoce.com.br\\\/loja\\\/produto\\\/cachepot-backyardigans-c-8\\\/#primaryimage\"},\"thumbnailUrl\":\"https:\\\/\\\/muitodoce.com.br\\\/loja\\\/wp-content\\\/uploads\\\/2025\\\/10\\\/IMAGENS-BACKYARDIGANS-5.jpg\",\"datePublished\":\"2025-10-27T18:19:18+00:00\",\"dateModified\":\"2025-10-27T18:27:08+00:00\",\"breadcrumb\":{\"@id\":\"https:\\\/\\\/muitodoce.com.br\\\/loja\\\/produto\\\/cachepot-backyardigans-c-8\\\/#breadcrumb\"},\"inLanguage\":\"pt-BR\",\"potentialAction\":[{\"@type\":\"ReadAction\",\"target\":[\"https:\\\/\\\/muitodoce.com.br\\\/loja\\\/produto\\\/cachepot-backyardigans-c-8\\\/\"]}]},{\"@type\":\"ImageObject\",\"inLanguage\":\"pt-BR\",\"@id\":\"https:\\\/\\\/muitodoce.com.br\\\/loja\\\/produto\\\/cachepot-backyardigans-c-8\\\/#primaryimage\",\"url\":\"https:\\\/\\\/muitodoce.com.br\\\/loja\\\/wp-content\\\/uploads\\\/2025\\\/10\\\/IMAGENS-BACKYARDIGANS-5.jpg\",\"contentUrl\":\"https:\\\/\\\/muitodoce.com.br\\\/loja\\\/wp-content\\\/uploads\\\/2025\\\/10\\\/IMAGENS-BACKYARDIGANS-5.jpg\",\"width\":1024,\"height\":1024},{\"@type\":\"BreadcrumbList\",\"@id\":\"https:\\\/\\\/muitodoce.com.br\\\/loja\\\/produto\\\/cachepot-backyardigans-c-8\\\/#breadcrumb\",\"itemListElement\":[{\"@type\":\"ListItem\",\"position\":1,\"name\":\"In\u00edcio\",\"item\":\"https:\\\/\\\/muitodoce.com.br\\\/loja\\\/\"},{\"@type\":\"ListItem\",\"position\":2,\"name\":\"Loja\",\"item\":\"https:\\\/\\\/muitodoce.com.br\\\/loja\\\/loja\\\/\"},{\"@type\":\"ListItem\",\"position\":3,\"name\":\"Cachepot Backyardigans &#8211; 8 Unidades &#8211; Decora\u00e7\u00e3o Festa Tema O Jardim dos Amigos\"}]},{\"@type\":\"WebSite\",\"@id\":\"https:\\\/\\\/muitodoce.com.br\\\/loja\\\/#website\",\"url\":\"https:\\\/\\\/muitodoce.com.br\\\/loja\\\/\",\"name\":\"Muito Doce\",\"description\":\"Doces e Artigos para Festas\",\"potentialAction\":[{\"@type\":\"SearchAction\",\"target\":{\"@type\":\"EntryPoint\",\"urlTemplate\":\"https:\\\/\\\/muitodoce.com.br\\\/loja\\\/?s={search_term_string}\"},\"query-input\":{\"@type\":\"PropertyValueSpecification\",\"valueRequired\":true,\"valueName\":\"search_term_string\"}}],\"inLanguage\":\"pt-BR\"}]}<\/script>\n<!-- \/ Yoast SEO plugin. -->","yoast_head_json":{"title":"Cachepot Backyardigans - 8 Unidades - Decora\u00e7\u00e3o Festa Tema O Jardim dos Amigos - Muito Doce","robots":{"index":"index","follow":"follow","max-snippet":"max-snippet:-1","max-image-preview":"max-image-preview:large","max-video-preview":"max-video-preview:-1"},"canonical":"https:\/\/muitodoce.com.br\/loja\/produto\/cachepot-backyardigans-c-8\/","og_locale":"pt_BR","og_type":"article","og_title":"Cachepot Backyardigans - 8 Unidades - Decora\u00e7\u00e3o Festa Tema O Jardim dos Amigos - Muito Doce","og_description":"Leve a divers\u00e3o do Backyardigans para a sua festa com o Cachepot da Regina! Perfeito para decorar a mesa principal, acomodar doces, salgados, lembrancinhas ou at\u00e9 mesmo pequenos arranjos de flores. Caracter\u00edsticas do Produto: Marca: Regina Festas Composi\u00e7\u00e3o: Papel Cart\u00e3o Quantidade: 8 unidades por pacote Design: Estampa exclusiva dos personagens Backyardigans. Com o cachepot do [&hellip;]","og_url":"https:\/\/muitodoce.com.br\/loja\/produto\/cachepot-backyardigans-c-8\/","og_site_name":"Muito Doce","article_modified_time":"2025-10-27T18:27:08+00:00","og_image":[{"width":1024,"height":1024,"url":"https:\/\/muitodoce.com.br\/loja\/wp-content\/uploads\/2025\/10\/IMAGENS-BACKYARDIGANS-5.jpg","type":"image\/jpeg"}],"twitter_card":"summary_large_image","twitter_misc":{"Est. tempo de leitura":"1 minuto"},"schema":{"@context":"https:\/\/schema.org","@graph":[{"@type":"WebPage","@id":"https:\/\/muitodoce.com.br\/loja\/produto\/cachepot-backyardigans-c-8\/","url":"https:\/\/muitodoce.com.br\/loja\/produto\/cachepot-backyardigans-c-8\/","name":"Cachepot Backyardigans - 8 Unidades - Decora\u00e7\u00e3o Festa Tema O Jardim dos Amigos - Muito Doce","isPartOf":{"@id":"https:\/\/muitodoce.com.br\/loja\/#website"},"primaryImageOfPage":{"@id":"https:\/\/muitodoce.com.br\/loja\/produto\/cachepot-backyardigans-c-8\/#primaryimage"},"image":{"@id":"https:\/\/muitodoce.com.br\/loja\/produto\/cachepot-backyardigans-c-8\/#primaryimage"},"thumbnailUrl":"https:\/\/muitodoce.com.br\/loja\/wp-content\/uploads\/2025\/10\/IMAGENS-BACKYARDIGANS-5.jpg","datePublished":"2025-10-27T18:19:18+00:00","dateModified":"2025-10-27T18:27:08+00:00","breadcrumb":{"@id":"https:\/\/muitodoce.com.br\/loja\/produto\/cachepot-backyardigans-c-8\/#breadcrumb"},"inLanguage":"pt-BR","potentialAction":[{"@type":"ReadAction","target":["https:\/\/muitodoce.com.br\/loja\/produto\/cachepot-backyardigans-c-8\/"]}]},{"@type":"ImageObject","inLanguage":"pt-BR","@id":"https:\/\/muitodoce.com.br\/loja\/produto\/cachepot-backyardigans-c-8\/#primaryimage","url":"https:\/\/muitodoce.com.br\/loja\/wp-content\/uploads\/2025\/10\/IMAGENS-BACKYARDIGANS-5.jpg","contentUrl":"https:\/\/muitodoce.com.br\/loja\/wp-content\/uploads\/2025\/10\/IMAGENS-BACKYARDIGANS-5.jpg","width":1024,"height":1024},{"@type":"BreadcrumbList","@id":"https:\/\/muitodoce.com.br\/loja\/produto\/cachepot-backyardigans-c-8\/#breadcrumb","itemListElement":[{"@type":"ListItem","position":1,"name":"In\u00edcio","item":"https:\/\/muitodoce.com.br\/loja\/"},{"@type":"ListItem","position":2,"name":"Loja","item":"https:\/\/muitodoce.com.br\/loja\/loja\/"},{"@type":"ListItem","position":3,"name":"Cachepot Backyardigans &#8211; 8 Unidades &#8211; Decora\u00e7\u00e3o Festa Tema O Jardim dos Amigos"}]},{"@type":"WebSite","@id":"https:\/\/muitodoce.com.br\/loja\/#website","url":"https:\/\/muitodoce.com.br\/loja\/","name":"Muito Doce","description":"Doces e Artigos para Festas","potentialAction":[{"@type":"SearchAction","target":{"@type":"EntryPoint","urlTemplate":"https:\/\/muitodoce.com.br\/loja\/?s={search_term_string}"},"query-input":{"@type":"PropertyValueSpecification","valueRequired":true,"valueName":"search_term_string"}}],"inLanguage":"pt-BR"}]}},"_links":{"self":[{"href":"https:\/\/muitodoce.com.br\/loja\/wp-json\/wp\/v2\/product\/2179","targetHints":{"allow":["GET"]}}],"collection":[{"href":"https:\/\/muitodoce.com.br\/loja\/wp-json\/wp\/v2\/product"}],"about":[{"href":"https:\/\/muitodoce.com.br\/loja\/wp-json\/wp\/v2\/types\/product"}],"wp:featuredmedia":[{"embeddable":true,"href":"https:\/\/muitodoce.com.br\/loja\/wp-json\/wp\/v2\/media\/2182"}],"wp:attachment":[{"href":"https:\/\/muitodoce.com.br\/loja\/wp-json\/wp\/v2\/media?parent=2179"}],"wp:term":[{"taxonomy":"product_brand","embeddable":true,"href":"https:\/\/muitodoce.com.br\/loja\/wp-json\/wp\/v2\/product_brand?post=2179"},{"taxonomy":"product_cat","embeddable":true,"href":"https:\/\/muitodoce.com.br\/loja\/wp-json\/wp\/v2\/product_cat?post=2179"},{"taxonomy":"product_tag","embeddable":true,"href":"https:\/\/muitodoce.com.br\/loja\/wp-json\/wp\/v2\/product_tag?post=2179"}],"curies":[{"name":"wp","href":"https:\/\/api.w.org\/{rel}","templated":true}]}}