{"id":2190,"date":"2025-11-04T15:04:26","date_gmt":"2025-11-04T18:04:26","guid":{"rendered":"https:\/\/muitodoce.com.br\/loja\/produto\/micro-painel-backyardigans\/"},"modified":"2025-12-19T13:34:34","modified_gmt":"2025-12-19T16:34:34","slug":"micro-painel-backyardigans","status":"publish","type":"product","link":"https:\/\/muitodoce.com.br\/loja\/produto\/micro-painel-backyardigans\/","title":{"rendered":"Mini Aplique Tag de EVA Backyardigans &#8211; 10 Unidades &#8211; Topper Para Docinhos e Tubetes"},"content":{"rendered":"<p class=\"QN2lPu\">Adicione um toque especial e cheio de aventura \u00e0 sua festa com os Mini Apliques de EVA dos Backyardigans! Ideais para personalizar lembrancinhas, decorar docinhos, enfeitar convites, caixinhas e tubetes, ou para usar em projetos de artesanato.<\/p>\n<p class=\"QN2lPu\"><strong>Caracter\u00edsticas do Produto:<\/strong><\/p>\n<ul>\n<li class=\"QN2lPu\"><strong>Tema:<\/strong> Backyardigans<\/li>\n<li class=\"QN2lPu\"><strong>Composi\u00e7\u00e3o:<\/strong> EVA<\/li>\n<li class=\"QN2lPu\"><strong>Quantidade<\/strong>: 10 unidades por pacote<\/li>\n<li class=\"QN2lPu\"><strong>Medida Aproximada<\/strong>: 3 cm x 2 cm<\/li>\n<li class=\"QN2lPu\"><strong>Uso:<\/strong> Apliques para lembrancinhas, toppers de doces, artesanato e decora\u00e7\u00e3o.<\/li>\n<\/ul>\n<p class=\"QN2lPu\">Leve a turma do quintal para a sua festa e garanta uma decora\u00e7\u00e3o inesquec\u00edvel!<\/p>\n","protected":false},"excerpt":{"rendered":"<p>Adicione um toque especial e cheio de aventura \u00e0 sua festa com os Mini Apliques de EVA dos Backyardigans! Ideais para personalizar lembrancinhas, decorar docinhos, enfeitar convites, caixinhas e tubetes, ou para usar em projetos de artesanato. Caracter\u00edsticas do Produto: Tema: Backyardigans Composi\u00e7\u00e3o: EVA Quantidade: 10 unidades por pacote Medida Aproximada: 3 cm x 2 [&hellip;]<\/p>\n","protected":false},"featured_media":2200,"template":"","meta":{"_et_pb_use_builder":"","_et_pb_old_content":"","_et_gb_content_width":""},"product_brand":[200],"product_cat":[324,27],"product_tag":[],"class_list":{"0":"post-2190","1":"product","2":"type-product","3":"status-publish","4":"has-post-thumbnail","6":"product_brand-regina","7":"product_cat-backyardigans","8":"product_cat-temas-de-aniversario","10":"first","11":"instock","12":"taxable","13":"shipping-taxable","14":"purchasable","15":"product-type-simple"},"yoast_head":"<!-- This site is optimized with the Yoast SEO plugin v27.4 - https:\/\/yoast.com\/product\/yoast-seo-wordpress\/ -->\n<title>Mini Aplique Tag de EVA Backyardigans - 10 Unidades - Topper Para Docinhos e Tubetes - Muito Doce<\/title>\n<meta name=\"robots\" content=\"index, follow, max-snippet:-1, max-image-preview:large, max-video-preview:-1\" \/>\n<link rel=\"canonical\" href=\"https:\/\/muitodoce.com.br\/loja\/produto\/micro-painel-backyardigans\/\" \/>\n<meta property=\"og:locale\" content=\"pt_BR\" \/>\n<meta property=\"og:type\" content=\"article\" \/>\n<meta property=\"og:title\" content=\"Mini Aplique Tag de EVA Backyardigans - 10 Unidades - Topper Para Docinhos e Tubetes - Muito Doce\" \/>\n<meta property=\"og:description\" content=\"Adicione um toque especial e cheio de aventura \u00e0 sua festa com os Mini Apliques de EVA dos Backyardigans! Ideais para personalizar lembrancinhas, decorar docinhos, enfeitar convites, caixinhas e tubetes, ou para usar em projetos de artesanato. Caracter\u00edsticas do Produto: Tema: Backyardigans Composi\u00e7\u00e3o: EVA Quantidade: 10 unidades por pacote Medida Aproximada: 3 cm x 2 [&hellip;]\" \/>\n<meta property=\"og:url\" content=\"https:\/\/muitodoce.com.br\/loja\/produto\/micro-painel-backyardigans\/\" \/>\n<meta property=\"og:site_name\" content=\"Muito Doce\" \/>\n<meta property=\"article:modified_time\" content=\"2025-12-19T16:34:34+00:00\" \/>\n<meta property=\"og:image\" content=\"https:\/\/muitodoce.com.br\/loja\/wp-content\/uploads\/2025\/11\/IMAGENS-BACKYARDIGANS-6.jpg\" \/>\n\t<meta property=\"og:image:width\" content=\"1024\" \/>\n\t<meta property=\"og:image:height\" content=\"1024\" \/>\n\t<meta property=\"og:image:type\" content=\"image\/jpeg\" \/>\n<meta name=\"twitter:card\" content=\"summary_large_image\" \/>\n<meta name=\"twitter:label1\" content=\"Est. tempo de leitura\" \/>\n\t<meta name=\"twitter:data1\" content=\"1 minuto\" \/>\n<script type=\"application\/ld+json\" class=\"yoast-schema-graph\">{\"@context\":\"https:\\\/\\\/schema.org\",\"@graph\":[{\"@type\":\"WebPage\",\"@id\":\"https:\\\/\\\/muitodoce.com.br\\\/loja\\\/produto\\\/micro-painel-backyardigans\\\/\",\"url\":\"https:\\\/\\\/muitodoce.com.br\\\/loja\\\/produto\\\/micro-painel-backyardigans\\\/\",\"name\":\"Mini Aplique Tag de EVA Backyardigans - 10 Unidades - Topper Para Docinhos e Tubetes - Muito Doce\",\"isPartOf\":{\"@id\":\"https:\\\/\\\/muitodoce.com.br\\\/loja\\\/#website\"},\"primaryImageOfPage\":{\"@id\":\"https:\\\/\\\/muitodoce.com.br\\\/loja\\\/produto\\\/micro-painel-backyardigans\\\/#primaryimage\"},\"image\":{\"@id\":\"https:\\\/\\\/muitodoce.com.br\\\/loja\\\/produto\\\/micro-painel-backyardigans\\\/#primaryimage\"},\"thumbnailUrl\":\"https:\\\/\\\/muitodoce.com.br\\\/loja\\\/wp-content\\\/uploads\\\/2025\\\/11\\\/IMAGENS-BACKYARDIGANS-6.jpg\",\"datePublished\":\"2025-11-04T18:04:26+00:00\",\"dateModified\":\"2025-12-19T16:34:34+00:00\",\"breadcrumb\":{\"@id\":\"https:\\\/\\\/muitodoce.com.br\\\/loja\\\/produto\\\/micro-painel-backyardigans\\\/#breadcrumb\"},\"inLanguage\":\"pt-BR\",\"potentialAction\":[{\"@type\":\"ReadAction\",\"target\":[\"https:\\\/\\\/muitodoce.com.br\\\/loja\\\/produto\\\/micro-painel-backyardigans\\\/\"]}]},{\"@type\":\"ImageObject\",\"inLanguage\":\"pt-BR\",\"@id\":\"https:\\\/\\\/muitodoce.com.br\\\/loja\\\/produto\\\/micro-painel-backyardigans\\\/#primaryimage\",\"url\":\"https:\\\/\\\/muitodoce.com.br\\\/loja\\\/wp-content\\\/uploads\\\/2025\\\/11\\\/IMAGENS-BACKYARDIGANS-6.jpg\",\"contentUrl\":\"https:\\\/\\\/muitodoce.com.br\\\/loja\\\/wp-content\\\/uploads\\\/2025\\\/11\\\/IMAGENS-BACKYARDIGANS-6.jpg\",\"width\":1024,\"height\":1024},{\"@type\":\"BreadcrumbList\",\"@id\":\"https:\\\/\\\/muitodoce.com.br\\\/loja\\\/produto\\\/micro-painel-backyardigans\\\/#breadcrumb\",\"itemListElement\":[{\"@type\":\"ListItem\",\"position\":1,\"name\":\"In\u00edcio\",\"item\":\"https:\\\/\\\/muitodoce.com.br\\\/loja\\\/\"},{\"@type\":\"ListItem\",\"position\":2,\"name\":\"Loja\",\"item\":\"https:\\\/\\\/muitodoce.com.br\\\/loja\\\/loja\\\/\"},{\"@type\":\"ListItem\",\"position\":3,\"name\":\"Mini Aplique Tag de EVA Backyardigans &#8211; 10 Unidades &#8211; Topper Para Docinhos e Tubetes\"}]},{\"@type\":\"WebSite\",\"@id\":\"https:\\\/\\\/muitodoce.com.br\\\/loja\\\/#website\",\"url\":\"https:\\\/\\\/muitodoce.com.br\\\/loja\\\/\",\"name\":\"Muito Doce\",\"description\":\"Doces e Artigos para Festas\",\"potentialAction\":[{\"@type\":\"SearchAction\",\"target\":{\"@type\":\"EntryPoint\",\"urlTemplate\":\"https:\\\/\\\/muitodoce.com.br\\\/loja\\\/?s={search_term_string}\"},\"query-input\":{\"@type\":\"PropertyValueSpecification\",\"valueRequired\":true,\"valueName\":\"search_term_string\"}}],\"inLanguage\":\"pt-BR\"}]}<\/script>\n<!-- \/ Yoast SEO plugin. -->","yoast_head_json":{"title":"Mini Aplique Tag de EVA Backyardigans - 10 Unidades - Topper Para Docinhos e Tubetes - Muito Doce","robots":{"index":"index","follow":"follow","max-snippet":"max-snippet:-1","max-image-preview":"max-image-preview:large","max-video-preview":"max-video-preview:-1"},"canonical":"https:\/\/muitodoce.com.br\/loja\/produto\/micro-painel-backyardigans\/","og_locale":"pt_BR","og_type":"article","og_title":"Mini Aplique Tag de EVA Backyardigans - 10 Unidades - Topper Para Docinhos e Tubetes - Muito Doce","og_description":"Adicione um toque especial e cheio de aventura \u00e0 sua festa com os Mini Apliques de EVA dos Backyardigans! Ideais para personalizar lembrancinhas, decorar docinhos, enfeitar convites, caixinhas e tubetes, ou para usar em projetos de artesanato. Caracter\u00edsticas do Produto: Tema: Backyardigans Composi\u00e7\u00e3o: EVA Quantidade: 10 unidades por pacote Medida Aproximada: 3 cm x 2 [&hellip;]","og_url":"https:\/\/muitodoce.com.br\/loja\/produto\/micro-painel-backyardigans\/","og_site_name":"Muito Doce","article_modified_time":"2025-12-19T16:34:34+00:00","og_image":[{"width":1024,"height":1024,"url":"https:\/\/muitodoce.com.br\/loja\/wp-content\/uploads\/2025\/11\/IMAGENS-BACKYARDIGANS-6.jpg","type":"image\/jpeg"}],"twitter_card":"summary_large_image","twitter_misc":{"Est. tempo de leitura":"1 minuto"},"schema":{"@context":"https:\/\/schema.org","@graph":[{"@type":"WebPage","@id":"https:\/\/muitodoce.com.br\/loja\/produto\/micro-painel-backyardigans\/","url":"https:\/\/muitodoce.com.br\/loja\/produto\/micro-painel-backyardigans\/","name":"Mini Aplique Tag de EVA Backyardigans - 10 Unidades - Topper Para Docinhos e Tubetes - Muito Doce","isPartOf":{"@id":"https:\/\/muitodoce.com.br\/loja\/#website"},"primaryImageOfPage":{"@id":"https:\/\/muitodoce.com.br\/loja\/produto\/micro-painel-backyardigans\/#primaryimage"},"image":{"@id":"https:\/\/muitodoce.com.br\/loja\/produto\/micro-painel-backyardigans\/#primaryimage"},"thumbnailUrl":"https:\/\/muitodoce.com.br\/loja\/wp-content\/uploads\/2025\/11\/IMAGENS-BACKYARDIGANS-6.jpg","datePublished":"2025-11-04T18:04:26+00:00","dateModified":"2025-12-19T16:34:34+00:00","breadcrumb":{"@id":"https:\/\/muitodoce.com.br\/loja\/produto\/micro-painel-backyardigans\/#breadcrumb"},"inLanguage":"pt-BR","potentialAction":[{"@type":"ReadAction","target":["https:\/\/muitodoce.com.br\/loja\/produto\/micro-painel-backyardigans\/"]}]},{"@type":"ImageObject","inLanguage":"pt-BR","@id":"https:\/\/muitodoce.com.br\/loja\/produto\/micro-painel-backyardigans\/#primaryimage","url":"https:\/\/muitodoce.com.br\/loja\/wp-content\/uploads\/2025\/11\/IMAGENS-BACKYARDIGANS-6.jpg","contentUrl":"https:\/\/muitodoce.com.br\/loja\/wp-content\/uploads\/2025\/11\/IMAGENS-BACKYARDIGANS-6.jpg","width":1024,"height":1024},{"@type":"BreadcrumbList","@id":"https:\/\/muitodoce.com.br\/loja\/produto\/micro-painel-backyardigans\/#breadcrumb","itemListElement":[{"@type":"ListItem","position":1,"name":"In\u00edcio","item":"https:\/\/muitodoce.com.br\/loja\/"},{"@type":"ListItem","position":2,"name":"Loja","item":"https:\/\/muitodoce.com.br\/loja\/loja\/"},{"@type":"ListItem","position":3,"name":"Mini Aplique Tag de EVA Backyardigans &#8211; 10 Unidades &#8211; Topper Para Docinhos e Tubetes"}]},{"@type":"WebSite","@id":"https:\/\/muitodoce.com.br\/loja\/#website","url":"https:\/\/muitodoce.com.br\/loja\/","name":"Muito Doce","description":"Doces e Artigos para Festas","potentialAction":[{"@type":"SearchAction","target":{"@type":"EntryPoint","urlTemplate":"https:\/\/muitodoce.com.br\/loja\/?s={search_term_string}"},"query-input":{"@type":"PropertyValueSpecification","valueRequired":true,"valueName":"search_term_string"}}],"inLanguage":"pt-BR"}]}},"_links":{"self":[{"href":"https:\/\/muitodoce.com.br\/loja\/wp-json\/wp\/v2\/product\/2190","targetHints":{"allow":["GET"]}}],"collection":[{"href":"https:\/\/muitodoce.com.br\/loja\/wp-json\/wp\/v2\/product"}],"about":[{"href":"https:\/\/muitodoce.com.br\/loja\/wp-json\/wp\/v2\/types\/product"}],"wp:featuredmedia":[{"embeddable":true,"href":"https:\/\/muitodoce.com.br\/loja\/wp-json\/wp\/v2\/media\/2200"}],"wp:attachment":[{"href":"https:\/\/muitodoce.com.br\/loja\/wp-json\/wp\/v2\/media?parent=2190"}],"wp:term":[{"taxonomy":"product_brand","embeddable":true,"href":"https:\/\/muitodoce.com.br\/loja\/wp-json\/wp\/v2\/product_brand?post=2190"},{"taxonomy":"product_cat","embeddable":true,"href":"https:\/\/muitodoce.com.br\/loja\/wp-json\/wp\/v2\/product_cat?post=2190"},{"taxonomy":"product_tag","embeddable":true,"href":"https:\/\/muitodoce.com.br\/loja\/wp-json\/wp\/v2\/product_tag?post=2190"}],"curies":[{"name":"wp","href":"https:\/\/api.w.org\/{rel}","templated":true}]}}