{"id":2191,"date":"2025-11-04T15:04:28","date_gmt":"2025-11-04T18:04:28","guid":{"rendered":"https:\/\/muitodoce.com.br\/loja\/produto\/toalha-backyardigans-c-1\/"},"modified":"2026-03-06T13:32:04","modified_gmt":"2026-03-06T16:32:04","slug":"toalha-backyardigans-c-1","status":"publish","type":"product","link":"https:\/\/muitodoce.com.br\/loja\/produto\/toalha-backyardigans-c-1\/","title":{"rendered":"Toalha de Mesa Backyardigans Banda &#8211; 1,20m x 1,80m &#8211; Pl\u00e1stico"},"content":{"rendered":"<p class=\"QN2lPu\">Leve a curiosidade e o aprendizado de Backyardigans (Tema Banda) para a sua mesa de bolo! Essencial para a decora\u00e7\u00e3o da mesa principal ou da mesa de doces.<\/p>\n<p class=\"QN2lPu\"><strong>Caracter\u00edsticas do Produto:<\/strong><\/p>\n<ul>\n<li class=\"QN2lPu\"><strong>Marca:<\/strong> Regina<\/li>\n<li class=\"QN2lPu\"><strong>Composi\u00e7\u00e3o:<\/strong> Polietileno (F\u00e1cil de Limpar)<\/li>\n<li class=\"QN2lPu\"><strong>Quantidade:<\/strong> 1 unidade por pacote<\/li>\n<li class=\"QN2lPu\"><strong>Tema:<\/strong> Backyardigans (Banda)<\/li>\n<li class=\"QN2lPu\"><strong>Medidas:<\/strong> 1,20 m (Largura) x 1,80 m (Comprimento)<\/li>\n<li class=\"QN2lPu\"><strong>Uso:<\/strong> Decora\u00e7\u00e3o da Mesa Principal (Bolo\/Doces)<\/li>\n<\/ul>\n<p class=\"QN2lPu\">Transforme a sua mesa em uma verdadeira experi\u00eancia de descobertas com essa decora\u00e7\u00e3o tem\u00e1tica!<\/p>\n","protected":false},"excerpt":{"rendered":"<p>Leve a curiosidade e o aprendizado de Backyardigans (Tema Banda) para a sua mesa de bolo! Essencial para a decora\u00e7\u00e3o da mesa principal ou da mesa de doces. Caracter\u00edsticas do Produto: Marca: Regina Composi\u00e7\u00e3o: Polietileno (F\u00e1cil de Limpar) Quantidade: 1 unidade por pacote Tema: Backyardigans (Banda) Medidas: 1,20 m (Largura) x 1,80 m (Comprimento) Uso: [&hellip;]<\/p>\n","protected":false},"featured_media":2210,"template":"","meta":{"_et_pb_use_builder":"","_et_pb_old_content":"","_et_gb_content_width":""},"product_brand":[200],"product_cat":[324,27],"product_tag":[],"class_list":{"0":"post-2191","1":"product","2":"type-product","3":"status-publish","4":"has-post-thumbnail","6":"product_brand-regina","7":"product_cat-backyardigans","8":"product_cat-temas-de-aniversario","10":"first","11":"instock","12":"taxable","13":"shipping-taxable","14":"purchasable","15":"product-type-simple"},"yoast_head":"<!-- This site is optimized with the Yoast SEO plugin v27.3 - https:\/\/yoast.com\/product\/yoast-seo-wordpress\/ -->\n<title>Toalha de Mesa Backyardigans Banda - 1,20m x 1,80m - Pl\u00e1stico - Muito Doce<\/title>\n<meta name=\"robots\" content=\"index, follow, max-snippet:-1, max-image-preview:large, max-video-preview:-1\" \/>\n<link rel=\"canonical\" href=\"https:\/\/muitodoce.com.br\/loja\/produto\/toalha-backyardigans-c-1\/\" \/>\n<meta property=\"og:locale\" content=\"pt_BR\" \/>\n<meta property=\"og:type\" content=\"article\" \/>\n<meta property=\"og:title\" content=\"Toalha de Mesa Backyardigans Banda - 1,20m x 1,80m - Pl\u00e1stico - Muito Doce\" \/>\n<meta property=\"og:description\" content=\"Leve a curiosidade e o aprendizado de Backyardigans (Tema Banda) para a sua mesa de bolo! Essencial para a decora\u00e7\u00e3o da mesa principal ou da mesa de doces. Caracter\u00edsticas do Produto: Marca: Regina Composi\u00e7\u00e3o: Polietileno (F\u00e1cil de Limpar) Quantidade: 1 unidade por pacote Tema: Backyardigans (Banda) Medidas: 1,20 m (Largura) x 1,80 m (Comprimento) Uso: [&hellip;]\" \/>\n<meta property=\"og:url\" content=\"https:\/\/muitodoce.com.br\/loja\/produto\/toalha-backyardigans-c-1\/\" \/>\n<meta property=\"og:site_name\" content=\"Muito Doce\" \/>\n<meta property=\"article:modified_time\" content=\"2026-03-06T16:32:04+00:00\" \/>\n<meta property=\"og:image\" content=\"https:\/\/muitodoce.com.br\/loja\/wp-content\/uploads\/2025\/11\/IMAGENS-BACKYARDIGANS-11.jpg\" \/>\n\t<meta property=\"og:image:width\" content=\"1024\" \/>\n\t<meta property=\"og:image:height\" content=\"1024\" \/>\n\t<meta property=\"og:image:type\" content=\"image\/jpeg\" \/>\n<meta name=\"twitter:card\" content=\"summary_large_image\" \/>\n<meta name=\"twitter:label1\" content=\"Est. tempo de leitura\" \/>\n\t<meta name=\"twitter:data1\" content=\"1 minuto\" \/>\n<script type=\"application\/ld+json\" class=\"yoast-schema-graph\">{\"@context\":\"https:\\\/\\\/schema.org\",\"@graph\":[{\"@type\":\"WebPage\",\"@id\":\"https:\\\/\\\/muitodoce.com.br\\\/loja\\\/produto\\\/toalha-backyardigans-c-1\\\/\",\"url\":\"https:\\\/\\\/muitodoce.com.br\\\/loja\\\/produto\\\/toalha-backyardigans-c-1\\\/\",\"name\":\"Toalha de Mesa Backyardigans Banda - 1,20m x 1,80m - Pl\u00e1stico - Muito Doce\",\"isPartOf\":{\"@id\":\"https:\\\/\\\/muitodoce.com.br\\\/loja\\\/#website\"},\"primaryImageOfPage\":{\"@id\":\"https:\\\/\\\/muitodoce.com.br\\\/loja\\\/produto\\\/toalha-backyardigans-c-1\\\/#primaryimage\"},\"image\":{\"@id\":\"https:\\\/\\\/muitodoce.com.br\\\/loja\\\/produto\\\/toalha-backyardigans-c-1\\\/#primaryimage\"},\"thumbnailUrl\":\"https:\\\/\\\/muitodoce.com.br\\\/loja\\\/wp-content\\\/uploads\\\/2025\\\/11\\\/IMAGENS-BACKYARDIGANS-11.jpg\",\"datePublished\":\"2025-11-04T18:04:28+00:00\",\"dateModified\":\"2026-03-06T16:32:04+00:00\",\"breadcrumb\":{\"@id\":\"https:\\\/\\\/muitodoce.com.br\\\/loja\\\/produto\\\/toalha-backyardigans-c-1\\\/#breadcrumb\"},\"inLanguage\":\"pt-BR\",\"potentialAction\":[{\"@type\":\"ReadAction\",\"target\":[\"https:\\\/\\\/muitodoce.com.br\\\/loja\\\/produto\\\/toalha-backyardigans-c-1\\\/\"]}]},{\"@type\":\"ImageObject\",\"inLanguage\":\"pt-BR\",\"@id\":\"https:\\\/\\\/muitodoce.com.br\\\/loja\\\/produto\\\/toalha-backyardigans-c-1\\\/#primaryimage\",\"url\":\"https:\\\/\\\/muitodoce.com.br\\\/loja\\\/wp-content\\\/uploads\\\/2025\\\/11\\\/IMAGENS-BACKYARDIGANS-11.jpg\",\"contentUrl\":\"https:\\\/\\\/muitodoce.com.br\\\/loja\\\/wp-content\\\/uploads\\\/2025\\\/11\\\/IMAGENS-BACKYARDIGANS-11.jpg\",\"width\":1024,\"height\":1024},{\"@type\":\"BreadcrumbList\",\"@id\":\"https:\\\/\\\/muitodoce.com.br\\\/loja\\\/produto\\\/toalha-backyardigans-c-1\\\/#breadcrumb\",\"itemListElement\":[{\"@type\":\"ListItem\",\"position\":1,\"name\":\"In\u00edcio\",\"item\":\"https:\\\/\\\/muitodoce.com.br\\\/loja\\\/\"},{\"@type\":\"ListItem\",\"position\":2,\"name\":\"Loja\",\"item\":\"https:\\\/\\\/muitodoce.com.br\\\/loja\\\/loja\\\/\"},{\"@type\":\"ListItem\",\"position\":3,\"name\":\"Toalha de Mesa Backyardigans Banda &#8211; 1,20m x 1,80m &#8211; Pl\u00e1stico\"}]},{\"@type\":\"WebSite\",\"@id\":\"https:\\\/\\\/muitodoce.com.br\\\/loja\\\/#website\",\"url\":\"https:\\\/\\\/muitodoce.com.br\\\/loja\\\/\",\"name\":\"Muito Doce\",\"description\":\"Doces e Artigos para Festas\",\"potentialAction\":[{\"@type\":\"SearchAction\",\"target\":{\"@type\":\"EntryPoint\",\"urlTemplate\":\"https:\\\/\\\/muitodoce.com.br\\\/loja\\\/?s={search_term_string}\"},\"query-input\":{\"@type\":\"PropertyValueSpecification\",\"valueRequired\":true,\"valueName\":\"search_term_string\"}}],\"inLanguage\":\"pt-BR\"}]}<\/script>\n<!-- \/ Yoast SEO plugin. -->","yoast_head_json":{"title":"Toalha de Mesa Backyardigans Banda - 1,20m x 1,80m - Pl\u00e1stico - Muito Doce","robots":{"index":"index","follow":"follow","max-snippet":"max-snippet:-1","max-image-preview":"max-image-preview:large","max-video-preview":"max-video-preview:-1"},"canonical":"https:\/\/muitodoce.com.br\/loja\/produto\/toalha-backyardigans-c-1\/","og_locale":"pt_BR","og_type":"article","og_title":"Toalha de Mesa Backyardigans Banda - 1,20m x 1,80m - Pl\u00e1stico - Muito Doce","og_description":"Leve a curiosidade e o aprendizado de Backyardigans (Tema Banda) para a sua mesa de bolo! Essencial para a decora\u00e7\u00e3o da mesa principal ou da mesa de doces. Caracter\u00edsticas do Produto: Marca: Regina Composi\u00e7\u00e3o: Polietileno (F\u00e1cil de Limpar) Quantidade: 1 unidade por pacote Tema: Backyardigans (Banda) Medidas: 1,20 m (Largura) x 1,80 m (Comprimento) Uso: [&hellip;]","og_url":"https:\/\/muitodoce.com.br\/loja\/produto\/toalha-backyardigans-c-1\/","og_site_name":"Muito Doce","article_modified_time":"2026-03-06T16:32:04+00:00","og_image":[{"width":1024,"height":1024,"url":"https:\/\/muitodoce.com.br\/loja\/wp-content\/uploads\/2025\/11\/IMAGENS-BACKYARDIGANS-11.jpg","type":"image\/jpeg"}],"twitter_card":"summary_large_image","twitter_misc":{"Est. tempo de leitura":"1 minuto"},"schema":{"@context":"https:\/\/schema.org","@graph":[{"@type":"WebPage","@id":"https:\/\/muitodoce.com.br\/loja\/produto\/toalha-backyardigans-c-1\/","url":"https:\/\/muitodoce.com.br\/loja\/produto\/toalha-backyardigans-c-1\/","name":"Toalha de Mesa Backyardigans Banda - 1,20m x 1,80m - Pl\u00e1stico - Muito Doce","isPartOf":{"@id":"https:\/\/muitodoce.com.br\/loja\/#website"},"primaryImageOfPage":{"@id":"https:\/\/muitodoce.com.br\/loja\/produto\/toalha-backyardigans-c-1\/#primaryimage"},"image":{"@id":"https:\/\/muitodoce.com.br\/loja\/produto\/toalha-backyardigans-c-1\/#primaryimage"},"thumbnailUrl":"https:\/\/muitodoce.com.br\/loja\/wp-content\/uploads\/2025\/11\/IMAGENS-BACKYARDIGANS-11.jpg","datePublished":"2025-11-04T18:04:28+00:00","dateModified":"2026-03-06T16:32:04+00:00","breadcrumb":{"@id":"https:\/\/muitodoce.com.br\/loja\/produto\/toalha-backyardigans-c-1\/#breadcrumb"},"inLanguage":"pt-BR","potentialAction":[{"@type":"ReadAction","target":["https:\/\/muitodoce.com.br\/loja\/produto\/toalha-backyardigans-c-1\/"]}]},{"@type":"ImageObject","inLanguage":"pt-BR","@id":"https:\/\/muitodoce.com.br\/loja\/produto\/toalha-backyardigans-c-1\/#primaryimage","url":"https:\/\/muitodoce.com.br\/loja\/wp-content\/uploads\/2025\/11\/IMAGENS-BACKYARDIGANS-11.jpg","contentUrl":"https:\/\/muitodoce.com.br\/loja\/wp-content\/uploads\/2025\/11\/IMAGENS-BACKYARDIGANS-11.jpg","width":1024,"height":1024},{"@type":"BreadcrumbList","@id":"https:\/\/muitodoce.com.br\/loja\/produto\/toalha-backyardigans-c-1\/#breadcrumb","itemListElement":[{"@type":"ListItem","position":1,"name":"In\u00edcio","item":"https:\/\/muitodoce.com.br\/loja\/"},{"@type":"ListItem","position":2,"name":"Loja","item":"https:\/\/muitodoce.com.br\/loja\/loja\/"},{"@type":"ListItem","position":3,"name":"Toalha de Mesa Backyardigans Banda &#8211; 1,20m x 1,80m &#8211; Pl\u00e1stico"}]},{"@type":"WebSite","@id":"https:\/\/muitodoce.com.br\/loja\/#website","url":"https:\/\/muitodoce.com.br\/loja\/","name":"Muito Doce","description":"Doces e Artigos para Festas","potentialAction":[{"@type":"SearchAction","target":{"@type":"EntryPoint","urlTemplate":"https:\/\/muitodoce.com.br\/loja\/?s={search_term_string}"},"query-input":{"@type":"PropertyValueSpecification","valueRequired":true,"valueName":"search_term_string"}}],"inLanguage":"pt-BR"}]}},"_links":{"self":[{"href":"https:\/\/muitodoce.com.br\/loja\/wp-json\/wp\/v2\/product\/2191","targetHints":{"allow":["GET"]}}],"collection":[{"href":"https:\/\/muitodoce.com.br\/loja\/wp-json\/wp\/v2\/product"}],"about":[{"href":"https:\/\/muitodoce.com.br\/loja\/wp-json\/wp\/v2\/types\/product"}],"wp:featuredmedia":[{"embeddable":true,"href":"https:\/\/muitodoce.com.br\/loja\/wp-json\/wp\/v2\/media\/2210"}],"wp:attachment":[{"href":"https:\/\/muitodoce.com.br\/loja\/wp-json\/wp\/v2\/media?parent=2191"}],"wp:term":[{"taxonomy":"product_brand","embeddable":true,"href":"https:\/\/muitodoce.com.br\/loja\/wp-json\/wp\/v2\/product_brand?post=2191"},{"taxonomy":"product_cat","embeddable":true,"href":"https:\/\/muitodoce.com.br\/loja\/wp-json\/wp\/v2\/product_cat?post=2191"},{"taxonomy":"product_tag","embeddable":true,"href":"https:\/\/muitodoce.com.br\/loja\/wp-json\/wp\/v2\/product_tag?post=2191"}],"curies":[{"name":"wp","href":"https:\/\/api.w.org\/{rel}","templated":true}]}}