{"id":2229,"date":"2025-12-04T15:19:31","date_gmt":"2025-12-04T18:19:31","guid":{"rendered":"https:\/\/muitodoce.com.br\/loja\/produto\/toalha-pj-masks-c-1\/"},"modified":"2026-01-20T08:01:43","modified_gmt":"2026-01-20T11:01:43","slug":"toalha-pj-masks-c-1","status":"publish","type":"product","link":"https:\/\/muitodoce.com.br\/loja\/produto\/toalha-pj-masks-c-1\/","title":{"rendered":"Toalha de Mesa Pj Masks &#8211; 2,20 m x 1,20 m &#8211; 1 Unidade &#8211; Papel"},"content":{"rendered":"<p class=\"QN2lPu\">Leve a aventura noturna do PJ Masks (Menino Gato, Corujita e Lagartixo) para a sua festa com a Toalha de Mesa da Regina Festas! ideal para a decora\u00e7\u00e3o da mesa principal do bolo ou da mesa de doces.<\/p>\n<p class=\"QN2lPu\"><strong>Caracter\u00edsticas do Produto:<\/strong><\/p>\n<ul>\n<li class=\"QN2lPu\"><strong>Marca<\/strong>: Regina Festas<\/li>\n<li class=\"QN2lPu\"><strong>Composi\u00e7\u00e3o<\/strong>: Papel Monol\u00facido<\/li>\n<li class=\"QN2lPu\"><strong>Quantidade:<\/strong> 1 unidade por pacote<\/li>\n<li class=\"QN2lPu\"><strong>Tema:<\/strong> PJ Masks<\/li>\n<li class=\"QN2lPu\"><strong>Medidas Aproximadas:<\/strong> 2,20 m (Comprimento) x 1,20 m (Largura)<\/li>\n<li class=\"QN2lPu\"><strong>Uso:<\/strong> Decora\u00e7\u00e3o da Mesa Principal<\/li>\n<\/ul>\n<p class=\"QN2lPu\">Transforme a sua festa em uma grande aventura com essa decora\u00e7\u00e3o tem\u00e1tica!<\/p>\n","protected":false},"excerpt":{"rendered":"<p>Leve a aventura noturna do PJ Masks (Menino Gato, Corujita e Lagartixo) para a sua festa com a Toalha de Mesa da Regina Festas! ideal para a decora\u00e7\u00e3o da mesa principal do bolo ou da mesa de doces. Caracter\u00edsticas do Produto: Marca: Regina Festas Composi\u00e7\u00e3o: Papel Monol\u00facido Quantidade: 1 unidade por pacote Tema: PJ Masks [&hellip;]<\/p>\n","protected":false},"featured_media":2225,"template":"","meta":{"_et_pb_use_builder":"","_et_pb_old_content":"","_et_gb_content_width":""},"product_brand":[200],"product_cat":[310,27],"product_tag":[],"class_list":{"0":"post-2229","1":"product","2":"type-product","3":"status-publish","4":"has-post-thumbnail","6":"product_brand-regina","7":"product_cat-pj-masks","8":"product_cat-temas-de-aniversario","10":"first","11":"outofstock","12":"taxable","13":"shipping-taxable","14":"purchasable","15":"product-type-simple"},"yoast_head":"<!-- This site is optimized with the Yoast SEO plugin v27.3 - https:\/\/yoast.com\/product\/yoast-seo-wordpress\/ -->\n<title>Toalha de Mesa Pj Masks - 2,20 m x 1,20 m - 1 Unidade - Papel - Muito Doce<\/title>\n<meta name=\"robots\" content=\"index, follow, max-snippet:-1, max-image-preview:large, max-video-preview:-1\" \/>\n<link rel=\"canonical\" href=\"https:\/\/muitodoce.com.br\/loja\/produto\/toalha-pj-masks-c-1\/\" \/>\n<meta property=\"og:locale\" content=\"pt_BR\" \/>\n<meta property=\"og:type\" content=\"article\" \/>\n<meta property=\"og:title\" content=\"Toalha de Mesa Pj Masks - 2,20 m x 1,20 m - 1 Unidade - Papel - Muito Doce\" \/>\n<meta property=\"og:description\" content=\"Leve a aventura noturna do PJ Masks (Menino Gato, Corujita e Lagartixo) para a sua festa com a Toalha de Mesa da Regina Festas! ideal para a decora\u00e7\u00e3o da mesa principal do bolo ou da mesa de doces. Caracter\u00edsticas do Produto: Marca: Regina Festas Composi\u00e7\u00e3o: Papel Monol\u00facido Quantidade: 1 unidade por pacote Tema: PJ Masks [&hellip;]\" \/>\n<meta property=\"og:url\" content=\"https:\/\/muitodoce.com.br\/loja\/produto\/toalha-pj-masks-c-1\/\" \/>\n<meta property=\"og:site_name\" content=\"Muito Doce\" \/>\n<meta property=\"article:modified_time\" content=\"2026-01-20T11:01:43+00:00\" \/>\n<meta property=\"og:image\" content=\"https:\/\/muitodoce.com.br\/loja\/wp-content\/uploads\/2025\/12\/IMAGENS-PJ-MASKS-3.jpg\" \/>\n\t<meta property=\"og:image:width\" content=\"1024\" \/>\n\t<meta property=\"og:image:height\" content=\"1024\" \/>\n\t<meta property=\"og:image:type\" content=\"image\/jpeg\" \/>\n<meta name=\"twitter:card\" content=\"summary_large_image\" \/>\n<meta name=\"twitter:label1\" content=\"Est. tempo de leitura\" \/>\n\t<meta name=\"twitter:data1\" content=\"1 minuto\" \/>\n<script type=\"application\/ld+json\" class=\"yoast-schema-graph\">{\"@context\":\"https:\\\/\\\/schema.org\",\"@graph\":[{\"@type\":\"WebPage\",\"@id\":\"https:\\\/\\\/muitodoce.com.br\\\/loja\\\/produto\\\/toalha-pj-masks-c-1\\\/\",\"url\":\"https:\\\/\\\/muitodoce.com.br\\\/loja\\\/produto\\\/toalha-pj-masks-c-1\\\/\",\"name\":\"Toalha de Mesa Pj Masks - 2,20 m x 1,20 m - 1 Unidade - Papel - Muito Doce\",\"isPartOf\":{\"@id\":\"https:\\\/\\\/muitodoce.com.br\\\/loja\\\/#website\"},\"primaryImageOfPage\":{\"@id\":\"https:\\\/\\\/muitodoce.com.br\\\/loja\\\/produto\\\/toalha-pj-masks-c-1\\\/#primaryimage\"},\"image\":{\"@id\":\"https:\\\/\\\/muitodoce.com.br\\\/loja\\\/produto\\\/toalha-pj-masks-c-1\\\/#primaryimage\"},\"thumbnailUrl\":\"https:\\\/\\\/muitodoce.com.br\\\/loja\\\/wp-content\\\/uploads\\\/2025\\\/12\\\/IMAGENS-PJ-MASKS-3.jpg\",\"datePublished\":\"2025-12-04T18:19:31+00:00\",\"dateModified\":\"2026-01-20T11:01:43+00:00\",\"breadcrumb\":{\"@id\":\"https:\\\/\\\/muitodoce.com.br\\\/loja\\\/produto\\\/toalha-pj-masks-c-1\\\/#breadcrumb\"},\"inLanguage\":\"pt-BR\",\"potentialAction\":[{\"@type\":\"ReadAction\",\"target\":[\"https:\\\/\\\/muitodoce.com.br\\\/loja\\\/produto\\\/toalha-pj-masks-c-1\\\/\"]}]},{\"@type\":\"ImageObject\",\"inLanguage\":\"pt-BR\",\"@id\":\"https:\\\/\\\/muitodoce.com.br\\\/loja\\\/produto\\\/toalha-pj-masks-c-1\\\/#primaryimage\",\"url\":\"https:\\\/\\\/muitodoce.com.br\\\/loja\\\/wp-content\\\/uploads\\\/2025\\\/12\\\/IMAGENS-PJ-MASKS-3.jpg\",\"contentUrl\":\"https:\\\/\\\/muitodoce.com.br\\\/loja\\\/wp-content\\\/uploads\\\/2025\\\/12\\\/IMAGENS-PJ-MASKS-3.jpg\",\"width\":1024,\"height\":1024},{\"@type\":\"BreadcrumbList\",\"@id\":\"https:\\\/\\\/muitodoce.com.br\\\/loja\\\/produto\\\/toalha-pj-masks-c-1\\\/#breadcrumb\",\"itemListElement\":[{\"@type\":\"ListItem\",\"position\":1,\"name\":\"In\u00edcio\",\"item\":\"https:\\\/\\\/muitodoce.com.br\\\/loja\\\/\"},{\"@type\":\"ListItem\",\"position\":2,\"name\":\"Loja\",\"item\":\"https:\\\/\\\/muitodoce.com.br\\\/loja\\\/loja\\\/\"},{\"@type\":\"ListItem\",\"position\":3,\"name\":\"Toalha de Mesa Pj Masks &#8211; 2,20 m x 1,20 m &#8211; 1 Unidade &#8211; Papel\"}]},{\"@type\":\"WebSite\",\"@id\":\"https:\\\/\\\/muitodoce.com.br\\\/loja\\\/#website\",\"url\":\"https:\\\/\\\/muitodoce.com.br\\\/loja\\\/\",\"name\":\"Muito Doce\",\"description\":\"Doces e Artigos para Festas\",\"potentialAction\":[{\"@type\":\"SearchAction\",\"target\":{\"@type\":\"EntryPoint\",\"urlTemplate\":\"https:\\\/\\\/muitodoce.com.br\\\/loja\\\/?s={search_term_string}\"},\"query-input\":{\"@type\":\"PropertyValueSpecification\",\"valueRequired\":true,\"valueName\":\"search_term_string\"}}],\"inLanguage\":\"pt-BR\"}]}<\/script>\n<!-- \/ Yoast SEO plugin. -->","yoast_head_json":{"title":"Toalha de Mesa Pj Masks - 2,20 m x 1,20 m - 1 Unidade - Papel - Muito Doce","robots":{"index":"index","follow":"follow","max-snippet":"max-snippet:-1","max-image-preview":"max-image-preview:large","max-video-preview":"max-video-preview:-1"},"canonical":"https:\/\/muitodoce.com.br\/loja\/produto\/toalha-pj-masks-c-1\/","og_locale":"pt_BR","og_type":"article","og_title":"Toalha de Mesa Pj Masks - 2,20 m x 1,20 m - 1 Unidade - Papel - Muito Doce","og_description":"Leve a aventura noturna do PJ Masks (Menino Gato, Corujita e Lagartixo) para a sua festa com a Toalha de Mesa da Regina Festas! ideal para a decora\u00e7\u00e3o da mesa principal do bolo ou da mesa de doces. Caracter\u00edsticas do Produto: Marca: Regina Festas Composi\u00e7\u00e3o: Papel Monol\u00facido Quantidade: 1 unidade por pacote Tema: PJ Masks [&hellip;]","og_url":"https:\/\/muitodoce.com.br\/loja\/produto\/toalha-pj-masks-c-1\/","og_site_name":"Muito Doce","article_modified_time":"2026-01-20T11:01:43+00:00","og_image":[{"width":1024,"height":1024,"url":"https:\/\/muitodoce.com.br\/loja\/wp-content\/uploads\/2025\/12\/IMAGENS-PJ-MASKS-3.jpg","type":"image\/jpeg"}],"twitter_card":"summary_large_image","twitter_misc":{"Est. tempo de leitura":"1 minuto"},"schema":{"@context":"https:\/\/schema.org","@graph":[{"@type":"WebPage","@id":"https:\/\/muitodoce.com.br\/loja\/produto\/toalha-pj-masks-c-1\/","url":"https:\/\/muitodoce.com.br\/loja\/produto\/toalha-pj-masks-c-1\/","name":"Toalha de Mesa Pj Masks - 2,20 m x 1,20 m - 1 Unidade - Papel - Muito Doce","isPartOf":{"@id":"https:\/\/muitodoce.com.br\/loja\/#website"},"primaryImageOfPage":{"@id":"https:\/\/muitodoce.com.br\/loja\/produto\/toalha-pj-masks-c-1\/#primaryimage"},"image":{"@id":"https:\/\/muitodoce.com.br\/loja\/produto\/toalha-pj-masks-c-1\/#primaryimage"},"thumbnailUrl":"https:\/\/muitodoce.com.br\/loja\/wp-content\/uploads\/2025\/12\/IMAGENS-PJ-MASKS-3.jpg","datePublished":"2025-12-04T18:19:31+00:00","dateModified":"2026-01-20T11:01:43+00:00","breadcrumb":{"@id":"https:\/\/muitodoce.com.br\/loja\/produto\/toalha-pj-masks-c-1\/#breadcrumb"},"inLanguage":"pt-BR","potentialAction":[{"@type":"ReadAction","target":["https:\/\/muitodoce.com.br\/loja\/produto\/toalha-pj-masks-c-1\/"]}]},{"@type":"ImageObject","inLanguage":"pt-BR","@id":"https:\/\/muitodoce.com.br\/loja\/produto\/toalha-pj-masks-c-1\/#primaryimage","url":"https:\/\/muitodoce.com.br\/loja\/wp-content\/uploads\/2025\/12\/IMAGENS-PJ-MASKS-3.jpg","contentUrl":"https:\/\/muitodoce.com.br\/loja\/wp-content\/uploads\/2025\/12\/IMAGENS-PJ-MASKS-3.jpg","width":1024,"height":1024},{"@type":"BreadcrumbList","@id":"https:\/\/muitodoce.com.br\/loja\/produto\/toalha-pj-masks-c-1\/#breadcrumb","itemListElement":[{"@type":"ListItem","position":1,"name":"In\u00edcio","item":"https:\/\/muitodoce.com.br\/loja\/"},{"@type":"ListItem","position":2,"name":"Loja","item":"https:\/\/muitodoce.com.br\/loja\/loja\/"},{"@type":"ListItem","position":3,"name":"Toalha de Mesa Pj Masks &#8211; 2,20 m x 1,20 m &#8211; 1 Unidade &#8211; Papel"}]},{"@type":"WebSite","@id":"https:\/\/muitodoce.com.br\/loja\/#website","url":"https:\/\/muitodoce.com.br\/loja\/","name":"Muito Doce","description":"Doces e Artigos para Festas","potentialAction":[{"@type":"SearchAction","target":{"@type":"EntryPoint","urlTemplate":"https:\/\/muitodoce.com.br\/loja\/?s={search_term_string}"},"query-input":{"@type":"PropertyValueSpecification","valueRequired":true,"valueName":"search_term_string"}}],"inLanguage":"pt-BR"}]}},"_links":{"self":[{"href":"https:\/\/muitodoce.com.br\/loja\/wp-json\/wp\/v2\/product\/2229","targetHints":{"allow":["GET"]}}],"collection":[{"href":"https:\/\/muitodoce.com.br\/loja\/wp-json\/wp\/v2\/product"}],"about":[{"href":"https:\/\/muitodoce.com.br\/loja\/wp-json\/wp\/v2\/types\/product"}],"wp:featuredmedia":[{"embeddable":true,"href":"https:\/\/muitodoce.com.br\/loja\/wp-json\/wp\/v2\/media\/2225"}],"wp:attachment":[{"href":"https:\/\/muitodoce.com.br\/loja\/wp-json\/wp\/v2\/media?parent=2229"}],"wp:term":[{"taxonomy":"product_brand","embeddable":true,"href":"https:\/\/muitodoce.com.br\/loja\/wp-json\/wp\/v2\/product_brand?post=2229"},{"taxonomy":"product_cat","embeddable":true,"href":"https:\/\/muitodoce.com.br\/loja\/wp-json\/wp\/v2\/product_cat?post=2229"},{"taxonomy":"product_tag","embeddable":true,"href":"https:\/\/muitodoce.com.br\/loja\/wp-json\/wp\/v2\/product_tag?post=2229"}],"curies":[{"name":"wp","href":"https:\/\/api.w.org\/{rel}","templated":true}]}}