{"id":2231,"date":"2025-12-05T10:16:22","date_gmt":"2025-12-05T13:16:22","guid":{"rendered":"https:\/\/muitodoce.com.br\/loja\/produto\/mini-personagens-pj-masks-c-50\/"},"modified":"2026-03-24T15:17:15","modified_gmt":"2026-03-24T18:17:15","slug":"mini-personagens-pj-masks-c-50","status":"publish","type":"product","link":"https:\/\/muitodoce.com.br\/loja\/produto\/mini-personagens-pj-masks-c-50\/","title":{"rendered":"Mini Tags Apliques Decorativos Pj Masks &#8211; 50 Unidades &#8211; Mini Personagens Pj Masks"},"content":{"rendered":"<p class=\"QN2lPu\">Leve a aventura do PJ Masks para a sua festa com os Mini Personagens Decorativos da Regina! Perfeito para enfeitar a mesa principal, colocar no bolo, nos docinhos, ou at\u00e9 mesmo usar como parte das lembrancinhas. S\u00e3o ideais para festas de anivers\u00e1rio, ch\u00e1s de beb\u00ea e outras celebra\u00e7\u00f5es com o tema PJ Masks.<\/p>\n<p class=\"QN2lPu\"><strong>Caracter\u00edsticas do Produto:<\/strong><\/p>\n<ul>\n<li class=\"QN2lPu\"><strong>Marca:<\/strong> Regina Festas<\/li>\n<li class=\"QN2lPu\"><strong>Quantidade<\/strong>: 50 unidades por pacote<\/li>\n<li class=\"QN2lPu\"><strong>Design:<\/strong> Estampa exclusiva dos personagens PJ Masks<\/li>\n<li class=\"QN2lPu\"><strong>Uso:<\/strong> Ideal para decora\u00e7\u00e3o de mesa, bolo e docinhos.<\/li>\n<\/ul>\n<p class=\"QN2lPu\">Transforme a mesa da sua festa em um verdadeiro espet\u00e1culo com essa decora\u00e7\u00e3o tem\u00e1tica!<\/p>\n","protected":false},"excerpt":{"rendered":"<p>Leve a aventura do PJ Masks para a sua festa com os Mini Personagens Decorativos da Regina! Perfeito para enfeitar a mesa principal, colocar no bolo, nos docinhos, ou at\u00e9 mesmo usar como parte das lembrancinhas. S\u00e3o ideais para festas de anivers\u00e1rio, ch\u00e1s de beb\u00ea e outras celebra\u00e7\u00f5es com o tema PJ Masks. Caracter\u00edsticas do [&hellip;]<\/p>\n","protected":false},"featured_media":2217,"template":"","meta":{"_et_pb_use_builder":"","_et_pb_old_content":"","_et_gb_content_width":""},"product_brand":[200],"product_cat":[310,27],"product_tag":[],"class_list":{"0":"post-2231","1":"product","2":"type-product","3":"status-publish","4":"has-post-thumbnail","6":"product_brand-regina","7":"product_cat-pj-masks","8":"product_cat-temas-de-aniversario","10":"first","11":"instock","12":"taxable","13":"shipping-taxable","14":"purchasable","15":"product-type-simple"},"yoast_head":"<!-- This site is optimized with the Yoast SEO plugin v27.3 - https:\/\/yoast.com\/product\/yoast-seo-wordpress\/ -->\n<title>Mini Tags Apliques Decorativos Pj Masks - 50 Unidades - Mini Personagens Pj Masks - Muito Doce<\/title>\n<meta name=\"robots\" content=\"index, follow, max-snippet:-1, max-image-preview:large, max-video-preview:-1\" \/>\n<link rel=\"canonical\" href=\"https:\/\/muitodoce.com.br\/loja\/produto\/mini-personagens-pj-masks-c-50\/\" \/>\n<meta property=\"og:locale\" content=\"pt_BR\" \/>\n<meta property=\"og:type\" content=\"article\" \/>\n<meta property=\"og:title\" content=\"Mini Tags Apliques Decorativos Pj Masks - 50 Unidades - Mini Personagens Pj Masks - Muito Doce\" \/>\n<meta property=\"og:description\" content=\"Leve a aventura do PJ Masks para a sua festa com os Mini Personagens Decorativos da Regina! Perfeito para enfeitar a mesa principal, colocar no bolo, nos docinhos, ou at\u00e9 mesmo usar como parte das lembrancinhas. S\u00e3o ideais para festas de anivers\u00e1rio, ch\u00e1s de beb\u00ea e outras celebra\u00e7\u00f5es com o tema PJ Masks. Caracter\u00edsticas do [&hellip;]\" \/>\n<meta property=\"og:url\" content=\"https:\/\/muitodoce.com.br\/loja\/produto\/mini-personagens-pj-masks-c-50\/\" \/>\n<meta property=\"og:site_name\" content=\"Muito Doce\" \/>\n<meta property=\"article:modified_time\" content=\"2026-03-24T18:17:15+00:00\" \/>\n<meta property=\"og:image\" content=\"https:\/\/muitodoce.com.br\/loja\/wp-content\/uploads\/2025\/12\/IMAGENS-PJ-MASKS-4.jpg\" \/>\n\t<meta property=\"og:image:width\" content=\"1024\" \/>\n\t<meta property=\"og:image:height\" content=\"1024\" \/>\n\t<meta property=\"og:image:type\" content=\"image\/jpeg\" \/>\n<meta name=\"twitter:card\" content=\"summary_large_image\" \/>\n<meta name=\"twitter:label1\" content=\"Est. tempo de leitura\" \/>\n\t<meta name=\"twitter:data1\" content=\"1 minuto\" \/>\n<script type=\"application\/ld+json\" class=\"yoast-schema-graph\">{\"@context\":\"https:\\\/\\\/schema.org\",\"@graph\":[{\"@type\":\"WebPage\",\"@id\":\"https:\\\/\\\/muitodoce.com.br\\\/loja\\\/produto\\\/mini-personagens-pj-masks-c-50\\\/\",\"url\":\"https:\\\/\\\/muitodoce.com.br\\\/loja\\\/produto\\\/mini-personagens-pj-masks-c-50\\\/\",\"name\":\"Mini Tags Apliques Decorativos Pj Masks - 50 Unidades - Mini Personagens Pj Masks - Muito Doce\",\"isPartOf\":{\"@id\":\"https:\\\/\\\/muitodoce.com.br\\\/loja\\\/#website\"},\"primaryImageOfPage\":{\"@id\":\"https:\\\/\\\/muitodoce.com.br\\\/loja\\\/produto\\\/mini-personagens-pj-masks-c-50\\\/#primaryimage\"},\"image\":{\"@id\":\"https:\\\/\\\/muitodoce.com.br\\\/loja\\\/produto\\\/mini-personagens-pj-masks-c-50\\\/#primaryimage\"},\"thumbnailUrl\":\"https:\\\/\\\/muitodoce.com.br\\\/loja\\\/wp-content\\\/uploads\\\/2025\\\/12\\\/IMAGENS-PJ-MASKS-4.jpg\",\"datePublished\":\"2025-12-05T13:16:22+00:00\",\"dateModified\":\"2026-03-24T18:17:15+00:00\",\"breadcrumb\":{\"@id\":\"https:\\\/\\\/muitodoce.com.br\\\/loja\\\/produto\\\/mini-personagens-pj-masks-c-50\\\/#breadcrumb\"},\"inLanguage\":\"pt-BR\",\"potentialAction\":[{\"@type\":\"ReadAction\",\"target\":[\"https:\\\/\\\/muitodoce.com.br\\\/loja\\\/produto\\\/mini-personagens-pj-masks-c-50\\\/\"]}]},{\"@type\":\"ImageObject\",\"inLanguage\":\"pt-BR\",\"@id\":\"https:\\\/\\\/muitodoce.com.br\\\/loja\\\/produto\\\/mini-personagens-pj-masks-c-50\\\/#primaryimage\",\"url\":\"https:\\\/\\\/muitodoce.com.br\\\/loja\\\/wp-content\\\/uploads\\\/2025\\\/12\\\/IMAGENS-PJ-MASKS-4.jpg\",\"contentUrl\":\"https:\\\/\\\/muitodoce.com.br\\\/loja\\\/wp-content\\\/uploads\\\/2025\\\/12\\\/IMAGENS-PJ-MASKS-4.jpg\",\"width\":1024,\"height\":1024},{\"@type\":\"BreadcrumbList\",\"@id\":\"https:\\\/\\\/muitodoce.com.br\\\/loja\\\/produto\\\/mini-personagens-pj-masks-c-50\\\/#breadcrumb\",\"itemListElement\":[{\"@type\":\"ListItem\",\"position\":1,\"name\":\"In\u00edcio\",\"item\":\"https:\\\/\\\/muitodoce.com.br\\\/loja\\\/\"},{\"@type\":\"ListItem\",\"position\":2,\"name\":\"Loja\",\"item\":\"https:\\\/\\\/muitodoce.com.br\\\/loja\\\/loja\\\/\"},{\"@type\":\"ListItem\",\"position\":3,\"name\":\"Mini Tags Apliques Decorativos Pj Masks &#8211; 50 Unidades &#8211; Mini Personagens Pj Masks\"}]},{\"@type\":\"WebSite\",\"@id\":\"https:\\\/\\\/muitodoce.com.br\\\/loja\\\/#website\",\"url\":\"https:\\\/\\\/muitodoce.com.br\\\/loja\\\/\",\"name\":\"Muito Doce\",\"description\":\"Doces e Artigos para Festas\",\"potentialAction\":[{\"@type\":\"SearchAction\",\"target\":{\"@type\":\"EntryPoint\",\"urlTemplate\":\"https:\\\/\\\/muitodoce.com.br\\\/loja\\\/?s={search_term_string}\"},\"query-input\":{\"@type\":\"PropertyValueSpecification\",\"valueRequired\":true,\"valueName\":\"search_term_string\"}}],\"inLanguage\":\"pt-BR\"}]}<\/script>\n<!-- \/ Yoast SEO plugin. -->","yoast_head_json":{"title":"Mini Tags Apliques Decorativos Pj Masks - 50 Unidades - Mini Personagens Pj Masks - Muito Doce","robots":{"index":"index","follow":"follow","max-snippet":"max-snippet:-1","max-image-preview":"max-image-preview:large","max-video-preview":"max-video-preview:-1"},"canonical":"https:\/\/muitodoce.com.br\/loja\/produto\/mini-personagens-pj-masks-c-50\/","og_locale":"pt_BR","og_type":"article","og_title":"Mini Tags Apliques Decorativos Pj Masks - 50 Unidades - Mini Personagens Pj Masks - Muito Doce","og_description":"Leve a aventura do PJ Masks para a sua festa com os Mini Personagens Decorativos da Regina! Perfeito para enfeitar a mesa principal, colocar no bolo, nos docinhos, ou at\u00e9 mesmo usar como parte das lembrancinhas. S\u00e3o ideais para festas de anivers\u00e1rio, ch\u00e1s de beb\u00ea e outras celebra\u00e7\u00f5es com o tema PJ Masks. Caracter\u00edsticas do [&hellip;]","og_url":"https:\/\/muitodoce.com.br\/loja\/produto\/mini-personagens-pj-masks-c-50\/","og_site_name":"Muito Doce","article_modified_time":"2026-03-24T18:17:15+00:00","og_image":[{"width":1024,"height":1024,"url":"https:\/\/muitodoce.com.br\/loja\/wp-content\/uploads\/2025\/12\/IMAGENS-PJ-MASKS-4.jpg","type":"image\/jpeg"}],"twitter_card":"summary_large_image","twitter_misc":{"Est. tempo de leitura":"1 minuto"},"schema":{"@context":"https:\/\/schema.org","@graph":[{"@type":"WebPage","@id":"https:\/\/muitodoce.com.br\/loja\/produto\/mini-personagens-pj-masks-c-50\/","url":"https:\/\/muitodoce.com.br\/loja\/produto\/mini-personagens-pj-masks-c-50\/","name":"Mini Tags Apliques Decorativos Pj Masks - 50 Unidades - Mini Personagens Pj Masks - Muito Doce","isPartOf":{"@id":"https:\/\/muitodoce.com.br\/loja\/#website"},"primaryImageOfPage":{"@id":"https:\/\/muitodoce.com.br\/loja\/produto\/mini-personagens-pj-masks-c-50\/#primaryimage"},"image":{"@id":"https:\/\/muitodoce.com.br\/loja\/produto\/mini-personagens-pj-masks-c-50\/#primaryimage"},"thumbnailUrl":"https:\/\/muitodoce.com.br\/loja\/wp-content\/uploads\/2025\/12\/IMAGENS-PJ-MASKS-4.jpg","datePublished":"2025-12-05T13:16:22+00:00","dateModified":"2026-03-24T18:17:15+00:00","breadcrumb":{"@id":"https:\/\/muitodoce.com.br\/loja\/produto\/mini-personagens-pj-masks-c-50\/#breadcrumb"},"inLanguage":"pt-BR","potentialAction":[{"@type":"ReadAction","target":["https:\/\/muitodoce.com.br\/loja\/produto\/mini-personagens-pj-masks-c-50\/"]}]},{"@type":"ImageObject","inLanguage":"pt-BR","@id":"https:\/\/muitodoce.com.br\/loja\/produto\/mini-personagens-pj-masks-c-50\/#primaryimage","url":"https:\/\/muitodoce.com.br\/loja\/wp-content\/uploads\/2025\/12\/IMAGENS-PJ-MASKS-4.jpg","contentUrl":"https:\/\/muitodoce.com.br\/loja\/wp-content\/uploads\/2025\/12\/IMAGENS-PJ-MASKS-4.jpg","width":1024,"height":1024},{"@type":"BreadcrumbList","@id":"https:\/\/muitodoce.com.br\/loja\/produto\/mini-personagens-pj-masks-c-50\/#breadcrumb","itemListElement":[{"@type":"ListItem","position":1,"name":"In\u00edcio","item":"https:\/\/muitodoce.com.br\/loja\/"},{"@type":"ListItem","position":2,"name":"Loja","item":"https:\/\/muitodoce.com.br\/loja\/loja\/"},{"@type":"ListItem","position":3,"name":"Mini Tags Apliques Decorativos Pj Masks &#8211; 50 Unidades &#8211; Mini Personagens Pj Masks"}]},{"@type":"WebSite","@id":"https:\/\/muitodoce.com.br\/loja\/#website","url":"https:\/\/muitodoce.com.br\/loja\/","name":"Muito Doce","description":"Doces e Artigos para Festas","potentialAction":[{"@type":"SearchAction","target":{"@type":"EntryPoint","urlTemplate":"https:\/\/muitodoce.com.br\/loja\/?s={search_term_string}"},"query-input":{"@type":"PropertyValueSpecification","valueRequired":true,"valueName":"search_term_string"}}],"inLanguage":"pt-BR"}]}},"_links":{"self":[{"href":"https:\/\/muitodoce.com.br\/loja\/wp-json\/wp\/v2\/product\/2231","targetHints":{"allow":["GET"]}}],"collection":[{"href":"https:\/\/muitodoce.com.br\/loja\/wp-json\/wp\/v2\/product"}],"about":[{"href":"https:\/\/muitodoce.com.br\/loja\/wp-json\/wp\/v2\/types\/product"}],"wp:featuredmedia":[{"embeddable":true,"href":"https:\/\/muitodoce.com.br\/loja\/wp-json\/wp\/v2\/media\/2217"}],"wp:attachment":[{"href":"https:\/\/muitodoce.com.br\/loja\/wp-json\/wp\/v2\/media?parent=2231"}],"wp:term":[{"taxonomy":"product_brand","embeddable":true,"href":"https:\/\/muitodoce.com.br\/loja\/wp-json\/wp\/v2\/product_brand?post=2231"},{"taxonomy":"product_cat","embeddable":true,"href":"https:\/\/muitodoce.com.br\/loja\/wp-json\/wp\/v2\/product_cat?post=2231"},{"taxonomy":"product_tag","embeddable":true,"href":"https:\/\/muitodoce.com.br\/loja\/wp-json\/wp\/v2\/product_tag?post=2231"}],"curies":[{"name":"wp","href":"https:\/\/api.w.org\/{rel}","templated":true}]}}