{"id":2233,"date":"2025-12-18T10:06:32","date_gmt":"2025-12-18T13:06:32","guid":{"rendered":"https:\/\/muitodoce.com.br\/loja\/produto\/chaveiro-show-da-luna\/"},"modified":"2026-04-14T12:58:37","modified_gmt":"2026-04-14T15:58:37","slug":"chaveiro-show-da-luna","status":"publish","type":"product","link":"https:\/\/muitodoce.com.br\/loja\/produto\/chaveiro-show-da-luna\/","title":{"rendered":"Lembrancinha Show da Luna \u2013 Chaveiro de Eva \u2013 10 ou 30 Unidades"},"content":{"rendered":"<p class=\"QN2lPu\">Surpreenda seus convidados com uma lembrancinha cl\u00e1ssica e encantadora! Nosso Chaveiro de EVA \u00e9 o mimo perfeito para festas de anivers\u00e1rio, mesvers\u00e1rios ou ch\u00e1s de beb\u00ea. S\u00e3o ideais para pendurar em mochilas, estojos ou chaves, mantendo a magia da festa viva por muito mais tempo.<\/p>\n<p class=\"QN2lPu\"><strong>Caracter\u00edsticas:\u00a0<\/strong><\/p>\n<ul>\n<li class=\"QN2lPu\"><strong>Composi\u00e7\u00e3o:<\/strong>\u00a0EVA,\u00a0Papel Adesivo Couch\u00ea e Chaveirode Metal<\/li>\n<li class=\"QN2lPu\"><strong>Cont\u00e9m:<\/strong> 10 unidades ou 30 unidades<\/li>\n<li class=\"QN2lPu\"><strong>Design:<\/strong> Estampa &#8220;Show da luna&#8221;<\/li>\n<li class=\"QN2lPu\"><strong>Frente<\/strong>: Com estampa | <strong>Verso<\/strong>: Sem estampa<\/li>\n<li class=\"QN2lPu\"><strong>Tamanho Aprox<\/strong>.: 6cm (largura) x 5cm (comprimento) x 0,5cm (altura)<\/li>\n<\/ul>\n<p class=\"QN2lPu\">Presenteie seus convidados com uma lembrancinha inesquec\u00edvel!<\/p>\n","protected":false},"excerpt":{"rendered":"<p>Surpreenda seus convidados com uma lembrancinha cl\u00e1ssica e encantadora! Nosso Chaveiro de EVA \u00e9 o mimo perfeito para festas de anivers\u00e1rio, mesvers\u00e1rios ou ch\u00e1s de beb\u00ea. S\u00e3o ideais para pendurar em mochilas, estojos ou chaves, mantendo a magia da festa viva por muito mais tempo. Caracter\u00edsticas:\u00a0 Composi\u00e7\u00e3o:\u00a0EVA,\u00a0Papel Adesivo Couch\u00ea e Chaveirode Metal Cont\u00e9m: 10 unidades [&hellip;]<\/p>\n","protected":false},"featured_media":2264,"template":"","meta":{"_et_pb_use_builder":"","_et_pb_old_content":"","_et_gb_content_width":""},"product_brand":[202],"product_cat":[57,27],"product_tag":[],"class_list":{"0":"post-2233","1":"product","2":"type-product","3":"status-publish","4":"has-post-thumbnail","6":"product_brand-festcolor","7":"product_cat-show-da-luna","8":"product_cat-temas-de-aniversario","9":"pa_quantidade-10-unidades","10":"pa_quantidade-30-unidades","12":"first","13":"outofstock","14":"taxable","15":"shipping-taxable","16":"purchasable","17":"product-type-variable"},"yoast_head":"<!-- This site is optimized with the Yoast SEO plugin v27.4 - https:\/\/yoast.com\/product\/yoast-seo-wordpress\/ -->\n<title>Lembrancinha Show da Luna \u2013 Chaveiro de Eva \u2013 10 ou 30 Unidades - Muito Doce<\/title>\n<meta name=\"robots\" content=\"index, follow, max-snippet:-1, max-image-preview:large, max-video-preview:-1\" \/>\n<link rel=\"canonical\" href=\"https:\/\/muitodoce.com.br\/loja\/produto\/chaveiro-show-da-luna\/\" \/>\n<meta property=\"og:locale\" content=\"pt_BR\" \/>\n<meta property=\"og:type\" content=\"article\" \/>\n<meta property=\"og:title\" content=\"Lembrancinha Show da Luna \u2013 Chaveiro de Eva \u2013 10 ou 30 Unidades - Muito Doce\" \/>\n<meta property=\"og:description\" content=\"Surpreenda seus convidados com uma lembrancinha cl\u00e1ssica e encantadora! Nosso Chaveiro de EVA \u00e9 o mimo perfeito para festas de anivers\u00e1rio, mesvers\u00e1rios ou ch\u00e1s de beb\u00ea. S\u00e3o ideais para pendurar em mochilas, estojos ou chaves, mantendo a magia da festa viva por muito mais tempo. Caracter\u00edsticas:\u00a0 Composi\u00e7\u00e3o:\u00a0EVA,\u00a0Papel Adesivo Couch\u00ea e Chaveirode Metal Cont\u00e9m: 10 unidades [&hellip;]\" \/>\n<meta property=\"og:url\" content=\"https:\/\/muitodoce.com.br\/loja\/produto\/chaveiro-show-da-luna\/\" \/>\n<meta property=\"og:site_name\" content=\"Muito Doce\" \/>\n<meta property=\"article:modified_time\" content=\"2026-04-14T15:58:37+00:00\" \/>\n<meta property=\"og:image\" content=\"https:\/\/muitodoce.com.br\/loja\/wp-content\/uploads\/2025\/12\/IMAGEM-SHOW-DA-LUNA.jpg\" \/>\n\t<meta property=\"og:image:width\" content=\"1024\" \/>\n\t<meta property=\"og:image:height\" content=\"1024\" \/>\n\t<meta property=\"og:image:type\" content=\"image\/jpeg\" \/>\n<meta name=\"twitter:card\" content=\"summary_large_image\" \/>\n<meta name=\"twitter:label1\" content=\"Est. tempo de leitura\" \/>\n\t<meta name=\"twitter:data1\" content=\"1 minuto\" \/>\n<script type=\"application\/ld+json\" class=\"yoast-schema-graph\">{\"@context\":\"https:\\\/\\\/schema.org\",\"@graph\":[{\"@type\":\"WebPage\",\"@id\":\"https:\\\/\\\/muitodoce.com.br\\\/loja\\\/produto\\\/chaveiro-show-da-luna\\\/\",\"url\":\"https:\\\/\\\/muitodoce.com.br\\\/loja\\\/produto\\\/chaveiro-show-da-luna\\\/\",\"name\":\"Lembrancinha Show da Luna \u2013 Chaveiro de Eva \u2013 10 ou 30 Unidades - Muito Doce\",\"isPartOf\":{\"@id\":\"https:\\\/\\\/muitodoce.com.br\\\/loja\\\/#website\"},\"primaryImageOfPage\":{\"@id\":\"https:\\\/\\\/muitodoce.com.br\\\/loja\\\/produto\\\/chaveiro-show-da-luna\\\/#primaryimage\"},\"image\":{\"@id\":\"https:\\\/\\\/muitodoce.com.br\\\/loja\\\/produto\\\/chaveiro-show-da-luna\\\/#primaryimage\"},\"thumbnailUrl\":\"https:\\\/\\\/muitodoce.com.br\\\/loja\\\/wp-content\\\/uploads\\\/2025\\\/12\\\/IMAGEM-SHOW-DA-LUNA.jpg\",\"datePublished\":\"2025-12-18T13:06:32+00:00\",\"dateModified\":\"2026-04-14T15:58:37+00:00\",\"breadcrumb\":{\"@id\":\"https:\\\/\\\/muitodoce.com.br\\\/loja\\\/produto\\\/chaveiro-show-da-luna\\\/#breadcrumb\"},\"inLanguage\":\"pt-BR\",\"potentialAction\":[{\"@type\":\"ReadAction\",\"target\":[\"https:\\\/\\\/muitodoce.com.br\\\/loja\\\/produto\\\/chaveiro-show-da-luna\\\/\"]}]},{\"@type\":\"ImageObject\",\"inLanguage\":\"pt-BR\",\"@id\":\"https:\\\/\\\/muitodoce.com.br\\\/loja\\\/produto\\\/chaveiro-show-da-luna\\\/#primaryimage\",\"url\":\"https:\\\/\\\/muitodoce.com.br\\\/loja\\\/wp-content\\\/uploads\\\/2025\\\/12\\\/IMAGEM-SHOW-DA-LUNA.jpg\",\"contentUrl\":\"https:\\\/\\\/muitodoce.com.br\\\/loja\\\/wp-content\\\/uploads\\\/2025\\\/12\\\/IMAGEM-SHOW-DA-LUNA.jpg\",\"width\":1024,\"height\":1024},{\"@type\":\"BreadcrumbList\",\"@id\":\"https:\\\/\\\/muitodoce.com.br\\\/loja\\\/produto\\\/chaveiro-show-da-luna\\\/#breadcrumb\",\"itemListElement\":[{\"@type\":\"ListItem\",\"position\":1,\"name\":\"In\u00edcio\",\"item\":\"https:\\\/\\\/muitodoce.com.br\\\/loja\\\/\"},{\"@type\":\"ListItem\",\"position\":2,\"name\":\"Loja\",\"item\":\"https:\\\/\\\/muitodoce.com.br\\\/loja\\\/loja\\\/\"},{\"@type\":\"ListItem\",\"position\":3,\"name\":\"Lembrancinha Show da Luna \u2013 Chaveiro de Eva \u2013 10 ou 30 Unidades\"}]},{\"@type\":\"WebSite\",\"@id\":\"https:\\\/\\\/muitodoce.com.br\\\/loja\\\/#website\",\"url\":\"https:\\\/\\\/muitodoce.com.br\\\/loja\\\/\",\"name\":\"Muito Doce\",\"description\":\"Doces e Artigos para Festas\",\"potentialAction\":[{\"@type\":\"SearchAction\",\"target\":{\"@type\":\"EntryPoint\",\"urlTemplate\":\"https:\\\/\\\/muitodoce.com.br\\\/loja\\\/?s={search_term_string}\"},\"query-input\":{\"@type\":\"PropertyValueSpecification\",\"valueRequired\":true,\"valueName\":\"search_term_string\"}}],\"inLanguage\":\"pt-BR\"}]}<\/script>\n<!-- \/ Yoast SEO plugin. -->","yoast_head_json":{"title":"Lembrancinha Show da Luna \u2013 Chaveiro de Eva \u2013 10 ou 30 Unidades - Muito Doce","robots":{"index":"index","follow":"follow","max-snippet":"max-snippet:-1","max-image-preview":"max-image-preview:large","max-video-preview":"max-video-preview:-1"},"canonical":"https:\/\/muitodoce.com.br\/loja\/produto\/chaveiro-show-da-luna\/","og_locale":"pt_BR","og_type":"article","og_title":"Lembrancinha Show da Luna \u2013 Chaveiro de Eva \u2013 10 ou 30 Unidades - Muito Doce","og_description":"Surpreenda seus convidados com uma lembrancinha cl\u00e1ssica e encantadora! Nosso Chaveiro de EVA \u00e9 o mimo perfeito para festas de anivers\u00e1rio, mesvers\u00e1rios ou ch\u00e1s de beb\u00ea. S\u00e3o ideais para pendurar em mochilas, estojos ou chaves, mantendo a magia da festa viva por muito mais tempo. Caracter\u00edsticas:\u00a0 Composi\u00e7\u00e3o:\u00a0EVA,\u00a0Papel Adesivo Couch\u00ea e Chaveirode Metal Cont\u00e9m: 10 unidades [&hellip;]","og_url":"https:\/\/muitodoce.com.br\/loja\/produto\/chaveiro-show-da-luna\/","og_site_name":"Muito Doce","article_modified_time":"2026-04-14T15:58:37+00:00","og_image":[{"width":1024,"height":1024,"url":"https:\/\/muitodoce.com.br\/loja\/wp-content\/uploads\/2025\/12\/IMAGEM-SHOW-DA-LUNA.jpg","type":"image\/jpeg"}],"twitter_card":"summary_large_image","twitter_misc":{"Est. tempo de leitura":"1 minuto"},"schema":{"@context":"https:\/\/schema.org","@graph":[{"@type":"WebPage","@id":"https:\/\/muitodoce.com.br\/loja\/produto\/chaveiro-show-da-luna\/","url":"https:\/\/muitodoce.com.br\/loja\/produto\/chaveiro-show-da-luna\/","name":"Lembrancinha Show da Luna \u2013 Chaveiro de Eva \u2013 10 ou 30 Unidades - Muito Doce","isPartOf":{"@id":"https:\/\/muitodoce.com.br\/loja\/#website"},"primaryImageOfPage":{"@id":"https:\/\/muitodoce.com.br\/loja\/produto\/chaveiro-show-da-luna\/#primaryimage"},"image":{"@id":"https:\/\/muitodoce.com.br\/loja\/produto\/chaveiro-show-da-luna\/#primaryimage"},"thumbnailUrl":"https:\/\/muitodoce.com.br\/loja\/wp-content\/uploads\/2025\/12\/IMAGEM-SHOW-DA-LUNA.jpg","datePublished":"2025-12-18T13:06:32+00:00","dateModified":"2026-04-14T15:58:37+00:00","breadcrumb":{"@id":"https:\/\/muitodoce.com.br\/loja\/produto\/chaveiro-show-da-luna\/#breadcrumb"},"inLanguage":"pt-BR","potentialAction":[{"@type":"ReadAction","target":["https:\/\/muitodoce.com.br\/loja\/produto\/chaveiro-show-da-luna\/"]}]},{"@type":"ImageObject","inLanguage":"pt-BR","@id":"https:\/\/muitodoce.com.br\/loja\/produto\/chaveiro-show-da-luna\/#primaryimage","url":"https:\/\/muitodoce.com.br\/loja\/wp-content\/uploads\/2025\/12\/IMAGEM-SHOW-DA-LUNA.jpg","contentUrl":"https:\/\/muitodoce.com.br\/loja\/wp-content\/uploads\/2025\/12\/IMAGEM-SHOW-DA-LUNA.jpg","width":1024,"height":1024},{"@type":"BreadcrumbList","@id":"https:\/\/muitodoce.com.br\/loja\/produto\/chaveiro-show-da-luna\/#breadcrumb","itemListElement":[{"@type":"ListItem","position":1,"name":"In\u00edcio","item":"https:\/\/muitodoce.com.br\/loja\/"},{"@type":"ListItem","position":2,"name":"Loja","item":"https:\/\/muitodoce.com.br\/loja\/loja\/"},{"@type":"ListItem","position":3,"name":"Lembrancinha Show da Luna \u2013 Chaveiro de Eva \u2013 10 ou 30 Unidades"}]},{"@type":"WebSite","@id":"https:\/\/muitodoce.com.br\/loja\/#website","url":"https:\/\/muitodoce.com.br\/loja\/","name":"Muito Doce","description":"Doces e Artigos para Festas","potentialAction":[{"@type":"SearchAction","target":{"@type":"EntryPoint","urlTemplate":"https:\/\/muitodoce.com.br\/loja\/?s={search_term_string}"},"query-input":{"@type":"PropertyValueSpecification","valueRequired":true,"valueName":"search_term_string"}}],"inLanguage":"pt-BR"}]}},"_links":{"self":[{"href":"https:\/\/muitodoce.com.br\/loja\/wp-json\/wp\/v2\/product\/2233","targetHints":{"allow":["GET"]}}],"collection":[{"href":"https:\/\/muitodoce.com.br\/loja\/wp-json\/wp\/v2\/product"}],"about":[{"href":"https:\/\/muitodoce.com.br\/loja\/wp-json\/wp\/v2\/types\/product"}],"wp:featuredmedia":[{"embeddable":true,"href":"https:\/\/muitodoce.com.br\/loja\/wp-json\/wp\/v2\/media\/2264"}],"wp:attachment":[{"href":"https:\/\/muitodoce.com.br\/loja\/wp-json\/wp\/v2\/media?parent=2233"}],"wp:term":[{"taxonomy":"product_brand","embeddable":true,"href":"https:\/\/muitodoce.com.br\/loja\/wp-json\/wp\/v2\/product_brand?post=2233"},{"taxonomy":"product_cat","embeddable":true,"href":"https:\/\/muitodoce.com.br\/loja\/wp-json\/wp\/v2\/product_cat?post=2233"},{"taxonomy":"product_tag","embeddable":true,"href":"https:\/\/muitodoce.com.br\/loja\/wp-json\/wp\/v2\/product_tag?post=2233"}],"curies":[{"name":"wp","href":"https:\/\/api.w.org\/{rel}","templated":true}]}}