{"id":2247,"date":"2025-12-19T12:16:54","date_gmt":"2025-12-19T15:16:54","guid":{"rendered":"https:\/\/muitodoce.com.br\/loja\/produto\/cachepot-show-da-luna-c-8\/"},"modified":"2026-01-20T15:04:33","modified_gmt":"2026-01-20T18:04:33","slug":"cachepot-show-da-luna-c-8","status":"publish","type":"product","link":"https:\/\/muitodoce.com.br\/loja\/produto\/cachepot-show-da-luna-c-8\/","title":{"rendered":"Cachepot Show da Luna &#8211; 8 Unidades &#8211;  Centro de Mesa Luna Melancia"},"content":{"rendered":"<p class=\"QN2lPu\">Leve a curiosidade e o aprendizado de O Show da Luna! para a sua festa com o Cachepot\/Centro de Mesa! O toque especial fica por conta da Fita de Cetim que acompanha cada unidade, dando um acabamento sofisticado e de alta qualidade.<\/p>\n<p class=\"QN2lPu\" style=\"text-align: left;\"><strong>Caracter\u00edsticas do Produto:<\/strong><\/p>\n<ul>\n<li class=\"QN2lPu\"><strong>Marca<\/strong>: Festcolor<\/li>\n<li class=\"QN2lPu\"><strong>Composi\u00e7\u00e3o<\/strong>: Papel Cart\u00e3o, Pigmentos At\u00f3xicos e Fita de Cetim<\/li>\n<li class=\"QN2lPu\"><strong>Quantidade:<\/strong> 8 unidades por pacote<\/li>\n<li class=\"QN2lPu\"><strong>Tema<\/strong>: O Show da Luna!<\/li>\n<li><strong>Aten\u00e7\u00e3o: Cachepot vem desmontado!<\/strong><\/li>\n<li class=\"QN2lPu\"><strong>Escolha:<\/strong><\/li>\n<\/ul>\n<ol>\n<li>\u00a0<strong>Luna Melancia<\/strong> | aprox. 10 x 10 x 8,5 cm<\/li>\n<li class=\"QN2lPu\"><strong>Luna em Tons de Rosa |<\/strong> aprox. 9,5 x 9,5 x 11 cm<\/li>\n<\/ol>\n","protected":false},"excerpt":{"rendered":"<p>Leve a curiosidade e o aprendizado de O Show da Luna! para a sua festa com o Cachepot\/Centro de Mesa! O toque especial fica por conta da Fita de Cetim que acompanha cada unidade, dando um acabamento sofisticado e de alta qualidade. Caracter\u00edsticas do Produto: Marca: Festcolor Composi\u00e7\u00e3o: Papel Cart\u00e3o, Pigmentos At\u00f3xicos e Fita de [&hellip;]<\/p>\n","protected":false},"featured_media":2291,"template":"","meta":{"_et_pb_use_builder":"","_et_pb_old_content":"","_et_gb_content_width":""},"product_brand":[202],"product_cat":[57,27],"product_tag":[],"class_list":{"0":"post-2247","1":"product","2":"type-product","3":"status-publish","4":"has-post-thumbnail","6":"product_brand-festcolor","7":"product_cat-show-da-luna","8":"product_cat-temas-de-aniversario","10":"first","11":"instock","12":"taxable","13":"shipping-taxable","14":"purchasable","15":"product-type-variable"},"yoast_head":"<!-- This site is optimized with the Yoast SEO plugin v27.4 - https:\/\/yoast.com\/product\/yoast-seo-wordpress\/ -->\n<title>Cachepot Show da Luna - 8 Unidades - Centro de Mesa Luna Melancia - Muito Doce<\/title>\n<meta name=\"robots\" content=\"index, follow, max-snippet:-1, max-image-preview:large, max-video-preview:-1\" \/>\n<link rel=\"canonical\" href=\"https:\/\/muitodoce.com.br\/loja\/produto\/cachepot-show-da-luna-c-8\/\" \/>\n<meta property=\"og:locale\" content=\"pt_BR\" \/>\n<meta property=\"og:type\" content=\"article\" \/>\n<meta property=\"og:title\" content=\"Cachepot Show da Luna - 8 Unidades - Centro de Mesa Luna Melancia - Muito Doce\" \/>\n<meta property=\"og:description\" content=\"Leve a curiosidade e o aprendizado de O Show da Luna! para a sua festa com o Cachepot\/Centro de Mesa! O toque especial fica por conta da Fita de Cetim que acompanha cada unidade, dando um acabamento sofisticado e de alta qualidade. Caracter\u00edsticas do Produto: Marca: Festcolor Composi\u00e7\u00e3o: Papel Cart\u00e3o, Pigmentos At\u00f3xicos e Fita de [&hellip;]\" \/>\n<meta property=\"og:url\" content=\"https:\/\/muitodoce.com.br\/loja\/produto\/cachepot-show-da-luna-c-8\/\" \/>\n<meta property=\"og:site_name\" content=\"Muito Doce\" \/>\n<meta property=\"article:modified_time\" content=\"2026-01-20T18:04:33+00:00\" \/>\n<meta property=\"og:image\" content=\"https:\/\/muitodoce.com.br\/loja\/wp-content\/uploads\/2025\/12\/IMAGEM-SHOW-DA-LUNA-7.jpg\" \/>\n\t<meta property=\"og:image:width\" content=\"1024\" \/>\n\t<meta property=\"og:image:height\" content=\"1024\" \/>\n\t<meta property=\"og:image:type\" content=\"image\/jpeg\" \/>\n<meta name=\"twitter:card\" content=\"summary_large_image\" \/>\n<meta name=\"twitter:label1\" content=\"Est. tempo de leitura\" \/>\n\t<meta name=\"twitter:data1\" content=\"1 minuto\" \/>\n<script type=\"application\/ld+json\" class=\"yoast-schema-graph\">{\"@context\":\"https:\\\/\\\/schema.org\",\"@graph\":[{\"@type\":\"WebPage\",\"@id\":\"https:\\\/\\\/muitodoce.com.br\\\/loja\\\/produto\\\/cachepot-show-da-luna-c-8\\\/\",\"url\":\"https:\\\/\\\/muitodoce.com.br\\\/loja\\\/produto\\\/cachepot-show-da-luna-c-8\\\/\",\"name\":\"Cachepot Show da Luna - 8 Unidades - Centro de Mesa Luna Melancia - Muito Doce\",\"isPartOf\":{\"@id\":\"https:\\\/\\\/muitodoce.com.br\\\/loja\\\/#website\"},\"primaryImageOfPage\":{\"@id\":\"https:\\\/\\\/muitodoce.com.br\\\/loja\\\/produto\\\/cachepot-show-da-luna-c-8\\\/#primaryimage\"},\"image\":{\"@id\":\"https:\\\/\\\/muitodoce.com.br\\\/loja\\\/produto\\\/cachepot-show-da-luna-c-8\\\/#primaryimage\"},\"thumbnailUrl\":\"https:\\\/\\\/muitodoce.com.br\\\/loja\\\/wp-content\\\/uploads\\\/2025\\\/12\\\/IMAGEM-SHOW-DA-LUNA-7.jpg\",\"datePublished\":\"2025-12-19T15:16:54+00:00\",\"dateModified\":\"2026-01-20T18:04:33+00:00\",\"breadcrumb\":{\"@id\":\"https:\\\/\\\/muitodoce.com.br\\\/loja\\\/produto\\\/cachepot-show-da-luna-c-8\\\/#breadcrumb\"},\"inLanguage\":\"pt-BR\",\"potentialAction\":[{\"@type\":\"ReadAction\",\"target\":[\"https:\\\/\\\/muitodoce.com.br\\\/loja\\\/produto\\\/cachepot-show-da-luna-c-8\\\/\"]}]},{\"@type\":\"ImageObject\",\"inLanguage\":\"pt-BR\",\"@id\":\"https:\\\/\\\/muitodoce.com.br\\\/loja\\\/produto\\\/cachepot-show-da-luna-c-8\\\/#primaryimage\",\"url\":\"https:\\\/\\\/muitodoce.com.br\\\/loja\\\/wp-content\\\/uploads\\\/2025\\\/12\\\/IMAGEM-SHOW-DA-LUNA-7.jpg\",\"contentUrl\":\"https:\\\/\\\/muitodoce.com.br\\\/loja\\\/wp-content\\\/uploads\\\/2025\\\/12\\\/IMAGEM-SHOW-DA-LUNA-7.jpg\",\"width\":1024,\"height\":1024},{\"@type\":\"BreadcrumbList\",\"@id\":\"https:\\\/\\\/muitodoce.com.br\\\/loja\\\/produto\\\/cachepot-show-da-luna-c-8\\\/#breadcrumb\",\"itemListElement\":[{\"@type\":\"ListItem\",\"position\":1,\"name\":\"In\u00edcio\",\"item\":\"https:\\\/\\\/muitodoce.com.br\\\/loja\\\/\"},{\"@type\":\"ListItem\",\"position\":2,\"name\":\"Loja\",\"item\":\"https:\\\/\\\/muitodoce.com.br\\\/loja\\\/loja\\\/\"},{\"@type\":\"ListItem\",\"position\":3,\"name\":\"Cachepot Show da Luna &#8211; 8 Unidades &#8211; Centro de Mesa Luna Melancia\"}]},{\"@type\":\"WebSite\",\"@id\":\"https:\\\/\\\/muitodoce.com.br\\\/loja\\\/#website\",\"url\":\"https:\\\/\\\/muitodoce.com.br\\\/loja\\\/\",\"name\":\"Muito Doce\",\"description\":\"Doces e Artigos para Festas\",\"potentialAction\":[{\"@type\":\"SearchAction\",\"target\":{\"@type\":\"EntryPoint\",\"urlTemplate\":\"https:\\\/\\\/muitodoce.com.br\\\/loja\\\/?s={search_term_string}\"},\"query-input\":{\"@type\":\"PropertyValueSpecification\",\"valueRequired\":true,\"valueName\":\"search_term_string\"}}],\"inLanguage\":\"pt-BR\"}]}<\/script>\n<!-- \/ Yoast SEO plugin. -->","yoast_head_json":{"title":"Cachepot Show da Luna - 8 Unidades - Centro de Mesa Luna Melancia - Muito Doce","robots":{"index":"index","follow":"follow","max-snippet":"max-snippet:-1","max-image-preview":"max-image-preview:large","max-video-preview":"max-video-preview:-1"},"canonical":"https:\/\/muitodoce.com.br\/loja\/produto\/cachepot-show-da-luna-c-8\/","og_locale":"pt_BR","og_type":"article","og_title":"Cachepot Show da Luna - 8 Unidades - Centro de Mesa Luna Melancia - Muito Doce","og_description":"Leve a curiosidade e o aprendizado de O Show da Luna! para a sua festa com o Cachepot\/Centro de Mesa! O toque especial fica por conta da Fita de Cetim que acompanha cada unidade, dando um acabamento sofisticado e de alta qualidade. Caracter\u00edsticas do Produto: Marca: Festcolor Composi\u00e7\u00e3o: Papel Cart\u00e3o, Pigmentos At\u00f3xicos e Fita de [&hellip;]","og_url":"https:\/\/muitodoce.com.br\/loja\/produto\/cachepot-show-da-luna-c-8\/","og_site_name":"Muito Doce","article_modified_time":"2026-01-20T18:04:33+00:00","og_image":[{"width":1024,"height":1024,"url":"https:\/\/muitodoce.com.br\/loja\/wp-content\/uploads\/2025\/12\/IMAGEM-SHOW-DA-LUNA-7.jpg","type":"image\/jpeg"}],"twitter_card":"summary_large_image","twitter_misc":{"Est. tempo de leitura":"1 minuto"},"schema":{"@context":"https:\/\/schema.org","@graph":[{"@type":"WebPage","@id":"https:\/\/muitodoce.com.br\/loja\/produto\/cachepot-show-da-luna-c-8\/","url":"https:\/\/muitodoce.com.br\/loja\/produto\/cachepot-show-da-luna-c-8\/","name":"Cachepot Show da Luna - 8 Unidades - Centro de Mesa Luna Melancia - Muito Doce","isPartOf":{"@id":"https:\/\/muitodoce.com.br\/loja\/#website"},"primaryImageOfPage":{"@id":"https:\/\/muitodoce.com.br\/loja\/produto\/cachepot-show-da-luna-c-8\/#primaryimage"},"image":{"@id":"https:\/\/muitodoce.com.br\/loja\/produto\/cachepot-show-da-luna-c-8\/#primaryimage"},"thumbnailUrl":"https:\/\/muitodoce.com.br\/loja\/wp-content\/uploads\/2025\/12\/IMAGEM-SHOW-DA-LUNA-7.jpg","datePublished":"2025-12-19T15:16:54+00:00","dateModified":"2026-01-20T18:04:33+00:00","breadcrumb":{"@id":"https:\/\/muitodoce.com.br\/loja\/produto\/cachepot-show-da-luna-c-8\/#breadcrumb"},"inLanguage":"pt-BR","potentialAction":[{"@type":"ReadAction","target":["https:\/\/muitodoce.com.br\/loja\/produto\/cachepot-show-da-luna-c-8\/"]}]},{"@type":"ImageObject","inLanguage":"pt-BR","@id":"https:\/\/muitodoce.com.br\/loja\/produto\/cachepot-show-da-luna-c-8\/#primaryimage","url":"https:\/\/muitodoce.com.br\/loja\/wp-content\/uploads\/2025\/12\/IMAGEM-SHOW-DA-LUNA-7.jpg","contentUrl":"https:\/\/muitodoce.com.br\/loja\/wp-content\/uploads\/2025\/12\/IMAGEM-SHOW-DA-LUNA-7.jpg","width":1024,"height":1024},{"@type":"BreadcrumbList","@id":"https:\/\/muitodoce.com.br\/loja\/produto\/cachepot-show-da-luna-c-8\/#breadcrumb","itemListElement":[{"@type":"ListItem","position":1,"name":"In\u00edcio","item":"https:\/\/muitodoce.com.br\/loja\/"},{"@type":"ListItem","position":2,"name":"Loja","item":"https:\/\/muitodoce.com.br\/loja\/loja\/"},{"@type":"ListItem","position":3,"name":"Cachepot Show da Luna &#8211; 8 Unidades &#8211; Centro de Mesa Luna Melancia"}]},{"@type":"WebSite","@id":"https:\/\/muitodoce.com.br\/loja\/#website","url":"https:\/\/muitodoce.com.br\/loja\/","name":"Muito Doce","description":"Doces e Artigos para Festas","potentialAction":[{"@type":"SearchAction","target":{"@type":"EntryPoint","urlTemplate":"https:\/\/muitodoce.com.br\/loja\/?s={search_term_string}"},"query-input":{"@type":"PropertyValueSpecification","valueRequired":true,"valueName":"search_term_string"}}],"inLanguage":"pt-BR"}]}},"_links":{"self":[{"href":"https:\/\/muitodoce.com.br\/loja\/wp-json\/wp\/v2\/product\/2247","targetHints":{"allow":["GET"]}}],"collection":[{"href":"https:\/\/muitodoce.com.br\/loja\/wp-json\/wp\/v2\/product"}],"about":[{"href":"https:\/\/muitodoce.com.br\/loja\/wp-json\/wp\/v2\/types\/product"}],"wp:featuredmedia":[{"embeddable":true,"href":"https:\/\/muitodoce.com.br\/loja\/wp-json\/wp\/v2\/media\/2291"}],"wp:attachment":[{"href":"https:\/\/muitodoce.com.br\/loja\/wp-json\/wp\/v2\/media?parent=2247"}],"wp:term":[{"taxonomy":"product_brand","embeddable":true,"href":"https:\/\/muitodoce.com.br\/loja\/wp-json\/wp\/v2\/product_brand?post=2247"},{"taxonomy":"product_cat","embeddable":true,"href":"https:\/\/muitodoce.com.br\/loja\/wp-json\/wp\/v2\/product_cat?post=2247"},{"taxonomy":"product_tag","embeddable":true,"href":"https:\/\/muitodoce.com.br\/loja\/wp-json\/wp\/v2\/product_tag?post=2247"}],"curies":[{"name":"wp","href":"https:\/\/api.w.org\/{rel}","templated":true}]}}