{"id":2250,"date":"2025-12-19T12:17:02","date_gmt":"2025-12-19T15:17:02","guid":{"rendered":"https:\/\/muitodoce.com.br\/loja\/produto\/convite-show-da-luna-c-8\/"},"modified":"2026-03-24T15:17:44","modified_gmt":"2026-03-24T18:17:44","slug":"convite-show-da-luna-c-8","status":"publish","type":"product","link":"https:\/\/muitodoce.com.br\/loja\/produto\/convite-show-da-luna-c-8\/","title":{"rendered":"Convite de Anivers\u00e1rio Show da Luna \u2013 c\/8 unidades &#8211; Luna Melancia"},"content":{"rendered":"<p class=\"QN2lPu\">Leve a curiosidade e o aprendizado de O Show da Luna! para seus convidados com o Convite! Perfeitos para anunciar a celebra\u00e7\u00e3o com o charme e as cores vibrantes do tema.<\/p>\n<p class=\"QN2lPu\"><strong>Caracter\u00edsticas do Produto:<\/strong><\/p>\n<ul>\n<li class=\"QN2lPu\"><strong>Marca:<\/strong> Festcolor<\/li>\n<li class=\"QN2lPu\"><strong>Composi\u00e7\u00e3o:<\/strong> Papel Cart\u00e3o<\/li>\n<li class=\"QN2lPu\"><strong>Quantidade:<\/strong> 8 unidades por pacote<\/li>\n<li class=\"QN2lPu\"><strong>Tema:<\/strong> O Show da Luna! (Op\u00e7\u00f5es Melancia e Padr\u00e3o)<\/li>\n<li class=\"QN2lPu\"><strong>Escolha:<\/strong><\/li>\n<\/ul>\n<ol>\n<li class=\"QN2lPu\">Luna com Tema Melancia: Comprimento: 7,5 cm; Altura: 10 cm<\/li>\n<li class=\"QN2lPu\">Show da Luna (Padr\u00e3o) : Comprimento: 9 cm; Altura: 10 cm<\/li>\n<\/ol>\n","protected":false},"excerpt":{"rendered":"<p>Leve a curiosidade e o aprendizado de O Show da Luna! para seus convidados com o Convite! Perfeitos para anunciar a celebra\u00e7\u00e3o com o charme e as cores vibrantes do tema. Caracter\u00edsticas do Produto: Marca: Festcolor Composi\u00e7\u00e3o: Papel Cart\u00e3o Quantidade: 8 unidades por pacote Tema: O Show da Luna! (Op\u00e7\u00f5es Melancia e Padr\u00e3o) Escolha: Luna [&hellip;]<\/p>\n","protected":false},"featured_media":2302,"template":"","meta":{"_et_pb_use_builder":"","_et_pb_old_content":"","_et_gb_content_width":""},"product_brand":[202],"product_cat":[57,27],"product_tag":[],"class_list":{"0":"post-2250","1":"product","2":"type-product","3":"status-publish","4":"has-post-thumbnail","6":"product_brand-festcolor","7":"product_cat-show-da-luna","8":"product_cat-temas-de-aniversario","10":"first","11":"instock","12":"taxable","13":"shipping-taxable","14":"purchasable","15":"product-type-variable"},"yoast_head":"<!-- This site is optimized with the Yoast SEO plugin v27.3 - https:\/\/yoast.com\/product\/yoast-seo-wordpress\/ -->\n<title>Convite de Anivers\u00e1rio Show da Luna \u2013 c\/8 unidades - Luna Melancia - Muito Doce<\/title>\n<meta name=\"robots\" content=\"index, follow, max-snippet:-1, max-image-preview:large, max-video-preview:-1\" \/>\n<link rel=\"canonical\" href=\"https:\/\/muitodoce.com.br\/loja\/produto\/convite-show-da-luna-c-8\/\" \/>\n<meta property=\"og:locale\" content=\"pt_BR\" \/>\n<meta property=\"og:type\" content=\"article\" \/>\n<meta property=\"og:title\" content=\"Convite de Anivers\u00e1rio Show da Luna \u2013 c\/8 unidades - Luna Melancia - Muito Doce\" \/>\n<meta property=\"og:description\" content=\"Leve a curiosidade e o aprendizado de O Show da Luna! para seus convidados com o Convite! Perfeitos para anunciar a celebra\u00e7\u00e3o com o charme e as cores vibrantes do tema. Caracter\u00edsticas do Produto: Marca: Festcolor Composi\u00e7\u00e3o: Papel Cart\u00e3o Quantidade: 8 unidades por pacote Tema: O Show da Luna! (Op\u00e7\u00f5es Melancia e Padr\u00e3o) Escolha: Luna [&hellip;]\" \/>\n<meta property=\"og:url\" content=\"https:\/\/muitodoce.com.br\/loja\/produto\/convite-show-da-luna-c-8\/\" \/>\n<meta property=\"og:site_name\" content=\"Muito Doce\" \/>\n<meta property=\"article:modified_time\" content=\"2026-03-24T18:17:44+00:00\" \/>\n<meta property=\"og:image\" content=\"https:\/\/muitodoce.com.br\/loja\/wp-content\/uploads\/2025\/12\/IMAGEM-SHOW-DA-LUNA-15.jpg\" \/>\n\t<meta property=\"og:image:width\" content=\"1024\" \/>\n\t<meta property=\"og:image:height\" content=\"1024\" \/>\n\t<meta property=\"og:image:type\" content=\"image\/jpeg\" \/>\n<meta name=\"twitter:card\" content=\"summary_large_image\" \/>\n<meta name=\"twitter:label1\" content=\"Est. tempo de leitura\" \/>\n\t<meta name=\"twitter:data1\" content=\"1 minuto\" \/>\n<script type=\"application\/ld+json\" class=\"yoast-schema-graph\">{\"@context\":\"https:\\\/\\\/schema.org\",\"@graph\":[{\"@type\":\"WebPage\",\"@id\":\"https:\\\/\\\/muitodoce.com.br\\\/loja\\\/produto\\\/convite-show-da-luna-c-8\\\/\",\"url\":\"https:\\\/\\\/muitodoce.com.br\\\/loja\\\/produto\\\/convite-show-da-luna-c-8\\\/\",\"name\":\"Convite de Anivers\u00e1rio Show da Luna \u2013 c\\\/8 unidades - Luna Melancia - Muito Doce\",\"isPartOf\":{\"@id\":\"https:\\\/\\\/muitodoce.com.br\\\/loja\\\/#website\"},\"primaryImageOfPage\":{\"@id\":\"https:\\\/\\\/muitodoce.com.br\\\/loja\\\/produto\\\/convite-show-da-luna-c-8\\\/#primaryimage\"},\"image\":{\"@id\":\"https:\\\/\\\/muitodoce.com.br\\\/loja\\\/produto\\\/convite-show-da-luna-c-8\\\/#primaryimage\"},\"thumbnailUrl\":\"https:\\\/\\\/muitodoce.com.br\\\/loja\\\/wp-content\\\/uploads\\\/2025\\\/12\\\/IMAGEM-SHOW-DA-LUNA-15.jpg\",\"datePublished\":\"2025-12-19T15:17:02+00:00\",\"dateModified\":\"2026-03-24T18:17:44+00:00\",\"breadcrumb\":{\"@id\":\"https:\\\/\\\/muitodoce.com.br\\\/loja\\\/produto\\\/convite-show-da-luna-c-8\\\/#breadcrumb\"},\"inLanguage\":\"pt-BR\",\"potentialAction\":[{\"@type\":\"ReadAction\",\"target\":[\"https:\\\/\\\/muitodoce.com.br\\\/loja\\\/produto\\\/convite-show-da-luna-c-8\\\/\"]}]},{\"@type\":\"ImageObject\",\"inLanguage\":\"pt-BR\",\"@id\":\"https:\\\/\\\/muitodoce.com.br\\\/loja\\\/produto\\\/convite-show-da-luna-c-8\\\/#primaryimage\",\"url\":\"https:\\\/\\\/muitodoce.com.br\\\/loja\\\/wp-content\\\/uploads\\\/2025\\\/12\\\/IMAGEM-SHOW-DA-LUNA-15.jpg\",\"contentUrl\":\"https:\\\/\\\/muitodoce.com.br\\\/loja\\\/wp-content\\\/uploads\\\/2025\\\/12\\\/IMAGEM-SHOW-DA-LUNA-15.jpg\",\"width\":1024,\"height\":1024},{\"@type\":\"BreadcrumbList\",\"@id\":\"https:\\\/\\\/muitodoce.com.br\\\/loja\\\/produto\\\/convite-show-da-luna-c-8\\\/#breadcrumb\",\"itemListElement\":[{\"@type\":\"ListItem\",\"position\":1,\"name\":\"In\u00edcio\",\"item\":\"https:\\\/\\\/muitodoce.com.br\\\/loja\\\/\"},{\"@type\":\"ListItem\",\"position\":2,\"name\":\"Loja\",\"item\":\"https:\\\/\\\/muitodoce.com.br\\\/loja\\\/loja\\\/\"},{\"@type\":\"ListItem\",\"position\":3,\"name\":\"Convite de Anivers\u00e1rio Show da Luna \u2013 c\\\/8 unidades &#8211; Luna Melancia\"}]},{\"@type\":\"WebSite\",\"@id\":\"https:\\\/\\\/muitodoce.com.br\\\/loja\\\/#website\",\"url\":\"https:\\\/\\\/muitodoce.com.br\\\/loja\\\/\",\"name\":\"Muito Doce\",\"description\":\"Doces e Artigos para Festas\",\"potentialAction\":[{\"@type\":\"SearchAction\",\"target\":{\"@type\":\"EntryPoint\",\"urlTemplate\":\"https:\\\/\\\/muitodoce.com.br\\\/loja\\\/?s={search_term_string}\"},\"query-input\":{\"@type\":\"PropertyValueSpecification\",\"valueRequired\":true,\"valueName\":\"search_term_string\"}}],\"inLanguage\":\"pt-BR\"}]}<\/script>\n<!-- \/ Yoast SEO plugin. -->","yoast_head_json":{"title":"Convite de Anivers\u00e1rio Show da Luna \u2013 c\/8 unidades - Luna Melancia - Muito Doce","robots":{"index":"index","follow":"follow","max-snippet":"max-snippet:-1","max-image-preview":"max-image-preview:large","max-video-preview":"max-video-preview:-1"},"canonical":"https:\/\/muitodoce.com.br\/loja\/produto\/convite-show-da-luna-c-8\/","og_locale":"pt_BR","og_type":"article","og_title":"Convite de Anivers\u00e1rio Show da Luna \u2013 c\/8 unidades - Luna Melancia - Muito Doce","og_description":"Leve a curiosidade e o aprendizado de O Show da Luna! para seus convidados com o Convite! Perfeitos para anunciar a celebra\u00e7\u00e3o com o charme e as cores vibrantes do tema. Caracter\u00edsticas do Produto: Marca: Festcolor Composi\u00e7\u00e3o: Papel Cart\u00e3o Quantidade: 8 unidades por pacote Tema: O Show da Luna! (Op\u00e7\u00f5es Melancia e Padr\u00e3o) Escolha: Luna [&hellip;]","og_url":"https:\/\/muitodoce.com.br\/loja\/produto\/convite-show-da-luna-c-8\/","og_site_name":"Muito Doce","article_modified_time":"2026-03-24T18:17:44+00:00","og_image":[{"width":1024,"height":1024,"url":"https:\/\/muitodoce.com.br\/loja\/wp-content\/uploads\/2025\/12\/IMAGEM-SHOW-DA-LUNA-15.jpg","type":"image\/jpeg"}],"twitter_card":"summary_large_image","twitter_misc":{"Est. tempo de leitura":"1 minuto"},"schema":{"@context":"https:\/\/schema.org","@graph":[{"@type":"WebPage","@id":"https:\/\/muitodoce.com.br\/loja\/produto\/convite-show-da-luna-c-8\/","url":"https:\/\/muitodoce.com.br\/loja\/produto\/convite-show-da-luna-c-8\/","name":"Convite de Anivers\u00e1rio Show da Luna \u2013 c\/8 unidades - Luna Melancia - Muito Doce","isPartOf":{"@id":"https:\/\/muitodoce.com.br\/loja\/#website"},"primaryImageOfPage":{"@id":"https:\/\/muitodoce.com.br\/loja\/produto\/convite-show-da-luna-c-8\/#primaryimage"},"image":{"@id":"https:\/\/muitodoce.com.br\/loja\/produto\/convite-show-da-luna-c-8\/#primaryimage"},"thumbnailUrl":"https:\/\/muitodoce.com.br\/loja\/wp-content\/uploads\/2025\/12\/IMAGEM-SHOW-DA-LUNA-15.jpg","datePublished":"2025-12-19T15:17:02+00:00","dateModified":"2026-03-24T18:17:44+00:00","breadcrumb":{"@id":"https:\/\/muitodoce.com.br\/loja\/produto\/convite-show-da-luna-c-8\/#breadcrumb"},"inLanguage":"pt-BR","potentialAction":[{"@type":"ReadAction","target":["https:\/\/muitodoce.com.br\/loja\/produto\/convite-show-da-luna-c-8\/"]}]},{"@type":"ImageObject","inLanguage":"pt-BR","@id":"https:\/\/muitodoce.com.br\/loja\/produto\/convite-show-da-luna-c-8\/#primaryimage","url":"https:\/\/muitodoce.com.br\/loja\/wp-content\/uploads\/2025\/12\/IMAGEM-SHOW-DA-LUNA-15.jpg","contentUrl":"https:\/\/muitodoce.com.br\/loja\/wp-content\/uploads\/2025\/12\/IMAGEM-SHOW-DA-LUNA-15.jpg","width":1024,"height":1024},{"@type":"BreadcrumbList","@id":"https:\/\/muitodoce.com.br\/loja\/produto\/convite-show-da-luna-c-8\/#breadcrumb","itemListElement":[{"@type":"ListItem","position":1,"name":"In\u00edcio","item":"https:\/\/muitodoce.com.br\/loja\/"},{"@type":"ListItem","position":2,"name":"Loja","item":"https:\/\/muitodoce.com.br\/loja\/loja\/"},{"@type":"ListItem","position":3,"name":"Convite de Anivers\u00e1rio Show da Luna \u2013 c\/8 unidades &#8211; Luna Melancia"}]},{"@type":"WebSite","@id":"https:\/\/muitodoce.com.br\/loja\/#website","url":"https:\/\/muitodoce.com.br\/loja\/","name":"Muito Doce","description":"Doces e Artigos para Festas","potentialAction":[{"@type":"SearchAction","target":{"@type":"EntryPoint","urlTemplate":"https:\/\/muitodoce.com.br\/loja\/?s={search_term_string}"},"query-input":{"@type":"PropertyValueSpecification","valueRequired":true,"valueName":"search_term_string"}}],"inLanguage":"pt-BR"}]}},"_links":{"self":[{"href":"https:\/\/muitodoce.com.br\/loja\/wp-json\/wp\/v2\/product\/2250","targetHints":{"allow":["GET"]}}],"collection":[{"href":"https:\/\/muitodoce.com.br\/loja\/wp-json\/wp\/v2\/product"}],"about":[{"href":"https:\/\/muitodoce.com.br\/loja\/wp-json\/wp\/v2\/types\/product"}],"wp:featuredmedia":[{"embeddable":true,"href":"https:\/\/muitodoce.com.br\/loja\/wp-json\/wp\/v2\/media\/2302"}],"wp:attachment":[{"href":"https:\/\/muitodoce.com.br\/loja\/wp-json\/wp\/v2\/media?parent=2250"}],"wp:term":[{"taxonomy":"product_brand","embeddable":true,"href":"https:\/\/muitodoce.com.br\/loja\/wp-json\/wp\/v2\/product_brand?post=2250"},{"taxonomy":"product_cat","embeddable":true,"href":"https:\/\/muitodoce.com.br\/loja\/wp-json\/wp\/v2\/product_cat?post=2250"},{"taxonomy":"product_tag","embeddable":true,"href":"https:\/\/muitodoce.com.br\/loja\/wp-json\/wp\/v2\/product_tag?post=2250"}],"curies":[{"name":"wp","href":"https:\/\/api.w.org\/{rel}","templated":true}]}}