{"id":2314,"date":"2025-12-22T15:56:53","date_gmt":"2025-12-22T18:56:53","guid":{"rendered":"https:\/\/muitodoce.com.br\/loja\/produto\/nylon-100m\/"},"modified":"2026-04-14T05:43:36","modified_gmt":"2026-04-14T08:43:36","slug":"nylon-100m","status":"publish","type":"product","link":"https:\/\/muitodoce.com.br\/loja\/produto\/nylon-100m\/","title":{"rendered":"Nylon Transparente para Bal\u00f5es &#8211; 100m &#8211; 0,40mm e 0,70mm &#8211; Artpesca -Decora\u00e7\u00e3o de Pain\u00e9is e Arcos"},"content":{"rendered":"<p class=\"QN2lPu\">\u2728 Linha Transparente de Nylon \u2013 100 Metros Ideal para bal\u00f5es, decora\u00e7\u00f5es e artesanato! Leve, resistente e quase invis\u00edvel \u2013 perfeita para decora\u00e7\u00f5es discretas!<\/p>\n<p class=\"QN2lPu\"><strong>Caracter\u00edsticas:<\/strong><\/p>\n<ul>\n<li class=\"QN2lPu\"><strong>Comprimento total<\/strong>: 100 metros;<\/li>\n<li class=\"QN2lPu\"><strong>Di\u00e2metros dispon\u00edveis<\/strong>: 0,40mm \u2192 resist\u00eancia de at\u00e9 8,7 kg | 0,70mm \u2192 resist\u00eancia de at\u00e9 23,8 kg;<\/li>\n<li class=\"QN2lPu\"><strong>Composi\u00e7\u00e3o<\/strong>: 100% Poliamida;<\/li>\n<li class=\"QN2lPu\"><strong>Usos indicados<\/strong>: Suspens\u00e3o de bal\u00f5es (efeito &#8220;flutuante&#8221;) | Arcos, guirlandas e pain\u00e9is; | Trabalhos de artesanato e DIY.<\/li>\n<\/ul>\n<p class=\"QN2lPu\"><strong>Avisos importantes:<\/strong><\/p>\n<ol>\n<li class=\"QN2lPu\">Respeite a carga m\u00e1xima indicada para evitar rompimentos.<\/li>\n<li class=\"QN2lPu\">Guarde em local seco e protegido do sol.<\/li>\n<li class=\"QN2lPu\">N\u00e3o utilize para fins que exijam resist\u00eancia acima do especificado.<\/li>\n<\/ol>\n","protected":false},"excerpt":{"rendered":"<p>\u2728 Linha Transparente de Nylon \u2013 100 Metros Ideal para bal\u00f5es, decora\u00e7\u00f5es e artesanato! Leve, resistente e quase invis\u00edvel \u2013 perfeita para decora\u00e7\u00f5es discretas! Caracter\u00edsticas: Comprimento total: 100 metros; Di\u00e2metros dispon\u00edveis: 0,40mm \u2192 resist\u00eancia de at\u00e9 8,7 kg | 0,70mm \u2192 resist\u00eancia de at\u00e9 23,8 kg; Composi\u00e7\u00e3o: 100% Poliamida; Usos indicados: Suspens\u00e3o de bal\u00f5es (efeito [&hellip;]<\/p>\n","protected":false},"featured_media":2319,"template":"","meta":{"_et_pb_use_builder":"","_et_pb_old_content":"","_et_gb_content_width":""},"product_brand":[339],"product_cat":[213,338],"product_tag":[],"class_list":{"0":"post-2314","1":"product","2":"type-product","3":"status-publish","4":"has-post-thumbnail","6":"product_brand-artpesca","7":"product_cat-artigos-para-festa","8":"product_cat-fitas-e-linhas","9":"pa_diametro-336","10":"pa_diametro-337","12":"first","13":"instock","14":"taxable","15":"shipping-taxable","16":"purchasable","17":"product-type-variable"},"yoast_head":"<!-- This site is optimized with the Yoast SEO plugin v27.3 - https:\/\/yoast.com\/product\/yoast-seo-wordpress\/ -->\n<title>Nylon Transparente para Bal\u00f5es - 100m - 0,40mm e 0,70mm - Artpesca -Decora\u00e7\u00e3o de Pain\u00e9is e Arcos - Muito Doce<\/title>\n<meta name=\"robots\" content=\"index, follow, max-snippet:-1, max-image-preview:large, max-video-preview:-1\" \/>\n<link rel=\"canonical\" href=\"https:\/\/muitodoce.com.br\/loja\/produto\/nylon-100m\/\" \/>\n<meta property=\"og:locale\" content=\"pt_BR\" \/>\n<meta property=\"og:type\" content=\"article\" \/>\n<meta property=\"og:title\" content=\"Nylon Transparente para Bal\u00f5es - 100m - 0,40mm e 0,70mm - Artpesca -Decora\u00e7\u00e3o de Pain\u00e9is e Arcos - Muito Doce\" \/>\n<meta property=\"og:description\" content=\"\u2728 Linha Transparente de Nylon \u2013 100 Metros Ideal para bal\u00f5es, decora\u00e7\u00f5es e artesanato! Leve, resistente e quase invis\u00edvel \u2013 perfeita para decora\u00e7\u00f5es discretas! Caracter\u00edsticas: Comprimento total: 100 metros; Di\u00e2metros dispon\u00edveis: 0,40mm \u2192 resist\u00eancia de at\u00e9 8,7 kg | 0,70mm \u2192 resist\u00eancia de at\u00e9 23,8 kg; Composi\u00e7\u00e3o: 100% Poliamida; Usos indicados: Suspens\u00e3o de bal\u00f5es (efeito [&hellip;]\" \/>\n<meta property=\"og:url\" content=\"https:\/\/muitodoce.com.br\/loja\/produto\/nylon-100m\/\" \/>\n<meta property=\"og:site_name\" content=\"Muito Doce\" \/>\n<meta property=\"article:modified_time\" content=\"2026-04-14T08:43:36+00:00\" \/>\n<meta property=\"og:image\" content=\"https:\/\/muitodoce.com.br\/loja\/wp-content\/uploads\/2025\/12\/CAPAS-PRODUTOS-PBALAO.jpg\" \/>\n\t<meta property=\"og:image:width\" content=\"1024\" \/>\n\t<meta property=\"og:image:height\" content=\"1024\" \/>\n\t<meta property=\"og:image:type\" content=\"image\/jpeg\" \/>\n<meta name=\"twitter:card\" content=\"summary_large_image\" \/>\n<meta name=\"twitter:label1\" content=\"Est. tempo de leitura\" \/>\n\t<meta name=\"twitter:data1\" content=\"1 minuto\" \/>\n<script type=\"application\/ld+json\" class=\"yoast-schema-graph\">{\"@context\":\"https:\\\/\\\/schema.org\",\"@graph\":[{\"@type\":\"WebPage\",\"@id\":\"https:\\\/\\\/muitodoce.com.br\\\/loja\\\/produto\\\/nylon-100m\\\/\",\"url\":\"https:\\\/\\\/muitodoce.com.br\\\/loja\\\/produto\\\/nylon-100m\\\/\",\"name\":\"Nylon Transparente para Bal\u00f5es - 100m - 0,40mm e 0,70mm - Artpesca -Decora\u00e7\u00e3o de Pain\u00e9is e Arcos - Muito Doce\",\"isPartOf\":{\"@id\":\"https:\\\/\\\/muitodoce.com.br\\\/loja\\\/#website\"},\"primaryImageOfPage\":{\"@id\":\"https:\\\/\\\/muitodoce.com.br\\\/loja\\\/produto\\\/nylon-100m\\\/#primaryimage\"},\"image\":{\"@id\":\"https:\\\/\\\/muitodoce.com.br\\\/loja\\\/produto\\\/nylon-100m\\\/#primaryimage\"},\"thumbnailUrl\":\"https:\\\/\\\/muitodoce.com.br\\\/loja\\\/wp-content\\\/uploads\\\/2025\\\/12\\\/CAPAS-PRODUTOS-PBALAO.jpg\",\"datePublished\":\"2025-12-22T18:56:53+00:00\",\"dateModified\":\"2026-04-14T08:43:36+00:00\",\"breadcrumb\":{\"@id\":\"https:\\\/\\\/muitodoce.com.br\\\/loja\\\/produto\\\/nylon-100m\\\/#breadcrumb\"},\"inLanguage\":\"pt-BR\",\"potentialAction\":[{\"@type\":\"ReadAction\",\"target\":[\"https:\\\/\\\/muitodoce.com.br\\\/loja\\\/produto\\\/nylon-100m\\\/\"]}]},{\"@type\":\"ImageObject\",\"inLanguage\":\"pt-BR\",\"@id\":\"https:\\\/\\\/muitodoce.com.br\\\/loja\\\/produto\\\/nylon-100m\\\/#primaryimage\",\"url\":\"https:\\\/\\\/muitodoce.com.br\\\/loja\\\/wp-content\\\/uploads\\\/2025\\\/12\\\/CAPAS-PRODUTOS-PBALAO.jpg\",\"contentUrl\":\"https:\\\/\\\/muitodoce.com.br\\\/loja\\\/wp-content\\\/uploads\\\/2025\\\/12\\\/CAPAS-PRODUTOS-PBALAO.jpg\",\"width\":1024,\"height\":1024},{\"@type\":\"BreadcrumbList\",\"@id\":\"https:\\\/\\\/muitodoce.com.br\\\/loja\\\/produto\\\/nylon-100m\\\/#breadcrumb\",\"itemListElement\":[{\"@type\":\"ListItem\",\"position\":1,\"name\":\"In\u00edcio\",\"item\":\"https:\\\/\\\/muitodoce.com.br\\\/loja\\\/\"},{\"@type\":\"ListItem\",\"position\":2,\"name\":\"Loja\",\"item\":\"https:\\\/\\\/muitodoce.com.br\\\/loja\\\/loja\\\/\"},{\"@type\":\"ListItem\",\"position\":3,\"name\":\"Nylon Transparente para Bal\u00f5es &#8211; 100m &#8211; 0,40mm e 0,70mm &#8211; Artpesca -Decora\u00e7\u00e3o de Pain\u00e9is e Arcos\"}]},{\"@type\":\"WebSite\",\"@id\":\"https:\\\/\\\/muitodoce.com.br\\\/loja\\\/#website\",\"url\":\"https:\\\/\\\/muitodoce.com.br\\\/loja\\\/\",\"name\":\"Muito Doce\",\"description\":\"Doces e Artigos para Festas\",\"potentialAction\":[{\"@type\":\"SearchAction\",\"target\":{\"@type\":\"EntryPoint\",\"urlTemplate\":\"https:\\\/\\\/muitodoce.com.br\\\/loja\\\/?s={search_term_string}\"},\"query-input\":{\"@type\":\"PropertyValueSpecification\",\"valueRequired\":true,\"valueName\":\"search_term_string\"}}],\"inLanguage\":\"pt-BR\"}]}<\/script>\n<!-- \/ Yoast SEO plugin. -->","yoast_head_json":{"title":"Nylon Transparente para Bal\u00f5es - 100m - 0,40mm e 0,70mm - Artpesca -Decora\u00e7\u00e3o de Pain\u00e9is e Arcos - Muito Doce","robots":{"index":"index","follow":"follow","max-snippet":"max-snippet:-1","max-image-preview":"max-image-preview:large","max-video-preview":"max-video-preview:-1"},"canonical":"https:\/\/muitodoce.com.br\/loja\/produto\/nylon-100m\/","og_locale":"pt_BR","og_type":"article","og_title":"Nylon Transparente para Bal\u00f5es - 100m - 0,40mm e 0,70mm - Artpesca -Decora\u00e7\u00e3o de Pain\u00e9is e Arcos - Muito Doce","og_description":"\u2728 Linha Transparente de Nylon \u2013 100 Metros Ideal para bal\u00f5es, decora\u00e7\u00f5es e artesanato! Leve, resistente e quase invis\u00edvel \u2013 perfeita para decora\u00e7\u00f5es discretas! Caracter\u00edsticas: Comprimento total: 100 metros; Di\u00e2metros dispon\u00edveis: 0,40mm \u2192 resist\u00eancia de at\u00e9 8,7 kg | 0,70mm \u2192 resist\u00eancia de at\u00e9 23,8 kg; Composi\u00e7\u00e3o: 100% Poliamida; Usos indicados: Suspens\u00e3o de bal\u00f5es (efeito [&hellip;]","og_url":"https:\/\/muitodoce.com.br\/loja\/produto\/nylon-100m\/","og_site_name":"Muito Doce","article_modified_time":"2026-04-14T08:43:36+00:00","og_image":[{"width":1024,"height":1024,"url":"https:\/\/muitodoce.com.br\/loja\/wp-content\/uploads\/2025\/12\/CAPAS-PRODUTOS-PBALAO.jpg","type":"image\/jpeg"}],"twitter_card":"summary_large_image","twitter_misc":{"Est. tempo de leitura":"1 minuto"},"schema":{"@context":"https:\/\/schema.org","@graph":[{"@type":"WebPage","@id":"https:\/\/muitodoce.com.br\/loja\/produto\/nylon-100m\/","url":"https:\/\/muitodoce.com.br\/loja\/produto\/nylon-100m\/","name":"Nylon Transparente para Bal\u00f5es - 100m - 0,40mm e 0,70mm - Artpesca -Decora\u00e7\u00e3o de Pain\u00e9is e Arcos - Muito Doce","isPartOf":{"@id":"https:\/\/muitodoce.com.br\/loja\/#website"},"primaryImageOfPage":{"@id":"https:\/\/muitodoce.com.br\/loja\/produto\/nylon-100m\/#primaryimage"},"image":{"@id":"https:\/\/muitodoce.com.br\/loja\/produto\/nylon-100m\/#primaryimage"},"thumbnailUrl":"https:\/\/muitodoce.com.br\/loja\/wp-content\/uploads\/2025\/12\/CAPAS-PRODUTOS-PBALAO.jpg","datePublished":"2025-12-22T18:56:53+00:00","dateModified":"2026-04-14T08:43:36+00:00","breadcrumb":{"@id":"https:\/\/muitodoce.com.br\/loja\/produto\/nylon-100m\/#breadcrumb"},"inLanguage":"pt-BR","potentialAction":[{"@type":"ReadAction","target":["https:\/\/muitodoce.com.br\/loja\/produto\/nylon-100m\/"]}]},{"@type":"ImageObject","inLanguage":"pt-BR","@id":"https:\/\/muitodoce.com.br\/loja\/produto\/nylon-100m\/#primaryimage","url":"https:\/\/muitodoce.com.br\/loja\/wp-content\/uploads\/2025\/12\/CAPAS-PRODUTOS-PBALAO.jpg","contentUrl":"https:\/\/muitodoce.com.br\/loja\/wp-content\/uploads\/2025\/12\/CAPAS-PRODUTOS-PBALAO.jpg","width":1024,"height":1024},{"@type":"BreadcrumbList","@id":"https:\/\/muitodoce.com.br\/loja\/produto\/nylon-100m\/#breadcrumb","itemListElement":[{"@type":"ListItem","position":1,"name":"In\u00edcio","item":"https:\/\/muitodoce.com.br\/loja\/"},{"@type":"ListItem","position":2,"name":"Loja","item":"https:\/\/muitodoce.com.br\/loja\/loja\/"},{"@type":"ListItem","position":3,"name":"Nylon Transparente para Bal\u00f5es &#8211; 100m &#8211; 0,40mm e 0,70mm &#8211; Artpesca -Decora\u00e7\u00e3o de Pain\u00e9is e Arcos"}]},{"@type":"WebSite","@id":"https:\/\/muitodoce.com.br\/loja\/#website","url":"https:\/\/muitodoce.com.br\/loja\/","name":"Muito Doce","description":"Doces e Artigos para Festas","potentialAction":[{"@type":"SearchAction","target":{"@type":"EntryPoint","urlTemplate":"https:\/\/muitodoce.com.br\/loja\/?s={search_term_string}"},"query-input":{"@type":"PropertyValueSpecification","valueRequired":true,"valueName":"search_term_string"}}],"inLanguage":"pt-BR"}]}},"_links":{"self":[{"href":"https:\/\/muitodoce.com.br\/loja\/wp-json\/wp\/v2\/product\/2314","targetHints":{"allow":["GET"]}}],"collection":[{"href":"https:\/\/muitodoce.com.br\/loja\/wp-json\/wp\/v2\/product"}],"about":[{"href":"https:\/\/muitodoce.com.br\/loja\/wp-json\/wp\/v2\/types\/product"}],"wp:featuredmedia":[{"embeddable":true,"href":"https:\/\/muitodoce.com.br\/loja\/wp-json\/wp\/v2\/media\/2319"}],"wp:attachment":[{"href":"https:\/\/muitodoce.com.br\/loja\/wp-json\/wp\/v2\/media?parent=2314"}],"wp:term":[{"taxonomy":"product_brand","embeddable":true,"href":"https:\/\/muitodoce.com.br\/loja\/wp-json\/wp\/v2\/product_brand?post=2314"},{"taxonomy":"product_cat","embeddable":true,"href":"https:\/\/muitodoce.com.br\/loja\/wp-json\/wp\/v2\/product_cat?post=2314"},{"taxonomy":"product_tag","embeddable":true,"href":"https:\/\/muitodoce.com.br\/loja\/wp-json\/wp\/v2\/product_tag?post=2314"}],"curies":[{"name":"wp","href":"https:\/\/api.w.org\/{rel}","templated":true}]}}