{"id":2351,"date":"2026-01-09T10:26:56","date_gmt":"2026-01-09T13:26:56","guid":{"rendered":"https:\/\/muitodoce.com.br\/loja\/produto\/fitilho\/"},"modified":"2026-04-14T00:44:19","modified_gmt":"2026-04-14T03:44:19","slug":"fitilho","status":"publish","type":"product","link":"https:\/\/muitodoce.com.br\/loja\/produto\/fitilho\/","title":{"rendered":"Fitilho Amarrilho 300m Branco \u2013 Fita para Bal\u00f5es, Arcos, Artesanato, Guirlandas"},"content":{"rendered":"<p class=\"QN2lPu\">O segredo para montar arcos de bal\u00f5es firmes e profissionais! Ideal para quem trabalha com decora\u00e7\u00e3o de festas. Produzido com poliolefinas, ele \u00e9 resistente, leve e f\u00e1cil de manusear \u2014 perfeito para amarrar bal\u00f5es, criar arcos, la\u00e7os decorativos e trabalhos de artesanato em geral.<\/p>\n<p class=\"QN2lPu\"><strong>\u00a0Caracter\u00edsticas:<\/strong><\/p>\n<ul>\n<li class=\"QN2lPu\">\u00a0<strong>Cor:<\/strong> Branco;<\/li>\n<li class=\"QN2lPu\"><strong>Comprimento<\/strong>: 300 metros;<\/li>\n<li class=\"QN2lPu\"><strong>Composi\u00e7\u00e3o<\/strong>: Poliolefinas;<\/li>\n<li class=\"QN2lPu\"><strong>Rolo compacto, rende bastante.<\/strong><\/li>\n<\/ul>\n<p class=\"QN2lPu\">\u2728 Indicado especialmente para:<\/p>\n<p class=\"QN2lPu\">Montagem de arcos e guirlandas de bal\u00f5es. Amarra\u00e7\u00e3o e acabamento em arranjos. La\u00e7os para lembrancinhas e presentes. Artesanato e uso criativo.<\/p>\n","protected":false},"excerpt":{"rendered":"<p>O segredo para montar arcos de bal\u00f5es firmes e profissionais! Ideal para quem trabalha com decora\u00e7\u00e3o de festas. Produzido com poliolefinas, ele \u00e9 resistente, leve e f\u00e1cil de manusear \u2014 perfeito para amarrar bal\u00f5es, criar arcos, la\u00e7os decorativos e trabalhos de artesanato em geral. \u00a0Caracter\u00edsticas: \u00a0Cor: Branco; Comprimento: 300 metros; Composi\u00e7\u00e3o: Poliolefinas; Rolo compacto, rende [&hellip;]<\/p>\n","protected":false},"featured_media":2365,"template":"","meta":{"_et_pb_use_builder":"","_et_pb_old_content":"","_et_gb_content_width":""},"product_brand":[341],"product_cat":[213,23,248,338],"product_tag":[],"class_list":{"0":"post-2351","1":"product","2":"type-product","3":"status-publish","4":"has-post-thumbnail","6":"product_brand-aquarela-fitas","7":"product_cat-artigos-para-festa","8":"product_cat-baloes","9":"product_cat-fita-para-arco","10":"product_cat-fitas-e-linhas","11":"pa_cor-branco","12":"pa_tamanho-300m","14":"first","15":"instock","16":"taxable","17":"shipping-taxable","18":"purchasable","19":"product-type-variable"},"yoast_head":"<!-- This site is optimized with the Yoast SEO plugin v27.3 - https:\/\/yoast.com\/product\/yoast-seo-wordpress\/ -->\n<title>Fitilho Amarrilho 300m Branco \u2013 Fita para Bal\u00f5es, Arcos, Artesanato, Guirlandas - Muito Doce<\/title>\n<meta name=\"robots\" content=\"index, follow, max-snippet:-1, max-image-preview:large, max-video-preview:-1\" \/>\n<link rel=\"canonical\" href=\"https:\/\/muitodoce.com.br\/loja\/produto\/fitilho\/\" \/>\n<meta property=\"og:locale\" content=\"pt_BR\" \/>\n<meta property=\"og:type\" content=\"article\" \/>\n<meta property=\"og:title\" content=\"Fitilho Amarrilho 300m Branco \u2013 Fita para Bal\u00f5es, Arcos, Artesanato, Guirlandas - Muito Doce\" \/>\n<meta property=\"og:description\" content=\"O segredo para montar arcos de bal\u00f5es firmes e profissionais! Ideal para quem trabalha com decora\u00e7\u00e3o de festas. Produzido com poliolefinas, ele \u00e9 resistente, leve e f\u00e1cil de manusear \u2014 perfeito para amarrar bal\u00f5es, criar arcos, la\u00e7os decorativos e trabalhos de artesanato em geral. \u00a0Caracter\u00edsticas: \u00a0Cor: Branco; Comprimento: 300 metros; Composi\u00e7\u00e3o: Poliolefinas; Rolo compacto, rende [&hellip;]\" \/>\n<meta property=\"og:url\" content=\"https:\/\/muitodoce.com.br\/loja\/produto\/fitilho\/\" \/>\n<meta property=\"og:site_name\" content=\"Muito Doce\" \/>\n<meta property=\"article:modified_time\" content=\"2026-04-14T03:44:19+00:00\" \/>\n<meta property=\"og:image\" content=\"https:\/\/muitodoce.com.br\/loja\/wp-content\/uploads\/2026\/01\/CAPAS-PRODUTOS-PBALAO-3.jpg\" \/>\n\t<meta property=\"og:image:width\" content=\"1024\" \/>\n\t<meta property=\"og:image:height\" content=\"1024\" \/>\n\t<meta property=\"og:image:type\" content=\"image\/jpeg\" \/>\n<meta name=\"twitter:card\" content=\"summary_large_image\" \/>\n<meta name=\"twitter:label1\" content=\"Est. tempo de leitura\" \/>\n\t<meta name=\"twitter:data1\" content=\"1 minuto\" \/>\n<script type=\"application\/ld+json\" class=\"yoast-schema-graph\">{\"@context\":\"https:\\\/\\\/schema.org\",\"@graph\":[{\"@type\":\"WebPage\",\"@id\":\"https:\\\/\\\/muitodoce.com.br\\\/loja\\\/produto\\\/fitilho\\\/\",\"url\":\"https:\\\/\\\/muitodoce.com.br\\\/loja\\\/produto\\\/fitilho\\\/\",\"name\":\"Fitilho Amarrilho 300m Branco \u2013 Fita para Bal\u00f5es, Arcos, Artesanato, Guirlandas - Muito Doce\",\"isPartOf\":{\"@id\":\"https:\\\/\\\/muitodoce.com.br\\\/loja\\\/#website\"},\"primaryImageOfPage\":{\"@id\":\"https:\\\/\\\/muitodoce.com.br\\\/loja\\\/produto\\\/fitilho\\\/#primaryimage\"},\"image\":{\"@id\":\"https:\\\/\\\/muitodoce.com.br\\\/loja\\\/produto\\\/fitilho\\\/#primaryimage\"},\"thumbnailUrl\":\"https:\\\/\\\/muitodoce.com.br\\\/loja\\\/wp-content\\\/uploads\\\/2026\\\/01\\\/CAPAS-PRODUTOS-PBALAO-3.jpg\",\"datePublished\":\"2026-01-09T13:26:56+00:00\",\"dateModified\":\"2026-04-14T03:44:19+00:00\",\"breadcrumb\":{\"@id\":\"https:\\\/\\\/muitodoce.com.br\\\/loja\\\/produto\\\/fitilho\\\/#breadcrumb\"},\"inLanguage\":\"pt-BR\",\"potentialAction\":[{\"@type\":\"ReadAction\",\"target\":[\"https:\\\/\\\/muitodoce.com.br\\\/loja\\\/produto\\\/fitilho\\\/\"]}]},{\"@type\":\"ImageObject\",\"inLanguage\":\"pt-BR\",\"@id\":\"https:\\\/\\\/muitodoce.com.br\\\/loja\\\/produto\\\/fitilho\\\/#primaryimage\",\"url\":\"https:\\\/\\\/muitodoce.com.br\\\/loja\\\/wp-content\\\/uploads\\\/2026\\\/01\\\/CAPAS-PRODUTOS-PBALAO-3.jpg\",\"contentUrl\":\"https:\\\/\\\/muitodoce.com.br\\\/loja\\\/wp-content\\\/uploads\\\/2026\\\/01\\\/CAPAS-PRODUTOS-PBALAO-3.jpg\",\"width\":1024,\"height\":1024},{\"@type\":\"BreadcrumbList\",\"@id\":\"https:\\\/\\\/muitodoce.com.br\\\/loja\\\/produto\\\/fitilho\\\/#breadcrumb\",\"itemListElement\":[{\"@type\":\"ListItem\",\"position\":1,\"name\":\"In\u00edcio\",\"item\":\"https:\\\/\\\/muitodoce.com.br\\\/loja\\\/\"},{\"@type\":\"ListItem\",\"position\":2,\"name\":\"Loja\",\"item\":\"https:\\\/\\\/muitodoce.com.br\\\/loja\\\/loja\\\/\"},{\"@type\":\"ListItem\",\"position\":3,\"name\":\"Fitilho Amarrilho 300m Branco \u2013 Fita para Bal\u00f5es, Arcos, Artesanato, Guirlandas\"}]},{\"@type\":\"WebSite\",\"@id\":\"https:\\\/\\\/muitodoce.com.br\\\/loja\\\/#website\",\"url\":\"https:\\\/\\\/muitodoce.com.br\\\/loja\\\/\",\"name\":\"Muito Doce\",\"description\":\"Doces e Artigos para Festas\",\"potentialAction\":[{\"@type\":\"SearchAction\",\"target\":{\"@type\":\"EntryPoint\",\"urlTemplate\":\"https:\\\/\\\/muitodoce.com.br\\\/loja\\\/?s={search_term_string}\"},\"query-input\":{\"@type\":\"PropertyValueSpecification\",\"valueRequired\":true,\"valueName\":\"search_term_string\"}}],\"inLanguage\":\"pt-BR\"}]}<\/script>\n<!-- \/ Yoast SEO plugin. -->","yoast_head_json":{"title":"Fitilho Amarrilho 300m Branco \u2013 Fita para Bal\u00f5es, Arcos, Artesanato, Guirlandas - Muito Doce","robots":{"index":"index","follow":"follow","max-snippet":"max-snippet:-1","max-image-preview":"max-image-preview:large","max-video-preview":"max-video-preview:-1"},"canonical":"https:\/\/muitodoce.com.br\/loja\/produto\/fitilho\/","og_locale":"pt_BR","og_type":"article","og_title":"Fitilho Amarrilho 300m Branco \u2013 Fita para Bal\u00f5es, Arcos, Artesanato, Guirlandas - Muito Doce","og_description":"O segredo para montar arcos de bal\u00f5es firmes e profissionais! Ideal para quem trabalha com decora\u00e7\u00e3o de festas. Produzido com poliolefinas, ele \u00e9 resistente, leve e f\u00e1cil de manusear \u2014 perfeito para amarrar bal\u00f5es, criar arcos, la\u00e7os decorativos e trabalhos de artesanato em geral. \u00a0Caracter\u00edsticas: \u00a0Cor: Branco; Comprimento: 300 metros; Composi\u00e7\u00e3o: Poliolefinas; Rolo compacto, rende [&hellip;]","og_url":"https:\/\/muitodoce.com.br\/loja\/produto\/fitilho\/","og_site_name":"Muito Doce","article_modified_time":"2026-04-14T03:44:19+00:00","og_image":[{"width":1024,"height":1024,"url":"https:\/\/muitodoce.com.br\/loja\/wp-content\/uploads\/2026\/01\/CAPAS-PRODUTOS-PBALAO-3.jpg","type":"image\/jpeg"}],"twitter_card":"summary_large_image","twitter_misc":{"Est. tempo de leitura":"1 minuto"},"schema":{"@context":"https:\/\/schema.org","@graph":[{"@type":"WebPage","@id":"https:\/\/muitodoce.com.br\/loja\/produto\/fitilho\/","url":"https:\/\/muitodoce.com.br\/loja\/produto\/fitilho\/","name":"Fitilho Amarrilho 300m Branco \u2013 Fita para Bal\u00f5es, Arcos, Artesanato, Guirlandas - Muito Doce","isPartOf":{"@id":"https:\/\/muitodoce.com.br\/loja\/#website"},"primaryImageOfPage":{"@id":"https:\/\/muitodoce.com.br\/loja\/produto\/fitilho\/#primaryimage"},"image":{"@id":"https:\/\/muitodoce.com.br\/loja\/produto\/fitilho\/#primaryimage"},"thumbnailUrl":"https:\/\/muitodoce.com.br\/loja\/wp-content\/uploads\/2026\/01\/CAPAS-PRODUTOS-PBALAO-3.jpg","datePublished":"2026-01-09T13:26:56+00:00","dateModified":"2026-04-14T03:44:19+00:00","breadcrumb":{"@id":"https:\/\/muitodoce.com.br\/loja\/produto\/fitilho\/#breadcrumb"},"inLanguage":"pt-BR","potentialAction":[{"@type":"ReadAction","target":["https:\/\/muitodoce.com.br\/loja\/produto\/fitilho\/"]}]},{"@type":"ImageObject","inLanguage":"pt-BR","@id":"https:\/\/muitodoce.com.br\/loja\/produto\/fitilho\/#primaryimage","url":"https:\/\/muitodoce.com.br\/loja\/wp-content\/uploads\/2026\/01\/CAPAS-PRODUTOS-PBALAO-3.jpg","contentUrl":"https:\/\/muitodoce.com.br\/loja\/wp-content\/uploads\/2026\/01\/CAPAS-PRODUTOS-PBALAO-3.jpg","width":1024,"height":1024},{"@type":"BreadcrumbList","@id":"https:\/\/muitodoce.com.br\/loja\/produto\/fitilho\/#breadcrumb","itemListElement":[{"@type":"ListItem","position":1,"name":"In\u00edcio","item":"https:\/\/muitodoce.com.br\/loja\/"},{"@type":"ListItem","position":2,"name":"Loja","item":"https:\/\/muitodoce.com.br\/loja\/loja\/"},{"@type":"ListItem","position":3,"name":"Fitilho Amarrilho 300m Branco \u2013 Fita para Bal\u00f5es, Arcos, Artesanato, Guirlandas"}]},{"@type":"WebSite","@id":"https:\/\/muitodoce.com.br\/loja\/#website","url":"https:\/\/muitodoce.com.br\/loja\/","name":"Muito Doce","description":"Doces e Artigos para Festas","potentialAction":[{"@type":"SearchAction","target":{"@type":"EntryPoint","urlTemplate":"https:\/\/muitodoce.com.br\/loja\/?s={search_term_string}"},"query-input":{"@type":"PropertyValueSpecification","valueRequired":true,"valueName":"search_term_string"}}],"inLanguage":"pt-BR"}]}},"_links":{"self":[{"href":"https:\/\/muitodoce.com.br\/loja\/wp-json\/wp\/v2\/product\/2351","targetHints":{"allow":["GET"]}}],"collection":[{"href":"https:\/\/muitodoce.com.br\/loja\/wp-json\/wp\/v2\/product"}],"about":[{"href":"https:\/\/muitodoce.com.br\/loja\/wp-json\/wp\/v2\/types\/product"}],"wp:featuredmedia":[{"embeddable":true,"href":"https:\/\/muitodoce.com.br\/loja\/wp-json\/wp\/v2\/media\/2365"}],"wp:attachment":[{"href":"https:\/\/muitodoce.com.br\/loja\/wp-json\/wp\/v2\/media?parent=2351"}],"wp:term":[{"taxonomy":"product_brand","embeddable":true,"href":"https:\/\/muitodoce.com.br\/loja\/wp-json\/wp\/v2\/product_brand?post=2351"},{"taxonomy":"product_cat","embeddable":true,"href":"https:\/\/muitodoce.com.br\/loja\/wp-json\/wp\/v2\/product_cat?post=2351"},{"taxonomy":"product_tag","embeddable":true,"href":"https:\/\/muitodoce.com.br\/loja\/wp-json\/wp\/v2\/product_tag?post=2351"}],"curies":[{"name":"wp","href":"https:\/\/api.w.org\/{rel}","templated":true}]}}