{"id":2355,"date":"2026-01-09T10:37:08","date_gmt":"2026-01-09T13:37:08","guid":{"rendered":"https:\/\/muitodoce.com.br\/loja\/produto\/fixa-balao\/"},"modified":"2026-04-08T14:49:53","modified_gmt":"2026-04-08T17:49:53","slug":"fixa-balao","status":"publish","type":"product","link":"https:\/\/muitodoce.com.br\/loja\/produto\/fixa-balao\/","title":{"rendered":"Fixa Bal\u00e3o &#8211; 10 Unidades &#8211; Suporte Adesivo Para Decora\u00e7\u00e3o e Artesanato com Suspens\u00e3o"},"content":{"rendered":"<p class=\"QN2lPu\">O Fixa Bal\u00e3o \u00e9 a solu\u00e7\u00e3o perfeita para fixar bal\u00f5es, guirlandas, pain\u00e9is e outras decora\u00e7\u00f5es em pontos de f\u00e1cil ou dif\u00edcil acesso. Com sua ader\u00eancia forte e segura, permite instala\u00e7\u00f5es profissionais sem a necessidade de escadas ou ferramentas.<\/p>\n<p class=\"QN2lPu\"><strong>Caracter\u00edsticas:<\/strong><\/p>\n<ul>\n<li class=\"QN2lPu\"><strong>Cont\u00e9m:<\/strong>\u00a010 Unidades.<\/li>\n<li><strong>Capacidade:\u00a0 <\/strong>Suporta at\u00e9 1kg por unidade.<\/li>\n<li><strong>Composi\u00e7\u00e3o<\/strong>: PP Aglutinado<\/li>\n<li><strong>Marca<\/strong>: Bonus Infladores<\/li>\n<\/ul>\n<p>Dica: Limpe bem a superf\u00edcie antes de colar e evite tocar na parte interna do adesivo para n\u00e3o perder o efeito da cola.<\/p>\n","protected":false},"excerpt":{"rendered":"<p>O Fixa Bal\u00e3o \u00e9 a solu\u00e7\u00e3o perfeita para fixar bal\u00f5es, guirlandas, pain\u00e9is e outras decora\u00e7\u00f5es em pontos de f\u00e1cil ou dif\u00edcil acesso. Com sua ader\u00eancia forte e segura, permite instala\u00e7\u00f5es profissionais sem a necessidade de escadas ou ferramentas. Caracter\u00edsticas: Cont\u00e9m:\u00a010 Unidades. Capacidade:\u00a0 Suporta at\u00e9 1kg por unidade. Composi\u00e7\u00e3o: PP Aglutinado Marca: Bonus Infladores Dica: Limpe [&hellip;]<\/p>\n","protected":false},"featured_media":2371,"template":"","meta":{"_et_pb_use_builder":"","_et_pb_old_content":"","_et_gb_content_width":""},"product_brand":[342],"product_cat":[213,23,343],"product_tag":[],"class_list":{"0":"post-2355","1":"product","2":"type-product","3":"status-publish","4":"has-post-thumbnail","6":"product_brand-bonus-infladores","7":"product_cat-artigos-para-festa","8":"product_cat-baloes","9":"product_cat-fixa-balao","10":"pa_quantidade-10-unidades","11":"pa_quantidade-20-unidades","12":"pa_quantidade-30-unidades","14":"first","15":"instock","16":"taxable","17":"shipping-taxable","18":"purchasable","19":"product-type-variable"},"yoast_head":"<!-- This site is optimized with the Yoast SEO plugin v27.3 - https:\/\/yoast.com\/product\/yoast-seo-wordpress\/ -->\n<title>Fixa Bal\u00e3o - 10 Unidades - Suporte Adesivo Para Decora\u00e7\u00e3o e Artesanato com Suspens\u00e3o - Muito Doce<\/title>\n<meta name=\"robots\" content=\"index, follow, max-snippet:-1, max-image-preview:large, max-video-preview:-1\" \/>\n<link rel=\"canonical\" href=\"https:\/\/muitodoce.com.br\/loja\/produto\/fixa-balao\/\" \/>\n<meta property=\"og:locale\" content=\"pt_BR\" \/>\n<meta property=\"og:type\" content=\"article\" \/>\n<meta property=\"og:title\" content=\"Fixa Bal\u00e3o - 10 Unidades - Suporte Adesivo Para Decora\u00e7\u00e3o e Artesanato com Suspens\u00e3o - Muito Doce\" \/>\n<meta property=\"og:description\" content=\"O Fixa Bal\u00e3o \u00e9 a solu\u00e7\u00e3o perfeita para fixar bal\u00f5es, guirlandas, pain\u00e9is e outras decora\u00e7\u00f5es em pontos de f\u00e1cil ou dif\u00edcil acesso. Com sua ader\u00eancia forte e segura, permite instala\u00e7\u00f5es profissionais sem a necessidade de escadas ou ferramentas. Caracter\u00edsticas: Cont\u00e9m:\u00a010 Unidades. Capacidade:\u00a0 Suporta at\u00e9 1kg por unidade. Composi\u00e7\u00e3o: PP Aglutinado Marca: Bonus Infladores Dica: Limpe [&hellip;]\" \/>\n<meta property=\"og:url\" content=\"https:\/\/muitodoce.com.br\/loja\/produto\/fixa-balao\/\" \/>\n<meta property=\"og:site_name\" content=\"Muito Doce\" \/>\n<meta property=\"article:modified_time\" content=\"2026-04-08T17:49:53+00:00\" \/>\n<meta property=\"og:image\" content=\"https:\/\/muitodoce.com.br\/loja\/wp-content\/uploads\/2026\/01\/CAPA-FIXA-1.jpg\" \/>\n\t<meta property=\"og:image:width\" content=\"1024\" \/>\n\t<meta property=\"og:image:height\" content=\"1024\" \/>\n\t<meta property=\"og:image:type\" content=\"image\/jpeg\" \/>\n<meta name=\"twitter:card\" content=\"summary_large_image\" \/>\n<meta name=\"twitter:label1\" content=\"Est. tempo de leitura\" \/>\n\t<meta name=\"twitter:data1\" content=\"1 minuto\" \/>\n<script type=\"application\/ld+json\" class=\"yoast-schema-graph\">{\"@context\":\"https:\\\/\\\/schema.org\",\"@graph\":[{\"@type\":\"WebPage\",\"@id\":\"https:\\\/\\\/muitodoce.com.br\\\/loja\\\/produto\\\/fixa-balao\\\/\",\"url\":\"https:\\\/\\\/muitodoce.com.br\\\/loja\\\/produto\\\/fixa-balao\\\/\",\"name\":\"Fixa Bal\u00e3o - 10 Unidades - Suporte Adesivo Para Decora\u00e7\u00e3o e Artesanato com Suspens\u00e3o - Muito Doce\",\"isPartOf\":{\"@id\":\"https:\\\/\\\/muitodoce.com.br\\\/loja\\\/#website\"},\"primaryImageOfPage\":{\"@id\":\"https:\\\/\\\/muitodoce.com.br\\\/loja\\\/produto\\\/fixa-balao\\\/#primaryimage\"},\"image\":{\"@id\":\"https:\\\/\\\/muitodoce.com.br\\\/loja\\\/produto\\\/fixa-balao\\\/#primaryimage\"},\"thumbnailUrl\":\"https:\\\/\\\/muitodoce.com.br\\\/loja\\\/wp-content\\\/uploads\\\/2026\\\/01\\\/CAPA-FIXA-1.jpg\",\"datePublished\":\"2026-01-09T13:37:08+00:00\",\"dateModified\":\"2026-04-08T17:49:53+00:00\",\"breadcrumb\":{\"@id\":\"https:\\\/\\\/muitodoce.com.br\\\/loja\\\/produto\\\/fixa-balao\\\/#breadcrumb\"},\"inLanguage\":\"pt-BR\",\"potentialAction\":[{\"@type\":\"ReadAction\",\"target\":[\"https:\\\/\\\/muitodoce.com.br\\\/loja\\\/produto\\\/fixa-balao\\\/\"]}]},{\"@type\":\"ImageObject\",\"inLanguage\":\"pt-BR\",\"@id\":\"https:\\\/\\\/muitodoce.com.br\\\/loja\\\/produto\\\/fixa-balao\\\/#primaryimage\",\"url\":\"https:\\\/\\\/muitodoce.com.br\\\/loja\\\/wp-content\\\/uploads\\\/2026\\\/01\\\/CAPA-FIXA-1.jpg\",\"contentUrl\":\"https:\\\/\\\/muitodoce.com.br\\\/loja\\\/wp-content\\\/uploads\\\/2026\\\/01\\\/CAPA-FIXA-1.jpg\",\"width\":1024,\"height\":1024},{\"@type\":\"BreadcrumbList\",\"@id\":\"https:\\\/\\\/muitodoce.com.br\\\/loja\\\/produto\\\/fixa-balao\\\/#breadcrumb\",\"itemListElement\":[{\"@type\":\"ListItem\",\"position\":1,\"name\":\"In\u00edcio\",\"item\":\"https:\\\/\\\/muitodoce.com.br\\\/loja\\\/\"},{\"@type\":\"ListItem\",\"position\":2,\"name\":\"Loja\",\"item\":\"https:\\\/\\\/muitodoce.com.br\\\/loja\\\/loja\\\/\"},{\"@type\":\"ListItem\",\"position\":3,\"name\":\"Fixa Bal\u00e3o &#8211; 10 Unidades &#8211; Suporte Adesivo Para Decora\u00e7\u00e3o e Artesanato com Suspens\u00e3o\"}]},{\"@type\":\"WebSite\",\"@id\":\"https:\\\/\\\/muitodoce.com.br\\\/loja\\\/#website\",\"url\":\"https:\\\/\\\/muitodoce.com.br\\\/loja\\\/\",\"name\":\"Muito Doce\",\"description\":\"Doces e Artigos para Festas\",\"potentialAction\":[{\"@type\":\"SearchAction\",\"target\":{\"@type\":\"EntryPoint\",\"urlTemplate\":\"https:\\\/\\\/muitodoce.com.br\\\/loja\\\/?s={search_term_string}\"},\"query-input\":{\"@type\":\"PropertyValueSpecification\",\"valueRequired\":true,\"valueName\":\"search_term_string\"}}],\"inLanguage\":\"pt-BR\"}]}<\/script>\n<!-- \/ Yoast SEO plugin. -->","yoast_head_json":{"title":"Fixa Bal\u00e3o - 10 Unidades - Suporte Adesivo Para Decora\u00e7\u00e3o e Artesanato com Suspens\u00e3o - Muito Doce","robots":{"index":"index","follow":"follow","max-snippet":"max-snippet:-1","max-image-preview":"max-image-preview:large","max-video-preview":"max-video-preview:-1"},"canonical":"https:\/\/muitodoce.com.br\/loja\/produto\/fixa-balao\/","og_locale":"pt_BR","og_type":"article","og_title":"Fixa Bal\u00e3o - 10 Unidades - Suporte Adesivo Para Decora\u00e7\u00e3o e Artesanato com Suspens\u00e3o - Muito Doce","og_description":"O Fixa Bal\u00e3o \u00e9 a solu\u00e7\u00e3o perfeita para fixar bal\u00f5es, guirlandas, pain\u00e9is e outras decora\u00e7\u00f5es em pontos de f\u00e1cil ou dif\u00edcil acesso. Com sua ader\u00eancia forte e segura, permite instala\u00e7\u00f5es profissionais sem a necessidade de escadas ou ferramentas. Caracter\u00edsticas: Cont\u00e9m:\u00a010 Unidades. Capacidade:\u00a0 Suporta at\u00e9 1kg por unidade. Composi\u00e7\u00e3o: PP Aglutinado Marca: Bonus Infladores Dica: Limpe [&hellip;]","og_url":"https:\/\/muitodoce.com.br\/loja\/produto\/fixa-balao\/","og_site_name":"Muito Doce","article_modified_time":"2026-04-08T17:49:53+00:00","og_image":[{"width":1024,"height":1024,"url":"https:\/\/muitodoce.com.br\/loja\/wp-content\/uploads\/2026\/01\/CAPA-FIXA-1.jpg","type":"image\/jpeg"}],"twitter_card":"summary_large_image","twitter_misc":{"Est. tempo de leitura":"1 minuto"},"schema":{"@context":"https:\/\/schema.org","@graph":[{"@type":"WebPage","@id":"https:\/\/muitodoce.com.br\/loja\/produto\/fixa-balao\/","url":"https:\/\/muitodoce.com.br\/loja\/produto\/fixa-balao\/","name":"Fixa Bal\u00e3o - 10 Unidades - Suporte Adesivo Para Decora\u00e7\u00e3o e Artesanato com Suspens\u00e3o - Muito Doce","isPartOf":{"@id":"https:\/\/muitodoce.com.br\/loja\/#website"},"primaryImageOfPage":{"@id":"https:\/\/muitodoce.com.br\/loja\/produto\/fixa-balao\/#primaryimage"},"image":{"@id":"https:\/\/muitodoce.com.br\/loja\/produto\/fixa-balao\/#primaryimage"},"thumbnailUrl":"https:\/\/muitodoce.com.br\/loja\/wp-content\/uploads\/2026\/01\/CAPA-FIXA-1.jpg","datePublished":"2026-01-09T13:37:08+00:00","dateModified":"2026-04-08T17:49:53+00:00","breadcrumb":{"@id":"https:\/\/muitodoce.com.br\/loja\/produto\/fixa-balao\/#breadcrumb"},"inLanguage":"pt-BR","potentialAction":[{"@type":"ReadAction","target":["https:\/\/muitodoce.com.br\/loja\/produto\/fixa-balao\/"]}]},{"@type":"ImageObject","inLanguage":"pt-BR","@id":"https:\/\/muitodoce.com.br\/loja\/produto\/fixa-balao\/#primaryimage","url":"https:\/\/muitodoce.com.br\/loja\/wp-content\/uploads\/2026\/01\/CAPA-FIXA-1.jpg","contentUrl":"https:\/\/muitodoce.com.br\/loja\/wp-content\/uploads\/2026\/01\/CAPA-FIXA-1.jpg","width":1024,"height":1024},{"@type":"BreadcrumbList","@id":"https:\/\/muitodoce.com.br\/loja\/produto\/fixa-balao\/#breadcrumb","itemListElement":[{"@type":"ListItem","position":1,"name":"In\u00edcio","item":"https:\/\/muitodoce.com.br\/loja\/"},{"@type":"ListItem","position":2,"name":"Loja","item":"https:\/\/muitodoce.com.br\/loja\/loja\/"},{"@type":"ListItem","position":3,"name":"Fixa Bal\u00e3o &#8211; 10 Unidades &#8211; Suporte Adesivo Para Decora\u00e7\u00e3o e Artesanato com Suspens\u00e3o"}]},{"@type":"WebSite","@id":"https:\/\/muitodoce.com.br\/loja\/#website","url":"https:\/\/muitodoce.com.br\/loja\/","name":"Muito Doce","description":"Doces e Artigos para Festas","potentialAction":[{"@type":"SearchAction","target":{"@type":"EntryPoint","urlTemplate":"https:\/\/muitodoce.com.br\/loja\/?s={search_term_string}"},"query-input":{"@type":"PropertyValueSpecification","valueRequired":true,"valueName":"search_term_string"}}],"inLanguage":"pt-BR"}]}},"_links":{"self":[{"href":"https:\/\/muitodoce.com.br\/loja\/wp-json\/wp\/v2\/product\/2355","targetHints":{"allow":["GET"]}}],"collection":[{"href":"https:\/\/muitodoce.com.br\/loja\/wp-json\/wp\/v2\/product"}],"about":[{"href":"https:\/\/muitodoce.com.br\/loja\/wp-json\/wp\/v2\/types\/product"}],"wp:featuredmedia":[{"embeddable":true,"href":"https:\/\/muitodoce.com.br\/loja\/wp-json\/wp\/v2\/media\/2371"}],"wp:attachment":[{"href":"https:\/\/muitodoce.com.br\/loja\/wp-json\/wp\/v2\/media?parent=2355"}],"wp:term":[{"taxonomy":"product_brand","embeddable":true,"href":"https:\/\/muitodoce.com.br\/loja\/wp-json\/wp\/v2\/product_brand?post=2355"},{"taxonomy":"product_cat","embeddable":true,"href":"https:\/\/muitodoce.com.br\/loja\/wp-json\/wp\/v2\/product_cat?post=2355"},{"taxonomy":"product_tag","embeddable":true,"href":"https:\/\/muitodoce.com.br\/loja\/wp-json\/wp\/v2\/product_tag?post=2355"}],"curies":[{"name":"wp","href":"https:\/\/api.w.org\/{rel}","templated":true}]}}